{"id":695353,"date":"2025-08-27T14:28:04","date_gmt":"2025-08-27T11:28:04","guid":{"rendered":"https:\/\/roveyayinevi.com.tr\/index.php\/urun\/agaca-tuneyen-sweeny\/"},"modified":"2026-04-16T02:05:07","modified_gmt":"2026-04-15T23:05:07","slug":"agaca-tuneyen-sweeny","status":"publish","type":"product","link":"https:\/\/roveyayinevi.com.tr\/index.php\/urun\/agaca-tuneyen-sweeny\/","title":{"rendered":"A\u011faca T\u00fcneyen Sweeny"},"content":{"rendered":"<p>\u0130rlanda k\u00fclt\u00fcr\u00fc hakk\u0131nda alabildi\u011fine komik bir parodi olarak da okunan A\u011faca T\u00fcneyen Sweeny, pinti amcas\u0131yla birlikte Dublin\u2019de ya\u015fayan miskin ve derbeder bir \u00fcniversite \u00f6\u011frencisinin \u00f6yk\u00fcs\u00fcn\u00fc anlat\u0131yor. Dublin sokaklar\u0131nda aylakl\u0131k eden, f\u0131rsat bulduk\u00e7a kafa \u00e7eken, ahbaplar\u0131yla felsefi ve edebi konularda sohbet etmeyi seven bu gen\u00e7, vaktinin \u00e7o\u011funu yata\u011f\u0131nda okumakla ya da roman\u0131n\u0131 yazmakla ge\u00e7irir. Yazmakta oldu\u011fu romanda, kendisi gibi yata\u011f\u0131na d\u00fc\u015fk\u00fcn, tuhaf m\u0131 tuhaf bir yazar olan ba\u015fkarakter Trellis de bir roman yazmaktad\u0131r. Trellis\u2019in yaratt\u0131\u011f\u0131 ve di\u011fer yazarlardan \u00f6d\u00fcn\u00e7 ald\u0131\u011f\u0131 kurgu karakterler zaman i\u00e7inde kontrolden \u00e7\u0131k\u0131p ba\u015fkald\u0131rarak k\u00f6t\u00fc yazarl\u0131\u011f\u0131n\u0131n bedelini ona fena \u00f6detirler&#8230;   Flann O\u2019Brien\u2019\u0131n \u00e7\u0131lg\u0131n zek\u00e2s\u0131 ile \u0130rlandal\u0131lara \u00f6zg\u00fc hiciv ve espri anlay\u0131\u015f\u0131n\u0131n adeta dizginlerinden bo\u015fanm\u0131\u015f\u00e7as\u0131na dans etti\u011fi; grotesk, kara mizah, mitoloji ve en saf haliyle sa\u00e7mal\u0131\u011f\u0131n ba\u015f d\u00f6nd\u00fcr\u00fcc\u00fc bir \u015fekilde harmanland\u0131\u011f\u0131 A\u011faca T\u00fcneyen Sweeny, t\u00fcm bunlar\u0131n yan\u0131 s\u0131ra, Joyce\u2019un Ulysses\u2019te yapt\u0131\u011f\u0131 gibi benzersiz bir Dublin betimlemesi sunuyor.   Hakiki bir mizah duygusuna sahip, ger\u00e7ek bir yazar. James Joyce<\/p>\n","protected":false},"excerpt":{"rendered":"<p>\u0130rlanda k\u00fclt\u00fcr\u00fc hakk\u0131nda alabildi\u011fine komik bir parodi olarak da okunan A\u011faca T\u00fcneyen Sweeny, pinti amcas\u0131yla birlikte Dublin\u2019de ya\u015fayan miskin ve derbeder bir \u00fcniversite \u00f6\u011frencisinin \u00f6yk\u00fcs\u00fcn\u00fc anlat\u0131yor.<span class=\"excerpt-hellip\"> [\u2026]<\/span><\/p>\n","protected":false},"featured_media":0,"template":"","meta":{"_monsterinsights_skip_tracking":false,"_monsterinsights_sitenote_active":false,"_monsterinsights_sitenote_note":"","_monsterinsights_sitenote_category":0},"product_brand":[],"product_cat":[12291,14825],"product_tag":[],"class_list":{"0":"post-695353","1":"product","2":"type-product","3":"status-publish","5":"product_cat-edebiyat","6":"product_cat-mizah","7":"pa_cilt-ciltsiz","8":"pa_tur-kitap","9":"pa_yayinevi-everest-yayinlari","10":"pa_yazar-flann-obrien","12":"first","13":"instock","14":"sale","15":"shipping-taxable","16":"purchasable","17":"product-type-simple"},"_links":{"self":[{"href":"https:\/\/roveyayinevi.com.tr\/index.php\/wp-json\/wp\/v2\/product\/695353","targetHints":{"allow":["GET"]}}],"collection":[{"href":"https:\/\/roveyayinevi.com.tr\/index.php\/wp-json\/wp\/v2\/product"}],"about":[{"href":"https:\/\/roveyayinevi.com.tr\/index.php\/wp-json\/wp\/v2\/types\/product"}],"wp:attachment":[{"href":"https:\/\/roveyayinevi.com.tr\/index.php\/wp-json\/wp\/v2\/media?parent=695353"}],"wp:term":[{"taxonomy":"product_brand","embeddable":true,"href":"https:\/\/roveyayinevi.com.tr\/index.php\/wp-json\/wp\/v2\/product_brand?post=695353"},{"taxonomy":"product_cat","embeddable":true,"href":"https:\/\/roveyayinevi.com.tr\/index.php\/wp-json\/wp\/v2\/product_cat?post=695353"},{"taxonomy":"product_tag","embeddable":true,"href":"https:\/\/roveyayinevi.com.tr\/index.php\/wp-json\/wp\/v2\/product_tag?post=695353"}],"curies":[{"name":"wp","href":"https:\/\/api.w.org\/{rel}","templated":true}]}}