{"id":695343,"date":"2025-08-27T14:28:01","date_gmt":"2025-08-27T11:28:01","guid":{"rendered":"https:\/\/roveyayinevi.com.tr\/index.php\/urun\/turk-kimligi-ve-travma\/"},"modified":"2026-04-16T02:05:07","modified_gmt":"2026-04-15T23:05:07","slug":"turk-kimligi-ve-travma","status":"publish","type":"product","link":"https:\/\/roveyayinevi.com.tr\/index.php\/urun\/turk-kimligi-ve-travma\/","title":{"rendered":"T\u00fcrk Kimli\u011fi ve Travma"},"content":{"rendered":"<p>T\u00fcrkiye b\u00fcy\u00fck bir imparatorlu\u011fun oldu\u011fu kadar b\u00fcy\u00fck ac\u0131lar\u0131n ve trajedilerin de bakiyesidir. Bug\u00fcnk\u00fc T\u00fcrkiye\u2019de ya\u015fayanlar\u0131n atalar\u0131, \u201cmuhte\u015fem\u201d bir imparatorlu\u011fu kaybetmekle kalmam\u0131\u015f di\u015fleriyle ve t\u0131rnaklar\u0131yla \u00d6n Asya topraklar\u0131na tutunman\u0131n ac\u0131 bedellerini de \u00f6demi\u015flerdir. Viyana Ku\u015fatmas\u0131\u2019yla ba\u015flayan 240 y\u0131ll\u0131k s\u00fcre\u00e7te ya\u015fanan yenilgiler serisi ve etkisi anla\u015f\u0131lmadan T\u00fcrk kimli\u011finin anla\u015f\u0131lamayaca\u011f\u0131 a\u00e7\u0131kt\u0131r. S\u00fcreklilik kazanan sava\u015flar, ya\u015fanan yenilgiler, g\u00f6\u00e7ler ve ac\u0131lar ma\u011frur bir halk\u0131 ma\u011fdur h\u00e2le getirmi\u015ftir. T\u00fcrk milletinin kolektif bilin\u00e7alt\u0131 \u015fanla, \u015f\u00f6hretle, zaferle ve sevin\u00e7le oldu\u011fu kadar yenilgi, hezimet, ihanet, g\u00f6\u00e7, zul\u00fcm ve kederle de a\u011fz\u0131na kadar doludur. Bu anlamda T\u00fcrk milletinin toplumsal kimli\u011finin, ya\u015fanan travmalar taraf\u0131ndan bi\u00e7imlendirildi\u011fi g\u00f6z ard\u0131 edilmemelidir. Bu \u00e7al\u0131\u015fma, \u0130ki as\u0131r s\u00fcren \u00e7\u00f6k\u00fc\u015f\u00fcn ve g\u00f6\u00e7\u00fcn zaman i\u00e7inde neden oldu\u011fu \u00e7\u00f6z\u00fclmeleri ve bununla birlikte bir ba\u015fka bi\u00e7imde ba\u011flanmalar\u0131 anlamak da bir pusula vazifesi g\u00f6rmektedir.   Ge\u00e7mi\u015fin toplumlar ve insanlar \u00fczerindeki izleri, o toplumu ve etkilenen insan\u0131 kendi tarihiyle y\u00fczle\u015ftirir. Bu y\u00fczle\u015fme bir korkuya d\u00f6n\u00fc\u015f\u00fcr ve bir travmaya sebep olur, bu travma o toplumu adeta esir al\u0131r. Bunun i\u00e7in tarihi, kendi kurallar\u0131, yani tarih metodolojisi ad\u0131n\u0131 verdi\u011fimiz kurallar \u00e7er\u00e7evesinde de\u011ferlendirmek, ara\u015ft\u0131rmak gerekir. Prof.Dr. \u00d6zcan Yeni\u00e7eri bu \u00e7al\u0131\u015fmas\u0131yla bunu ger\u00e7ekle\u015ftirmi\u015ftir. <\/p>\n","protected":false},"excerpt":{"rendered":"<p>T\u00fcrkiye b\u00fcy\u00fck bir imparatorlu\u011fun oldu\u011fu kadar b\u00fcy\u00fck ac\u0131lar\u0131n ve trajedilerin de bakiyesidir. Bug\u00fcnk\u00fc T\u00fcrkiye\u2019de ya\u015fayanlar\u0131n atalar\u0131, \u201cmuhte\u015fem\u201d bir imparatorlu\u011fu kaybetmekle kalmam\u0131\u015f di\u015fleriyle ve t\u0131rnaklar\u0131yla \u00d6n Asya<span class=\"excerpt-hellip\"> [\u2026]<\/span><\/p>\n","protected":false},"featured_media":0,"template":"","meta":{"_monsterinsights_skip_tracking":false,"_monsterinsights_sitenote_active":false,"_monsterinsights_sitenote_note":"","_monsterinsights_sitenote_category":0},"product_brand":[],"product_cat":[13590,12337],"product_tag":[],"class_list":{"0":"post-695343","1":"product","2":"type-product","3":"status-publish","5":"product_cat-arastirma-inceleme-politika-siyaset","6":"product_cat-politika-siyaset","7":"pa_cilt-ciltsiz","8":"pa_tur-kitap","9":"pa_yayinevi-kripto-basim-yayin","10":"pa_yazar-ozcan-yeniceri","12":"first","13":"instock","14":"sale","15":"shipping-taxable","16":"purchasable","17":"product-type-simple"},"_links":{"self":[{"href":"https:\/\/roveyayinevi.com.tr\/index.php\/wp-json\/wp\/v2\/product\/695343","targetHints":{"allow":["GET"]}}],"collection":[{"href":"https:\/\/roveyayinevi.com.tr\/index.php\/wp-json\/wp\/v2\/product"}],"about":[{"href":"https:\/\/roveyayinevi.com.tr\/index.php\/wp-json\/wp\/v2\/types\/product"}],"wp:attachment":[{"href":"https:\/\/roveyayinevi.com.tr\/index.php\/wp-json\/wp\/v2\/media?parent=695343"}],"wp:term":[{"taxonomy":"product_brand","embeddable":true,"href":"https:\/\/roveyayinevi.com.tr\/index.php\/wp-json\/wp\/v2\/product_brand?post=695343"},{"taxonomy":"product_cat","embeddable":true,"href":"https:\/\/roveyayinevi.com.tr\/index.php\/wp-json\/wp\/v2\/product_cat?post=695343"},{"taxonomy":"product_tag","embeddable":true,"href":"https:\/\/roveyayinevi.com.tr\/index.php\/wp-json\/wp\/v2\/product_tag?post=695343"}],"curies":[{"name":"wp","href":"https:\/\/api.w.org\/{rel}","templated":true}]}}