{"id":695340,"date":"2025-08-27T14:28:01","date_gmt":"2025-08-27T11:28:01","guid":{"rendered":"https:\/\/roveyayinevi.com.tr\/index.php\/urun\/bireysel-psikoloji\/"},"modified":"2026-04-16T02:05:07","modified_gmt":"2026-04-15T23:05:07","slug":"bireysel-psikoloji","status":"publish","type":"product","link":"https:\/\/roveyayinevi.com.tr\/index.php\/urun\/bireysel-psikoloji\/","title":{"rendered":"Bireysel Psikoloji"},"content":{"rendered":"<p>Bireysel Psikoloji, Adler taraf\u0131ndan temel ilkeleri belirlenmi\u015f olan ve hayat ile ki\u015fi aras\u0131ndaki t\u00fcm ili\u015fkileri, daha \u00f6nce hi\u00e7 ifade edilmemi\u015f bir a\u00e7\u0131kl\u0131kla betimleyen bir sistemdir. Ki\u015finin b\u00f6l\u00fcnmez birli\u011fini yans\u0131tmaya, bilin\u00e7d\u0131\u015f\u0131n\u0131 ve onun d\u0131\u015favurumunda y\u00fczeye \u00e7\u0131kan bilinmezleri anlamaya, a\u015fa\u011f\u0131l\u0131k kompleksinden nevrotik ya da sapk\u0131n davran\u0131\u015flara kadar hayata dair ki\u015finin geli\u015ftirdi\u011fi t\u00fcm \u00fcsluplar\u0131 incelemeye yard\u0131mc\u0131 olur. Hazz\u0131n, evlili\u011fin, erkekle kad\u0131n aras\u0131ndaki farkl\u0131l\u0131\u011f\u0131n, \u00f6zg\u00fcrl\u00fc\u011f\u00fcn, sa\u011fduyunun, \u00e7at\u0131\u015fman\u0131n, ac\u0131n\u0131n, marazi durumlar\u0131n, geli\u015fim eksikli\u011finin ve hatta r\u00fcyalar\u0131n derecelerini g\u00f6rmede, onlar\u0131 i\u00e7selle\u015ftirme ya da onlar\u0131n \u00fcstesinden gelmede k\u0131lavuzluk eder. Bireysel Psikoloji, denilebilir ki, psikolojiye son derece \u00f6zg\u00fcn katk\u0131larda bulunmu\u015f ve Abraham Maslow, Rollo May ve Julian Rotter gibi psikologlar\u0131n yeti\u015fmesinde etkili olmu\u015f bir psikolo\u011fun kaleme ald\u0131\u011f\u0131, ba\u015fta meslekta\u015flar\u0131 olmak \u00fczere, t\u00fcm e\u011fitmen, rehber \u00f6\u011fretmen, anne-baba ve insan ruhunu tan\u0131mak isteyen her yeti\u015fkin i\u00e7in bulunmaz bir f\u0131rsat sunan, muhte\u015fem bir eserdir. <\/p>\n","protected":false},"excerpt":{"rendered":"<p>Bireysel Psikoloji, Adler taraf\u0131ndan temel ilkeleri belirlenmi\u015f olan ve hayat ile ki\u015fi aras\u0131ndaki t\u00fcm ili\u015fkileri, daha \u00f6nce hi\u00e7 ifade edilmemi\u015f bir a\u00e7\u0131kl\u0131kla betimleyen bir sistemdir. Ki\u015finin<span class=\"excerpt-hellip\"> [\u2026]<\/span><\/p>\n","protected":false},"featured_media":0,"template":"","meta":{"_monsterinsights_skip_tracking":false,"_monsterinsights_sitenote_active":false,"_monsterinsights_sitenote_note":"","_monsterinsights_sitenote_category":0},"product_brand":[],"product_cat":[12358,12357],"product_tag":[],"class_list":{"0":"post-695340","1":"product","2":"type-product","3":"status-publish","5":"product_cat-genel-psikoloji","6":"product_cat-psikoloji","7":"pa_cilt-ciltsiz","8":"pa_tur-kitap","9":"pa_yayinevi-say-yayinlari","10":"pa_yazar-alfred-adler","12":"first","13":"instock","14":"sale","15":"shipping-taxable","16":"purchasable","17":"product-type-simple"},"_links":{"self":[{"href":"https:\/\/roveyayinevi.com.tr\/index.php\/wp-json\/wp\/v2\/product\/695340","targetHints":{"allow":["GET"]}}],"collection":[{"href":"https:\/\/roveyayinevi.com.tr\/index.php\/wp-json\/wp\/v2\/product"}],"about":[{"href":"https:\/\/roveyayinevi.com.tr\/index.php\/wp-json\/wp\/v2\/types\/product"}],"wp:attachment":[{"href":"https:\/\/roveyayinevi.com.tr\/index.php\/wp-json\/wp\/v2\/media?parent=695340"}],"wp:term":[{"taxonomy":"product_brand","embeddable":true,"href":"https:\/\/roveyayinevi.com.tr\/index.php\/wp-json\/wp\/v2\/product_brand?post=695340"},{"taxonomy":"product_cat","embeddable":true,"href":"https:\/\/roveyayinevi.com.tr\/index.php\/wp-json\/wp\/v2\/product_cat?post=695340"},{"taxonomy":"product_tag","embeddable":true,"href":"https:\/\/roveyayinevi.com.tr\/index.php\/wp-json\/wp\/v2\/product_tag?post=695340"}],"curies":[{"name":"wp","href":"https:\/\/api.w.org\/{rel}","templated":true}]}}