{"id":695330,"date":"2025-08-27T14:27:58","date_gmt":"2025-08-27T11:27:58","guid":{"rendered":"https:\/\/roveyayinevi.com.tr\/index.php\/urun\/farabi\/"},"modified":"2026-04-16T02:05:07","modified_gmt":"2026-04-15T23:05:07","slug":"farabi","status":"publish","type":"product","link":"https:\/\/roveyayinevi.com.tr\/index.php\/urun\/farabi\/","title":{"rendered":"Farabi"},"content":{"rendered":"<p>Akl\u0131 bir insan\u0131n sahip olabilece\u011fi en y\u00fcce de\u011fer olarak benimseyen F\u00e2r\u00e2b\u00ee, yaln\u0131zca akl\u0131 de\u011fil, onu vereni de kutlu g\u00f6ren; insan akl\u0131n\u0131n \u00fcst yarat\u0131mlar\u0131ndan birisi olan felsefe alan\u0131nda, do\u011fdu\u011fu ve ya\u015fad\u0131\u011f\u0131 topraklar\u0131n o zamana kadar g\u00f6rmedi\u011fi y\u00fckseklikte bir yaratma eylemini ger\u00e7ekle\u015ftiren b\u00fcy\u00fck bir bilgedir. \u0130slam dininin sa\u011flad\u0131\u011f\u0131 yepyeni d\u00fcnya ve insan alg\u0131s\u0131n\u0131n yaratt\u0131\u011f\u0131 \u015fa\u015fk\u0131nl\u0131\u011f\u0131n etkisini hen\u00fcz atlatamam\u0131\u015f bir co\u011frafyan\u0131n insanlar\u0131na, F\u00e2r\u00e2b\u00ee \u015fimdi bir kez daha \u015fa\u015f\u0131rmalar\u0131na neden olacak felsefeyi tan\u0131tmaya karar vermi\u015ftir. Asl\u0131nda \u015fa\u015f\u0131rmak g\u00fczeldir! \u015ea\u015f\u0131rmayan insan kutlu hi\u00e7bir \u015feye sahip olamaz. Ya\u015fam\u0131 boyunca pek \u00e7ok kez \u015fa\u015f\u0131rd\u0131\u011f\u0131 anla\u015f\u0131lan F\u00e2r\u00e2b\u00ee, ya\u015fad\u0131\u011f\u0131 topraklar\u0131n insanlar\u0131n\u0131n da en genel anlam\u0131yla varl\u0131k kar\u015f\u0131s\u0131nda \u015fa\u015f\u0131rmalar\u0131n\u0131 istiyordu. \u00c7\u00fcnk\u00fc ge\u00e7mi\u015fte insan, do\u011fa ve evren kar\u015f\u0131s\u0131nda \u015fa\u015f\u0131rmay\u0131 becerebilmi\u015f toplumlar\u0131n ne denli geli\u015fmi\u015f k\u00fclt\u00fcrel yap\u0131lar olu\u015fturabildiklerini g\u00f6zlemlemi\u015fti. F\u00e2r\u00e2b\u00ee, amans\u0131z bir \u00e7aba i\u00e7erisine girerek bu g\u00f6zlemini eserleriyle dev bir tasar\u0131ma d\u00f6n\u00fc\u015ft\u00fcrmeyi ba\u015farm\u0131\u015ft\u0131r. <\/p>\n","protected":false},"excerpt":{"rendered":"<p>Akl\u0131 bir insan\u0131n sahip olabilece\u011fi en y\u00fcce de\u011fer olarak benimseyen F\u00e2r\u00e2b\u00ee, yaln\u0131zca akl\u0131 de\u011fil, onu vereni de kutlu g\u00f6ren; insan akl\u0131n\u0131n \u00fcst yarat\u0131mlar\u0131ndan birisi olan felsefe<span class=\"excerpt-hellip\"> [\u2026]<\/span><\/p>\n","protected":false},"featured_media":0,"template":"","meta":{"_monsterinsights_skip_tracking":false,"_monsterinsights_sitenote_active":false,"_monsterinsights_sitenote_note":"","_monsterinsights_sitenote_category":0},"product_brand":[],"product_cat":[12388],"product_tag":[],"class_list":{"0":"post-695330","1":"product","2":"type-product","3":"status-publish","5":"product_cat-felsefe","6":"pa_cilt-ciltsiz","7":"pa_tur-kitap","8":"pa_yayinevi-say-yayinlari","9":"pa_yazar-huseyin-gazi-topdemir","11":"first","12":"instock","13":"sale","14":"shipping-taxable","15":"purchasable","16":"product-type-simple"},"_links":{"self":[{"href":"https:\/\/roveyayinevi.com.tr\/index.php\/wp-json\/wp\/v2\/product\/695330","targetHints":{"allow":["GET"]}}],"collection":[{"href":"https:\/\/roveyayinevi.com.tr\/index.php\/wp-json\/wp\/v2\/product"}],"about":[{"href":"https:\/\/roveyayinevi.com.tr\/index.php\/wp-json\/wp\/v2\/types\/product"}],"wp:attachment":[{"href":"https:\/\/roveyayinevi.com.tr\/index.php\/wp-json\/wp\/v2\/media?parent=695330"}],"wp:term":[{"taxonomy":"product_brand","embeddable":true,"href":"https:\/\/roveyayinevi.com.tr\/index.php\/wp-json\/wp\/v2\/product_brand?post=695330"},{"taxonomy":"product_cat","embeddable":true,"href":"https:\/\/roveyayinevi.com.tr\/index.php\/wp-json\/wp\/v2\/product_cat?post=695330"},{"taxonomy":"product_tag","embeddable":true,"href":"https:\/\/roveyayinevi.com.tr\/index.php\/wp-json\/wp\/v2\/product_tag?post=695330"}],"curies":[{"name":"wp","href":"https:\/\/api.w.org\/{rel}","templated":true}]}}