{"id":695328,"date":"2025-08-27T14:27:58","date_gmt":"2025-08-27T11:27:58","guid":{"rendered":"https:\/\/roveyayinevi.com.tr\/index.php\/urun\/akcasazin-agalari-serisi-2-yusufcuk-yusuf\/"},"modified":"2026-04-16T02:05:07","modified_gmt":"2026-04-15T23:05:07","slug":"akcasazin-agalari-serisi-2-yusufcuk-yusuf","status":"publish","type":"product","link":"https:\/\/roveyayinevi.com.tr\/index.php\/urun\/akcasazin-agalari-serisi-2-yusufcuk-yusuf\/","title":{"rendered":"Ak\u00e7asaz\u0131n A\u011falar\u0131 Serisi 2 &#8211; Yusuf\u00e7uk Yusuf"},"content":{"rendered":"<p>Ak\u00e7asaz\u0131n A\u011falar\u0131 tarihle, zamanla, d\u00fczenle hesapla\u015fman\u0131n hikayesidir. A\u011falar \u00e7\u00f6kerken yan\u0131 ba\u015flar\u0131nda yeni bir tarih yaz\u0131l\u0131r, de\u011fi\u015fme ka\u00e7\u0131n\u0131lmazd\u0131r. G\u00fc\u00e7l\u00fcler d\u00f6v\u00fc\u015f\u00fcrken do\u011fa da ses verir. Yusuf\u00e7uk Yusuf \u00c7ukurova&#8217;ya ku\u015faklar boyunca egemen olmu\u015f iki derebeyinin hikayesidir. K\u00f6yl\u00fcleri y\u0131llarca bask\u0131 alt\u0131nda tutan bu g\u00fc\u00e7 k\u0131r\u0131l\u0131rken, yeni zamanlar\u0131n gereklerine uyum sa\u011flam\u0131\u015f yeni zenginler ba\u015fka bir g\u00fc\u00e7 olu\u015ftururlar. barbarl\u0131\u011f\u0131 \u00e7a\u011fr\u0131\u015ft\u0131ran bu g\u00fc\u00e7, batakl\u0131ktan kutulmaya y\u00fcz tutmu\u015f bir batakl\u0131k topra\u011f\u0131n\u0131 ya\u011fmalar. \u0130nsano\u011flu farkl\u0131la\u015f\u0131yor, deri de\u011fi\u015ftiriyor ve kendini yeniden tan\u0131ml\u0131yor. Acaba ortakla\u015fa yitirilen y\u00fczy\u0131llar\u0131n a\u011f\u0131rl\u0131\u011f\u0131n\u0131 bir kenara koyabilecek mi? Genle\u015ftirmek bizim elimizde. Ya\u015far Kemal&#8217;in Binbir Geceleri bizi buna davet ediyor. Alain Bospuet, Le Matin, (Fransa) Hasatla birlikte, omuzlar\u0131 evrensel geni\u015flikte T\u00fcrk yazar\u0131 Ya\u015far Kemal&#8217;in yeni kahramanl\u0131k destan\u0131 geldi. Bunal\u0131m evreninde bir trajedi. Kitapta \u0130nce Memed&#8217;in yazar\u0131n\u0131n bizi al\u0131\u015ft\u0131rd\u0131\u011f\u0131 epik ve toprak kokan solu\u011fu bulmak da m\u00fcmk\u00fcn. Andre Clavel, Nouvelles litteraires, (Fransa) Yusuf\u00e7uk Yusuf&#8217;ta Ya\u015far Kemal&#8217;i yeni ve b\u00fcy\u00fck bir at\u0131l\u0131m i\u00e7inde buluyoruz. Bu kitap yaln\u0131z Ya\u015far Kemal&#8217;in en \u00f6nemli yap\u0131t\u0131 de\u011fil, T\u00fcrk roman\u0131n\u0131n da ba\u015fyap\u0131tlar\u0131ndan biridir. Cemal S\u00fcreya, Olu\u015fum Hugo \u00e7ap\u0131nda bir yazar olan Ya\u015far Kemal&#8217;in en \u00f6nemli \u00f6zelli\u011fi, g\u00fcn\u00fcm\u00fczde g\u00f6zard\u0131 edilen bir tarzda freskler \u00e7izerek yazmas\u0131. Christian Guidicelli, Guide Lire, (Fransa) \ufffcTan\u0131t\u0131m Metni<\/p>\n","protected":false},"excerpt":{"rendered":"<p>Ak\u00e7asaz\u0131n A\u011falar\u0131 tarihle, zamanla, d\u00fczenle hesapla\u015fman\u0131n hikayesidir. A\u011falar \u00e7\u00f6kerken yan\u0131 ba\u015flar\u0131nda yeni bir tarih yaz\u0131l\u0131r, de\u011fi\u015fme ka\u00e7\u0131n\u0131lmazd\u0131r. G\u00fc\u00e7l\u00fcler d\u00f6v\u00fc\u015f\u00fcrken do\u011fa da ses verir. Yusuf\u00e7uk Yusuf \u00c7ukurova&#8217;ya<span class=\"excerpt-hellip\"> [\u2026]<\/span><\/p>\n","protected":false},"featured_media":0,"template":"","meta":{"_monsterinsights_skip_tracking":false,"_monsterinsights_sitenote_active":false,"_monsterinsights_sitenote_note":"","_monsterinsights_sitenote_category":0},"product_brand":[],"product_cat":[12291,12292],"product_tag":[],"class_list":{"0":"post-695328","1":"product","2":"type-product","3":"status-publish","5":"product_cat-edebiyat","6":"product_cat-turk-edebiyati","7":"pa_cilt-ciltsiz","8":"pa_tur-kitap","9":"pa_yayinevi-yapi-kredi-yayinlari","10":"pa_yazar-yasar-kemal","12":"first","13":"instock","14":"sale","15":"shipping-taxable","16":"purchasable","17":"product-type-simple"},"_links":{"self":[{"href":"https:\/\/roveyayinevi.com.tr\/index.php\/wp-json\/wp\/v2\/product\/695328","targetHints":{"allow":["GET"]}}],"collection":[{"href":"https:\/\/roveyayinevi.com.tr\/index.php\/wp-json\/wp\/v2\/product"}],"about":[{"href":"https:\/\/roveyayinevi.com.tr\/index.php\/wp-json\/wp\/v2\/types\/product"}],"wp:attachment":[{"href":"https:\/\/roveyayinevi.com.tr\/index.php\/wp-json\/wp\/v2\/media?parent=695328"}],"wp:term":[{"taxonomy":"product_brand","embeddable":true,"href":"https:\/\/roveyayinevi.com.tr\/index.php\/wp-json\/wp\/v2\/product_brand?post=695328"},{"taxonomy":"product_cat","embeddable":true,"href":"https:\/\/roveyayinevi.com.tr\/index.php\/wp-json\/wp\/v2\/product_cat?post=695328"},{"taxonomy":"product_tag","embeddable":true,"href":"https:\/\/roveyayinevi.com.tr\/index.php\/wp-json\/wp\/v2\/product_tag?post=695328"}],"curies":[{"name":"wp","href":"https:\/\/api.w.org\/{rel}","templated":true}]}}