{"id":695319,"date":"2025-08-27T14:27:55","date_gmt":"2025-08-27T11:27:55","guid":{"rendered":"https:\/\/roveyayinevi.com.tr\/index.php\/urun\/arap-halklari-tarihi\/"},"modified":"2026-02-03T02:07:43","modified_gmt":"2026-02-02T23:07:43","slug":"arap-halklari-tarihi","status":"publish","type":"product","link":"https:\/\/roveyayinevi.com.tr\/index.php\/urun\/arap-halklari-tarihi\/","title":{"rendered":"Arap Halklar\u0131 Tarihi"},"content":{"rendered":"<p>Modern Arap tarihinin ve d\u00fc\u015f\u00fcncesinin \u00f6ndegelen uzman\u0131 Hourani\u2019denbir kaynak eser: Arap halklar\u0131n\u0131n \u00e7a\u011flar boyu hikayesi \u00fczerindenOrtado\u011fu tarihi&#8230; Yaln\u0131zca F\u0131rat-Dicle\u2019nin g\u00fcneyini de\u011fil Kuzey Afrika\u2019y\u0131 dakapsayarak, yaln\u0131zca Emevi halifelerini de\u011fil Ba\u011fdat\u2019\u0131n \u015fehir tarihini deanlatarak, yaln\u0131zca din sava\u015flar\u0131na de\u011fil s\u0131n\u0131f olu\u015fumlar\u0131na da yer ay\u0131rarak,yaln\u0131zca Nas\u0131r\u2019\u0131n konu\u015fmalar\u0131na de\u011fil \u00dcmm\u00fc G\u00fcls\u00fcm\u2019\u00fcn \u015fark\u0131lar\u0131na dakulak vererek&#8230;<\/p>\n","protected":false},"excerpt":{"rendered":"<p>Modern Arap tarihinin ve d\u00fc\u015f\u00fcncesinin \u00f6ndegelen uzman\u0131 Hourani\u2019denbir kaynak eser: Arap halklar\u0131n\u0131n \u00e7a\u011flar boyu hikayesi \u00fczerindenOrtado\u011fu tarihi&#8230; Yaln\u0131zca F\u0131rat-Dicle\u2019nin g\u00fcneyini de\u011fil Kuzey Afrika\u2019y\u0131 dakapsayarak, yaln\u0131zca Emevi<span class=\"excerpt-hellip\"> [\u2026]<\/span><\/p>\n","protected":false},"featured_media":0,"template":"","meta":{"_monsterinsights_skip_tracking":false,"_monsterinsights_sitenote_active":false,"_monsterinsights_sitenote_note":"","_monsterinsights_sitenote_category":0},"product_brand":[],"product_cat":[12312,12304],"product_tag":[],"class_list":{"0":"post-695319","1":"product","2":"type-product","3":"status-publish","5":"product_cat-diger","6":"product_cat-tarih","7":"pa_cilt-ciltsiz","8":"pa_tur-kitap","9":"pa_yayinevi-iletisim-yayinlari","10":"pa_yazar-albert-hourani","12":"first","13":"instock","14":"sale","15":"shipping-taxable","16":"purchasable","17":"product-type-simple"},"_links":{"self":[{"href":"https:\/\/roveyayinevi.com.tr\/index.php\/wp-json\/wp\/v2\/product\/695319","targetHints":{"allow":["GET"]}}],"collection":[{"href":"https:\/\/roveyayinevi.com.tr\/index.php\/wp-json\/wp\/v2\/product"}],"about":[{"href":"https:\/\/roveyayinevi.com.tr\/index.php\/wp-json\/wp\/v2\/types\/product"}],"wp:attachment":[{"href":"https:\/\/roveyayinevi.com.tr\/index.php\/wp-json\/wp\/v2\/media?parent=695319"}],"wp:term":[{"taxonomy":"product_brand","embeddable":true,"href":"https:\/\/roveyayinevi.com.tr\/index.php\/wp-json\/wp\/v2\/product_brand?post=695319"},{"taxonomy":"product_cat","embeddable":true,"href":"https:\/\/roveyayinevi.com.tr\/index.php\/wp-json\/wp\/v2\/product_cat?post=695319"},{"taxonomy":"product_tag","embeddable":true,"href":"https:\/\/roveyayinevi.com.tr\/index.php\/wp-json\/wp\/v2\/product_tag?post=695319"}],"curies":[{"name":"wp","href":"https:\/\/api.w.org\/{rel}","templated":true}]}}