{"id":695317,"date":"2025-08-27T14:27:55","date_gmt":"2025-08-27T11:27:55","guid":{"rendered":"https:\/\/roveyayinevi.com.tr\/index.php\/urun\/benjamin\/"},"modified":"2026-04-16T02:05:07","modified_gmt":"2026-04-15T23:05:07","slug":"benjamin","status":"publish","type":"product","link":"https:\/\/roveyayinevi.com.tr\/index.php\/urun\/benjamin\/","title":{"rendered":"Benjamin"},"content":{"rendered":"<p>Hegel, Napolyon\u2019u at\u0131n\u0131n s\u0131rt\u0131nda g\u00f6r\u00fcnce onu Geist zannetmi\u015fti. Marx ise proleteryada ayn\u0131 \u015feyi g\u00f6rd\u00fc. Benjamin i\u015fte tam buna mesih diyordu, mesih\u00e7i d\u00fc\u015f\u00fcnce diyordu. Belki de Bat\u0131 d\u00fc\u015f\u00fcncesi ba\u015f\u0131ndan beri hep ayn\u0131 \u015feyin pe\u015findeydi. Orta\u00e7a\u011fdan modernli\u011fe ge\u00e7erken bu d\u00fc\u015f\u00fcnce ana eksenini de\u011fi\u015ftirmedi, sadece hedefe varmak i\u00e7in kulland\u0131\u011f\u0131 ara\u00e7lar\u0131 de\u011fi\u015ftirdi. G\u00f6rev Tanr\u0131dan insana devredilmi\u015fti, Teolojik i\u00e7erik laik bir dile terc\u00fcme edilmi\u015fti. Kurtulu\u015f motifi Bat\u0131 d\u00fc\u015f\u00fcncesinin ci\u011feridir. Bunu bir mesih, bir peygamber, bir tarihsel kahraman ya da bir toplumsal s\u0131n\u0131f ba\u015faracakt\u0131r. Bunlar ayn\u0131 soruya y\u00f6nelik farkl\u0131 yan\u0131tlard\u0131r. Soru hi\u00e7 de\u011fi\u015fmemi\u015ftir. Asl\u0131nda proleterya mesih terminolojisini ilk kullanan Lukacs\u2019d\u0131r. Lukacs, 1918\u2019de yazd\u0131\u011f\u0131 Ahlaki Bir Sorun Olarak Bol\u015fevizm ba\u015fl\u0131kl\u0131 yaz\u0131da proleteryay\u0131 d\u00fcnya tarihinin mesih-s\u0131n\u0131f\u0131 olarak nitelemi\u015ftir. \u0130\u015fte Benjamin\u2019in Tarih Tezleri sadece bunu anlat\u0131r. Bizler bu d\u00fcnyada bekleniyorduk. Benjamin sanki ayd\u0131nlanman\u0131n yapt\u0131\u011f\u0131n\u0131n tersini yapmaya \u00e7al\u0131\u015f\u0131r. Weber demi\u015fti ya: d\u00fcnyan\u0131n b\u00fcy\u00fcs\u00fcn\u00fcn bozulmas\u0131. O, d\u00fcnyay\u0131 tekrar b\u00fcy\u00fcs\u00fcne kavu\u015fturmaya \u00e7al\u0131\u015f\u0131r. Onun d\u00fc\u015f\u00fcncesinde ilerlemenin, geli\u015fmenin, evrimin zerresine rastlanmaz. Tarihi ak\u0131\u015f\u0131na b\u0131rakmak, onu egemenlerin oyunca\u011f\u0131 k\u0131lmakt\u0131r. Onun amac\u0131 tarihi tersine i\u015fletmektir sanki. Tarihi tersine taramak. Evet bunun ad\u0131 devrimdir. -Besim F. Dellalo\u011flu- \ufffcTan\u0131t\u0131m Metni<\/p>\n","protected":false},"excerpt":{"rendered":"<p>Hegel, Napolyon\u2019u at\u0131n\u0131n s\u0131rt\u0131nda g\u00f6r\u00fcnce onu Geist zannetmi\u015fti. Marx ise proleteryada ayn\u0131 \u015feyi g\u00f6rd\u00fc. Benjamin i\u015fte tam buna mesih diyordu, mesih\u00e7i d\u00fc\u015f\u00fcnce diyordu. Belki de Bat\u0131<span class=\"excerpt-hellip\"> [\u2026]<\/span><\/p>\n","protected":false},"featured_media":0,"template":"","meta":{"_monsterinsights_skip_tracking":false,"_monsterinsights_sitenote_active":false,"_monsterinsights_sitenote_note":"","_monsterinsights_sitenote_category":0},"product_brand":[],"product_cat":[12389,12388],"product_tag":[],"class_list":{"0":"post-695317","1":"product","2":"type-product","3":"status-publish","5":"product_cat-diger-felsefe","6":"product_cat-felsefe","7":"pa_cilt-ciltsiz","8":"pa_tur-kitap","9":"pa_yayinevi-say-yayinlari","10":"pa_yazar-besim-f-dellaloglu","12":"first","13":"instock","14":"sale","15":"shipping-taxable","16":"purchasable","17":"product-type-simple"},"_links":{"self":[{"href":"https:\/\/roveyayinevi.com.tr\/index.php\/wp-json\/wp\/v2\/product\/695317","targetHints":{"allow":["GET"]}}],"collection":[{"href":"https:\/\/roveyayinevi.com.tr\/index.php\/wp-json\/wp\/v2\/product"}],"about":[{"href":"https:\/\/roveyayinevi.com.tr\/index.php\/wp-json\/wp\/v2\/types\/product"}],"wp:attachment":[{"href":"https:\/\/roveyayinevi.com.tr\/index.php\/wp-json\/wp\/v2\/media?parent=695317"}],"wp:term":[{"taxonomy":"product_brand","embeddable":true,"href":"https:\/\/roveyayinevi.com.tr\/index.php\/wp-json\/wp\/v2\/product_brand?post=695317"},{"taxonomy":"product_cat","embeddable":true,"href":"https:\/\/roveyayinevi.com.tr\/index.php\/wp-json\/wp\/v2\/product_cat?post=695317"},{"taxonomy":"product_tag","embeddable":true,"href":"https:\/\/roveyayinevi.com.tr\/index.php\/wp-json\/wp\/v2\/product_tag?post=695317"}],"curies":[{"name":"wp","href":"https:\/\/api.w.org\/{rel}","templated":true}]}}