{"id":695316,"date":"2025-08-27T14:27:54","date_gmt":"2025-08-27T11:27:54","guid":{"rendered":"https:\/\/roveyayinevi.com.tr\/index.php\/urun\/guc-istenci\/"},"modified":"2026-04-16T02:05:07","modified_gmt":"2026-04-15T23:05:07","slug":"guc-istenci","status":"publish","type":"product","link":"https:\/\/roveyayinevi.com.tr\/index.php\/urun\/guc-istenci\/","title":{"rendered":"G\u00fc\u00e7 \u0130stenci"},"content":{"rendered":"<p>Bu kitab\u0131n arka plan\u0131nda kar\u015f\u0131 kar\u015f\u0131ya kald\u0131\u011f\u0131n\u0131z d\u00fc\u015f\u00fcnce tek ba\u015f\u0131na kasvetli ve naho\u015ftur: Bug\u00fcne kadar bilinen hi\u00e7bir pesimizm t\u00fcr\u00fc, bu dereceye kadar k\u00f6t\u00fc niyete ula\u015famam\u0131\u015ft\u0131r. Burada ger\u00e7ek ve g\u00f6r\u00fcn\u00fcrdeki d\u00fcnyan\u0131n antitezi eksiktir: Sadece tek bir d\u00fcnya vard\u0131r ve bu d\u00fcnya sahte, zalim, \u00e7eli\u015fkili, ba\u015ftan \u00e7\u0131kart\u0131c\u0131 ve anlams\u0131zd\u0131r. Yalanlar\u0131n ya\u015famak i\u00e7in gerekli olmas\u0131, varolu\u015f karakterinin korkun\u00e7 ve ku\u015fkulu bir par\u00e7as\u0131d\u0131r. Friedrich Nietzsche <\/p>\n","protected":false},"excerpt":{"rendered":"<p>Bu kitab\u0131n arka plan\u0131nda kar\u015f\u0131 kar\u015f\u0131ya kald\u0131\u011f\u0131n\u0131z d\u00fc\u015f\u00fcnce tek ba\u015f\u0131na kasvetli ve naho\u015ftur: Bug\u00fcne kadar bilinen hi\u00e7bir pesimizm t\u00fcr\u00fc, bu dereceye kadar k\u00f6t\u00fc niyete ula\u015famam\u0131\u015ft\u0131r. Burada<span class=\"excerpt-hellip\"> [\u2026]<\/span><\/p>\n","protected":false},"featured_media":0,"template":"","meta":{"_monsterinsights_skip_tracking":false,"_monsterinsights_sitenote_active":false,"_monsterinsights_sitenote_note":"","_monsterinsights_sitenote_category":0},"product_brand":[],"product_cat":[12388,15309],"product_tag":[],"class_list":{"0":"post-695316","1":"product","2":"type-product","3":"status-publish","5":"product_cat-felsefe","6":"product_cat-felsefi-akimlar","7":"pa_cilt-ciltsiz","8":"pa_tur-kitap","9":"pa_yayinevi-say-yayinlari","10":"pa_yazar-friedrich-wilhelm-nietzsche","12":"first","13":"instock","14":"sale","15":"shipping-taxable","16":"purchasable","17":"product-type-simple"},"_links":{"self":[{"href":"https:\/\/roveyayinevi.com.tr\/index.php\/wp-json\/wp\/v2\/product\/695316","targetHints":{"allow":["GET"]}}],"collection":[{"href":"https:\/\/roveyayinevi.com.tr\/index.php\/wp-json\/wp\/v2\/product"}],"about":[{"href":"https:\/\/roveyayinevi.com.tr\/index.php\/wp-json\/wp\/v2\/types\/product"}],"wp:attachment":[{"href":"https:\/\/roveyayinevi.com.tr\/index.php\/wp-json\/wp\/v2\/media?parent=695316"}],"wp:term":[{"taxonomy":"product_brand","embeddable":true,"href":"https:\/\/roveyayinevi.com.tr\/index.php\/wp-json\/wp\/v2\/product_brand?post=695316"},{"taxonomy":"product_cat","embeddable":true,"href":"https:\/\/roveyayinevi.com.tr\/index.php\/wp-json\/wp\/v2\/product_cat?post=695316"},{"taxonomy":"product_tag","embeddable":true,"href":"https:\/\/roveyayinevi.com.tr\/index.php\/wp-json\/wp\/v2\/product_tag?post=695316"}],"curies":[{"name":"wp","href":"https:\/\/api.w.org\/{rel}","templated":true}]}}