{"id":695313,"date":"2025-08-27T14:27:54","date_gmt":"2025-08-27T11:27:54","guid":{"rendered":"https:\/\/roveyayinevi.com.tr\/index.php\/urun\/totem-ve-tabu\/"},"modified":"2026-04-16T02:05:07","modified_gmt":"2026-04-15T23:05:07","slug":"totem-ve-tabu","status":"publish","type":"product","link":"https:\/\/roveyayinevi.com.tr\/index.php\/urun\/totem-ve-tabu\/","title":{"rendered":"Totem ve Tabu"},"content":{"rendered":"<p>Freud\u2019a g\u00f6re ilkel insan bizim \u00e7a\u011fda\u015f\u0131m\u0131z say\u0131l\u0131r. Tarih\u00f6ncesi \u00e7a\u011flardaki insanlar\u0131n ge\u00e7irdi\u011fi evreler, g\u00fcndelik ya\u015famlar, sanatlar\u0131, olu\u015fturduklar\u0131 s\u00f6ylenceler ve mitlerde geli\u015fim s\u00fcrecimizin \u00f6nceki basamaklar\u0131 hakk\u0131nda ciddi izlere rastlar, onlarda kendimize benzerlikler buluruz. Bug\u00fcn baz\u0131 topluluklarda izlerine rastlansa da Freud\u2019un deyimiyle dinsel-sosyal bir kurum olan totemizmin etkilerinin azalmas\u0131na kar\u015f\u0131l\u0131k, tabu konusu farkl\u0131 bi\u00e7imlere b\u00fcr\u00fcnerek de olsa az\u0131msanmayacak derecede yak\u0131n\u0131m\u0131zda durur. Freud\u2019un eserini kaleme al\u0131rken belirtti\u011fi gibi Totem ve Tabu, bu alanda ele al\u0131nan ilk ciddi \u00e7al\u0131\u015fma olmas\u0131n\u0131n yan\u0131\u0131 s\u0131ra, psikanalizin bak\u0131\u015f\u0131 a\u00e7\u0131s\u0131 ve bulgulamalar\u0131yla toplum psikolojisinin kemikle\u015fmi\u015f sorunlar\u0131na y\u00f6nelik bir \u00e7\u00f6z\u00fcmleme denemesi; etnologlar, filologlar, folklorcular ve psikanalistler i\u00e7in kendi ilgi alanlar\u0131yla ba\u011flant\u0131\u0131 kurabilecekleri bir k\u00f6pr\u00fc in\u015faas\u0131d\u0131r. <\/p>\n","protected":false},"excerpt":{"rendered":"<p>Freud\u2019a g\u00f6re ilkel insan bizim \u00e7a\u011fda\u015f\u0131m\u0131z say\u0131l\u0131r. Tarih\u00f6ncesi \u00e7a\u011flardaki insanlar\u0131n ge\u00e7irdi\u011fi evreler, g\u00fcndelik ya\u015famlar, sanatlar\u0131, olu\u015fturduklar\u0131 s\u00f6ylenceler ve mitlerde geli\u015fim s\u00fcrecimizin \u00f6nceki basamaklar\u0131 hakk\u0131nda ciddi izlere<span class=\"excerpt-hellip\"> [\u2026]<\/span><\/p>\n","protected":false},"featured_media":0,"template":"","meta":{"_monsterinsights_skip_tracking":false,"_monsterinsights_sitenote_active":false,"_monsterinsights_sitenote_note":"","_monsterinsights_sitenote_category":0},"product_brand":[],"product_cat":[12358,12357],"product_tag":[],"class_list":{"0":"post-695313","1":"product","2":"type-product","3":"status-publish","5":"product_cat-genel-psikoloji","6":"product_cat-psikoloji","7":"pa_cilt-ciltsiz","8":"pa_tur-kitap","9":"pa_yayinevi-say-yayinlari","10":"pa_yazar-sigmund-freud","12":"first","13":"instock","14":"sale","15":"shipping-taxable","16":"purchasable","17":"product-type-simple"},"_links":{"self":[{"href":"https:\/\/roveyayinevi.com.tr\/index.php\/wp-json\/wp\/v2\/product\/695313","targetHints":{"allow":["GET"]}}],"collection":[{"href":"https:\/\/roveyayinevi.com.tr\/index.php\/wp-json\/wp\/v2\/product"}],"about":[{"href":"https:\/\/roveyayinevi.com.tr\/index.php\/wp-json\/wp\/v2\/types\/product"}],"wp:attachment":[{"href":"https:\/\/roveyayinevi.com.tr\/index.php\/wp-json\/wp\/v2\/media?parent=695313"}],"wp:term":[{"taxonomy":"product_brand","embeddable":true,"href":"https:\/\/roveyayinevi.com.tr\/index.php\/wp-json\/wp\/v2\/product_brand?post=695313"},{"taxonomy":"product_cat","embeddable":true,"href":"https:\/\/roveyayinevi.com.tr\/index.php\/wp-json\/wp\/v2\/product_cat?post=695313"},{"taxonomy":"product_tag","embeddable":true,"href":"https:\/\/roveyayinevi.com.tr\/index.php\/wp-json\/wp\/v2\/product_tag?post=695313"}],"curies":[{"name":"wp","href":"https:\/\/api.w.org\/{rel}","templated":true}]}}