{"id":695312,"date":"2025-08-27T14:27:53","date_gmt":"2025-08-27T11:27:53","guid":{"rendered":"https:\/\/roveyayinevi.com.tr\/index.php\/urun\/latince-sozluk\/"},"modified":"2026-04-16T02:05:06","modified_gmt":"2026-04-15T23:05:06","slug":"latince-sozluk","status":"publish","type":"product","link":"https:\/\/roveyayinevi.com.tr\/index.php\/urun\/latince-sozluk\/","title":{"rendered":"Latince S\u00f6zl\u00fck"},"content":{"rendered":"<p>Dilimizde ilk kez T\u00fcrk\u00e7e-Latince k\u0131sm\u0131yla beraber\u2026   Eski Yunanca ve Latinceden yapt\u0131\u011f\u0131 \u00e7evirilerle literat\u00fcre \u00e7ok say\u0131da katk\u0131da bulunan Furkan Akderin taraf\u0131ndan Latince-T\u00fcrk\u00e7e \/ T\u00fcrk\u00e7e-Latince s\u00f6zl\u00fckle beraber, dilimize ilk kez T\u00fcrk\u00e7e-Latince bir s\u00f6zl\u00fck de kazand\u0131r\u0131lm\u0131\u015f oldu. Bu s\u00f6zl\u00fc\u011f\u00fcn, ba\u015fta felsefe, hukuk ve t\u0131p disiplinleri olmak \u00fczere, kadim dillere ilgi duyan herkesin ilgisini \u00e7ekece\u011fini umuyoruz. <\/p>\n","protected":false},"excerpt":{"rendered":"<p>Dilimizde ilk kez T\u00fcrk\u00e7e-Latince k\u0131sm\u0131yla beraber\u2026 Eski Yunanca ve Latinceden yapt\u0131\u011f\u0131 \u00e7evirilerle literat\u00fcre \u00e7ok say\u0131da katk\u0131da bulunan Furkan Akderin taraf\u0131ndan Latince-T\u00fcrk\u00e7e \/ T\u00fcrk\u00e7e-Latince s\u00f6zl\u00fckle beraber, dilimize<span class=\"excerpt-hellip\"> [\u2026]<\/span><\/p>\n","protected":false},"featured_media":0,"template":"","meta":{"_monsterinsights_skip_tracking":false,"_monsterinsights_sitenote_active":false,"_monsterinsights_sitenote_note":"","_monsterinsights_sitenote_category":0},"product_brand":[],"product_cat":[12566,13611],"product_tag":[],"class_list":{"0":"post-695312","1":"product","2":"type-product","3":"status-publish","5":"product_cat-egitim","6":"product_cat-sozlukler-ve-konusma-kilavuzlari","7":"pa_cilt-ciltsiz","8":"pa_tur-kitap","9":"pa_yayinevi-say-yayinlari","10":"pa_yazar-furkan-akderin","12":"first","13":"instock","14":"sale","15":"shipping-taxable","16":"purchasable","17":"product-type-simple"},"_links":{"self":[{"href":"https:\/\/roveyayinevi.com.tr\/index.php\/wp-json\/wp\/v2\/product\/695312","targetHints":{"allow":["GET"]}}],"collection":[{"href":"https:\/\/roveyayinevi.com.tr\/index.php\/wp-json\/wp\/v2\/product"}],"about":[{"href":"https:\/\/roveyayinevi.com.tr\/index.php\/wp-json\/wp\/v2\/types\/product"}],"wp:attachment":[{"href":"https:\/\/roveyayinevi.com.tr\/index.php\/wp-json\/wp\/v2\/media?parent=695312"}],"wp:term":[{"taxonomy":"product_brand","embeddable":true,"href":"https:\/\/roveyayinevi.com.tr\/index.php\/wp-json\/wp\/v2\/product_brand?post=695312"},{"taxonomy":"product_cat","embeddable":true,"href":"https:\/\/roveyayinevi.com.tr\/index.php\/wp-json\/wp\/v2\/product_cat?post=695312"},{"taxonomy":"product_tag","embeddable":true,"href":"https:\/\/roveyayinevi.com.tr\/index.php\/wp-json\/wp\/v2\/product_tag?post=695312"}],"curies":[{"name":"wp","href":"https:\/\/api.w.org\/{rel}","templated":true}]}}