{"id":695309,"date":"2025-08-27T14:27:53","date_gmt":"2025-08-27T11:27:53","guid":{"rendered":"https:\/\/roveyayinevi.com.tr\/index.php\/urun\/iyinin-ve-kotunun-otesinde\/"},"modified":"2026-04-16T02:05:06","modified_gmt":"2026-04-15T23:05:06","slug":"iyinin-ve-kotunun-otesinde","status":"publish","type":"product","link":"https:\/\/roveyayinevi.com.tr\/index.php\/urun\/iyinin-ve-kotunun-otesinde\/","title":{"rendered":"\u0130yinin ve K\u00f6t\u00fcn\u00fcn \u00d6tesinde"},"content":{"rendered":"<p>Her derin d\u00fc\u015f\u00fcn\u00fcr, anla\u015f\u0131lmamaktan \u00e7ok, anla\u015f\u0131lmaktan korkar. Anla\u015f\u0131lmamak, belki bo\u015f gururunu yaralar, oysa anla\u015f\u0131lmak, y\u00fcre\u011fini; \u015f\u00f6yle diyen duyguda\u015fl\u0131\u011f\u0131n\u0131: \u201cAh! Ni\u00e7in benimki gibi bir zorlu\u011fu istersiniz?\u201d   Derin ac\u0131lar\u0131n insan\u0131 mutlu oldu\u011funda kendini ele verir. Sanki k\u0131skan\u00e7l\u0131ktan ezip \u00e7i\u011fnemek, bo\u011fmak ister gibi bir mutlulu\u011fu yakalama yolu vard\u0131r. Ah bir bilebilse u\u00e7up gidebilece\u011fini!..   Friedrich Nietzsche <\/p>\n","protected":false},"excerpt":{"rendered":"<p>Her derin d\u00fc\u015f\u00fcn\u00fcr, anla\u015f\u0131lmamaktan \u00e7ok, anla\u015f\u0131lmaktan korkar. Anla\u015f\u0131lmamak, belki bo\u015f gururunu yaralar, oysa anla\u015f\u0131lmak, y\u00fcre\u011fini; \u015f\u00f6yle diyen duyguda\u015fl\u0131\u011f\u0131n\u0131: \u201cAh! Ni\u00e7in benimki gibi bir zorlu\u011fu istersiniz?\u201d Derin<span class=\"excerpt-hellip\"> [\u2026]<\/span><\/p>\n","protected":false},"featured_media":0,"template":"","meta":{"_monsterinsights_skip_tracking":false,"_monsterinsights_sitenote_active":false,"_monsterinsights_sitenote_note":"","_monsterinsights_sitenote_category":0},"product_brand":[],"product_cat":[15319,12388],"product_tag":[],"class_list":{"0":"post-695309","1":"product","2":"type-product","3":"status-publish","5":"product_cat-etik","6":"product_cat-felsefe","7":"pa_cilt-ciltsiz","8":"pa_tur-kitap","9":"pa_yayinevi-say-yayinlari","10":"pa_yazar-friedrich-wilhelm-nietzsche","12":"first","13":"instock","14":"sale","15":"shipping-taxable","16":"purchasable","17":"product-type-simple"},"_links":{"self":[{"href":"https:\/\/roveyayinevi.com.tr\/index.php\/wp-json\/wp\/v2\/product\/695309","targetHints":{"allow":["GET"]}}],"collection":[{"href":"https:\/\/roveyayinevi.com.tr\/index.php\/wp-json\/wp\/v2\/product"}],"about":[{"href":"https:\/\/roveyayinevi.com.tr\/index.php\/wp-json\/wp\/v2\/types\/product"}],"wp:attachment":[{"href":"https:\/\/roveyayinevi.com.tr\/index.php\/wp-json\/wp\/v2\/media?parent=695309"}],"wp:term":[{"taxonomy":"product_brand","embeddable":true,"href":"https:\/\/roveyayinevi.com.tr\/index.php\/wp-json\/wp\/v2\/product_brand?post=695309"},{"taxonomy":"product_cat","embeddable":true,"href":"https:\/\/roveyayinevi.com.tr\/index.php\/wp-json\/wp\/v2\/product_cat?post=695309"},{"taxonomy":"product_tag","embeddable":true,"href":"https:\/\/roveyayinevi.com.tr\/index.php\/wp-json\/wp\/v2\/product_tag?post=695309"}],"curies":[{"name":"wp","href":"https:\/\/api.w.org\/{rel}","templated":true}]}}