{"id":695308,"date":"2025-08-27T14:27:52","date_gmt":"2025-08-27T11:27:52","guid":{"rendered":"https:\/\/roveyayinevi.com.tr\/index.php\/urun\/isler-ve-gunler-tanrilarin-dogusu\/"},"modified":"2026-04-16T02:05:06","modified_gmt":"2026-04-15T23:05:06","slug":"isler-ve-gunler-tanrilarin-dogusu","status":"publish","type":"product","link":"https:\/\/roveyayinevi.com.tr\/index.php\/urun\/isler-ve-gunler-tanrilarin-dogusu\/","title":{"rendered":"\u0130\u015fler ve G\u00fcnler &#8211; Tanr\u0131lar\u0131n Do\u011fu\u015fu"},"content":{"rendered":"<p>Hellen \u015fiirinin Homeros\u2019tan sonraki ikinci b\u00fcy\u00fck \u015fairi olarak an\u0131lan Hesidos, Askra\u2019da (Boiotia) do\u011fmu\u015f ve yakla\u015f\u0131k M\u00d6 700\u2019l\u00fc y\u0131llarda ya\u015fam\u0131\u015ft\u0131r. Ya\u015fam\u0131 hakk\u0131nda \u00e7ok fazla bilgiye sahip olunmamakla birlikte eserlerinin baz\u0131 b\u00f6l\u00fcmlerinde kendisine dair k\u00fc\u00e7\u00fck kesitler sunar. Hellen literat\u00fcr\u00fcnde yer alan ilk belirgin bireysel ki\u015filik olarak da nitelenen Hesiodos\u2019un eserlerinde, Homeros\u2019tan farkl\u0131 olarak bariz bir sistematize etme \u00e7abas\u0131na rastlan\u0131r. Hesiodos\u2019un iki b\u00fcy\u00fck eseri bulunmaktad\u0131r. Bunlardan birincisi \u0130\u015fler ve G\u00fcnler ismini ta\u015f\u0131r. \u00c7ift\u00e7ilik, denizcilik, ticaret ya da ev i\u015fleri gibi konularda bilgi veren bu kitap sayesinde tarih\u00e7iler Arkaik \u00c7a\u011f\u2019daki g\u00fcnl\u00fck ya\u015fam \u00fczerine bilgi sahibi olabilmektedirler. \u0130kinci eseri olan Tanr\u0131lar\u0131n Do\u011fu\u015fu\u2019nda (Theogonia) ise Homeros\u2019tan da duydu\u011fumuz son derece kalabal\u0131k olan Hellen Tanr\u0131lar d\u00fcnyas\u0131n\u0131 d\u00fczenlemeye \u00e7al\u0131\u015f\u0131r. Sadece d\u00fczenlemekle kalmaz, zaman\u0131n\u0131n ba\u015fkonular\u0131ndan birisi olan kozmolojik kurguya da katk\u0131da bulunur. Furkan Akderin\u2019in Eski Yunancadan yapt\u0131\u011f\u0131 \u00e7evirilerle \u0130\u015fler ve G\u00fcnler ile Tanr\u0131lar\u0131n Do\u011fu\u015fu kitaplar\u0131n\u0131 bir arada sunuyoruz.<\/p>\n","protected":false},"excerpt":{"rendered":"<p>Hellen \u015fiirinin Homeros\u2019tan sonraki ikinci b\u00fcy\u00fck \u015fairi olarak an\u0131lan Hesidos, Askra\u2019da (Boiotia) do\u011fmu\u015f ve yakla\u015f\u0131k M\u00d6 700\u2019l\u00fc y\u0131llarda ya\u015fam\u0131\u015ft\u0131r. Ya\u015fam\u0131 hakk\u0131nda \u00e7ok fazla bilgiye sahip olunmamakla<span class=\"excerpt-hellip\"> [\u2026]<\/span><\/p>\n","protected":false},"featured_media":0,"template":"","meta":{"_monsterinsights_skip_tracking":false,"_monsterinsights_sitenote_active":false,"_monsterinsights_sitenote_note":"","_monsterinsights_sitenote_category":0},"product_brand":[],"product_cat":[12370,12304],"product_tag":[],"class_list":{"0":"post-695308","1":"product","2":"type-product","3":"status-publish","5":"product_cat-arastirma-inceleme","6":"product_cat-tarih","7":"pa_cilt-ciltsiz","8":"pa_tur-kitap","9":"pa_yayinevi-say-yayinlari","10":"pa_yazar-hesiodos","12":"first","13":"instock","14":"sale","15":"shipping-taxable","16":"purchasable","17":"product-type-simple"},"_links":{"self":[{"href":"https:\/\/roveyayinevi.com.tr\/index.php\/wp-json\/wp\/v2\/product\/695308","targetHints":{"allow":["GET"]}}],"collection":[{"href":"https:\/\/roveyayinevi.com.tr\/index.php\/wp-json\/wp\/v2\/product"}],"about":[{"href":"https:\/\/roveyayinevi.com.tr\/index.php\/wp-json\/wp\/v2\/types\/product"}],"wp:attachment":[{"href":"https:\/\/roveyayinevi.com.tr\/index.php\/wp-json\/wp\/v2\/media?parent=695308"}],"wp:term":[{"taxonomy":"product_brand","embeddable":true,"href":"https:\/\/roveyayinevi.com.tr\/index.php\/wp-json\/wp\/v2\/product_brand?post=695308"},{"taxonomy":"product_cat","embeddable":true,"href":"https:\/\/roveyayinevi.com.tr\/index.php\/wp-json\/wp\/v2\/product_cat?post=695308"},{"taxonomy":"product_tag","embeddable":true,"href":"https:\/\/roveyayinevi.com.tr\/index.php\/wp-json\/wp\/v2\/product_tag?post=695308"}],"curies":[{"name":"wp","href":"https:\/\/api.w.org\/{rel}","templated":true}]}}