{"id":695306,"date":"2025-08-27T14:27:52","date_gmt":"2025-08-27T11:27:52","guid":{"rendered":"https:\/\/roveyayinevi.com.tr\/index.php\/urun\/sinema-ve-sirlari\/"},"modified":"2025-11-06T02:42:29","modified_gmt":"2025-11-05T23:42:29","slug":"sinema-ve-sirlari","status":"publish","type":"product","link":"https:\/\/roveyayinevi.com.tr\/index.php\/urun\/sinema-ve-sirlari\/","title":{"rendered":"Sinema ve S\u0131rlar\u0131"},"content":{"rendered":"<p>G\u00f6lge tiyatrosundan b\u00fcy\u00fcl\u00fc fenere, Lumiere Karde\u015flerden Chapline&#8230; \u0130\u015fte sineman\u0131n 100 y\u0131l\u0131 a\u015fan \u00f6yk\u00fcs\u00fcnden kesintiler Sinema ile ilgili neler biliyorsunuz? Kitab\u0131n\u0131z\u0131n arkas\u0131ndaki kutuda bulduklar\u0131n\u0131zla \u00f6zel g\u00f6r\u00fcnt\u00fcler yarat\u0131n. Bu g\u00f6steriyi arkada\u015flar\u0131n\u0131zla payla\u015f\u0131n. Hem e\u011flenin hem \u00f6\u011frenin !  Bir kitab\u0131 a\u00e7mak bir s\u0131rr\u0131 ke\u015ffetmektir\u2026 Anneniz, baban\u0131z, karde\u015finiz yada arkada\u015flar\u0131n\u0131zla payla\u015faca\u011f\u0131n\u0131z s\u0131rlar, size e\u011flencenin ve yaratman\u0131n en heyecanl\u0131s\u0131n\u0131 ya\u015fatacak! <\/p>\n","protected":false},"excerpt":{"rendered":"<p>G\u00f6lge tiyatrosundan b\u00fcy\u00fcl\u00fc fenere, Lumiere Karde\u015flerden Chapline&#8230; \u0130\u015fte sineman\u0131n 100 y\u0131l\u0131 a\u015fan \u00f6yk\u00fcs\u00fcnden kesintiler Sinema ile ilgili neler biliyorsunuz? Kitab\u0131n\u0131z\u0131n arkas\u0131ndaki kutuda bulduklar\u0131n\u0131zla \u00f6zel g\u00f6r\u00fcnt\u00fcler yarat\u0131n.<span class=\"excerpt-hellip\"> [\u2026]<\/span><\/p>\n","protected":false},"featured_media":0,"template":"","meta":{"_monsterinsights_skip_tracking":false,"_monsterinsights_sitenote_active":false,"_monsterinsights_sitenote_note":"","_monsterinsights_sitenote_category":0},"product_brand":[],"product_cat":[12274,12649],"product_tag":[],"class_list":{"0":"post-695306","1":"product","2":"type-product","3":"status-publish","5":"product_cat-cocuk-ve-genclik-kitaplari","6":"product_cat-hobi-muzik","7":"pa_tur-kitap","8":"pa_yayinevi-abc-yayin-grubu","9":"pa_yazar-kolektif","11":"first","12":"instock","13":"sale","14":"shipping-taxable","15":"purchasable","16":"product-type-simple"},"_links":{"self":[{"href":"https:\/\/roveyayinevi.com.tr\/index.php\/wp-json\/wp\/v2\/product\/695306","targetHints":{"allow":["GET"]}}],"collection":[{"href":"https:\/\/roveyayinevi.com.tr\/index.php\/wp-json\/wp\/v2\/product"}],"about":[{"href":"https:\/\/roveyayinevi.com.tr\/index.php\/wp-json\/wp\/v2\/types\/product"}],"wp:attachment":[{"href":"https:\/\/roveyayinevi.com.tr\/index.php\/wp-json\/wp\/v2\/media?parent=695306"}],"wp:term":[{"taxonomy":"product_brand","embeddable":true,"href":"https:\/\/roveyayinevi.com.tr\/index.php\/wp-json\/wp\/v2\/product_brand?post=695306"},{"taxonomy":"product_cat","embeddable":true,"href":"https:\/\/roveyayinevi.com.tr\/index.php\/wp-json\/wp\/v2\/product_cat?post=695306"},{"taxonomy":"product_tag","embeddable":true,"href":"https:\/\/roveyayinevi.com.tr\/index.php\/wp-json\/wp\/v2\/product_tag?post=695306"}],"curies":[{"name":"wp","href":"https:\/\/api.w.org\/{rel}","templated":true}]}}