{"id":695305,"date":"2025-08-27T14:27:52","date_gmt":"2025-08-27T11:27:52","guid":{"rendered":"https:\/\/roveyayinevi.com.tr\/index.php\/urun\/genclik-halleri-2000li-yillar-turkiyesinde-genc-olmak\/"},"modified":"2026-04-03T02:08:42","modified_gmt":"2026-04-02T23:08:42","slug":"genclik-halleri-2000li-yillar-turkiyesinde-genc-olmak","status":"publish","type":"product","link":"https:\/\/roveyayinevi.com.tr\/index.php\/urun\/genclik-halleri-2000li-yillar-turkiyesinde-genc-olmak\/","title":{"rendered":"Gen\u00e7lik Halleri 2000\u2019li Y\u0131llar T\u00fcrkiye&#8217;sinde Gen\u00e7 Olmak"},"content":{"rendered":"<p>Gen\u00e7lik hakk\u0131nda bir\u00e7ok \u00f6nyarg\u0131 ve \u00f6nkabullerin yayg\u0131n oldu\u011fu T\u00fcrkiye\u2019de bir toplumsal kategori olarak gen\u00e7lik \u00fczerine odaklanan bilimsel \u00e7al\u0131\u015fmalar sosyal bilimler alan\u0131nda geni\u015f bir yere sahip de\u011fildir. Ancak \u00f6zellikle 2000\u2019lerin ikinci yar\u0131s\u0131ndan itibaren konu \u00fczerine \u00e7al\u0131\u015fan ara\u015ft\u0131rmac\u0131lar\u0131n gen\u00e7lik \u00e7al\u0131\u015fmalar\u0131n\u0131 h\u0131zla zenginle\u015ftirdi\u011fi de g\u00f6zden ka\u00e7mamal\u0131d\u0131r. Bu derleme kitapla, 2000\u2019li y\u0131llarda T\u00fcrkiye\u2019de gen\u00e7 olman\u0131n farkl\u0131 hallerine odaklanan \u00e7al\u0131\u015fmalar\u0131n biraraya toplanmas\u0131 ve b\u00f6ylece gen\u00e7lik alan\u0131n\u0131n farkl\u0131 noktalar\u0131na de\u011finen bu \u00e7al\u0131\u015fmalardan beslenecek yeni \u00e7al\u0131\u015fmalar\u0131n geli\u015fmesine katk\u0131 sa\u011flanmas\u0131 ama\u00e7lanm\u0131\u015ft\u0131r. Bu kitap i\u00e7inde yer alan makaleler, farkl\u0131 a\u00e7\u0131lardan 2000\u2019li y\u0131llardaki gen\u00e7lik hallerine odaklan\u0131rken farkl\u0131 gen\u00e7lik mitlerini kurcalamakta, gen\u00e7lerin 2000\u2019li y\u0131llar\u0131 birbirinden farkl\u0131 deneyimleme hallerini d\u00f6rt eksende (s\u0131n\u0131f, kimlik, k\u00fclt\u00fcr ve siyaset) mercek alt\u0131na almaktad\u0131r. <\/p>\n","protected":false},"excerpt":{"rendered":"<p>Gen\u00e7lik hakk\u0131nda bir\u00e7ok \u00f6nyarg\u0131 ve \u00f6nkabullerin yayg\u0131n oldu\u011fu T\u00fcrkiye\u2019de bir toplumsal kategori olarak gen\u00e7lik \u00fczerine odaklanan bilimsel \u00e7al\u0131\u015fmalar sosyal bilimler alan\u0131nda geni\u015f bir yere sahip de\u011fildir.<span class=\"excerpt-hellip\"> [\u2026]<\/span><\/p>\n","protected":false},"featured_media":0,"template":"","meta":{"_monsterinsights_skip_tracking":false,"_monsterinsights_sitenote_active":false,"_monsterinsights_sitenote_note":"","_monsterinsights_sitenote_category":0},"product_brand":[],"product_cat":[12364,12376],"product_tag":[],"class_list":{"0":"post-695305","1":"product","2":"type-product","3":"status-publish","5":"product_cat-genel-konular","6":"product_cat-kisisel-gelisim","7":"pa_cilt-ciltsiz","8":"pa_tur-kitap","9":"pa_yayinevi-efil-yayinevi","10":"pa_yazar-kollektif","12":"first","13":"instock","14":"sale","15":"shipping-taxable","16":"purchasable","17":"product-type-simple"},"_links":{"self":[{"href":"https:\/\/roveyayinevi.com.tr\/index.php\/wp-json\/wp\/v2\/product\/695305","targetHints":{"allow":["GET"]}}],"collection":[{"href":"https:\/\/roveyayinevi.com.tr\/index.php\/wp-json\/wp\/v2\/product"}],"about":[{"href":"https:\/\/roveyayinevi.com.tr\/index.php\/wp-json\/wp\/v2\/types\/product"}],"wp:attachment":[{"href":"https:\/\/roveyayinevi.com.tr\/index.php\/wp-json\/wp\/v2\/media?parent=695305"}],"wp:term":[{"taxonomy":"product_brand","embeddable":true,"href":"https:\/\/roveyayinevi.com.tr\/index.php\/wp-json\/wp\/v2\/product_brand?post=695305"},{"taxonomy":"product_cat","embeddable":true,"href":"https:\/\/roveyayinevi.com.tr\/index.php\/wp-json\/wp\/v2\/product_cat?post=695305"},{"taxonomy":"product_tag","embeddable":true,"href":"https:\/\/roveyayinevi.com.tr\/index.php\/wp-json\/wp\/v2\/product_tag?post=695305"}],"curies":[{"name":"wp","href":"https:\/\/api.w.org\/{rel}","templated":true}]}}