{"id":695304,"date":"2025-08-27T14:27:51","date_gmt":"2025-08-27T11:27:51","guid":{"rendered":"https:\/\/roveyayinevi.com.tr\/index.php\/urun\/mimarliga-yolculuk\/"},"modified":"2026-04-16T02:05:06","modified_gmt":"2026-04-15T23:05:06","slug":"mimarliga-yolculuk","status":"publish","type":"product","link":"https:\/\/roveyayinevi.com.tr\/index.php\/urun\/mimarliga-yolculuk\/","title":{"rendered":"Mimarl\u0131\u011fa Yolculuk"},"content":{"rendered":"<p>Mimarl\u0131\u011f\u0131n, \u201cya\u015famdan ve ya\u015fam\u0131 ku\u015fatan her \u015feyden, de\u011fi\u015fik dallardan, ilgili u\u011fra\u015f alanlar\u0131ndan bilgi toplayan, bunlar\u0131 \u00e7\u00f6z\u00fcmleyen, de\u011ferlendiren, kavramla\u015ft\u0131ran, bile\u015ftiren, sorun belirleyen, \u00e7\u00f6z\u00fcm se\u00e7eneklerini benimsedi\u011fi de\u011ferlerle kar\u015f\u0131la\u015ft\u0131rarak karar \u00fcreten bir beynin ve bu kararlar\u0131 bir sanat \u00fcr\u00fcn\u00fcne d\u00f6n\u00fc\u015ft\u00fcrebilen bir y\u00fcre\u011fin i\u015fi\u201d oldu\u011funu vurgulayan prof. dr. Esen Onat, bu kitab\u0131nda elli y\u0131l\u0131 a\u015fan mimarl\u0131k yolculu\u011funda ve e\u011fitimci kimli\u011finin \u0131\u015f\u0131\u011f\u0131nda edindi\u011fi deneyimleri, mimarl\u0131k yolculu\u011funa \u00e7\u0131km\u0131\u015f gen\u00e7lerle ve mimarl\u0131kla ilgilenen herkesle payla\u015f\u0131yor. Onat, mimarl\u0131k yolculu\u011funa \u00e7\u0131kmak isteyenlerle, hen\u00fcz yolculu\u011fun ba\u015f\u0131nda olan mimarl\u0131k \u00f6\u011frencilerine ve gen\u00e7 mimarlara seslenerek onlar\u0131n zihinlerinde soru i\u015faretleri uyand\u0131rmay\u0131, mimarl\u0131\u011f\u0131 olabildi\u011fince geni\u015f a\u00e7\u0131dan ve kendileriyle birlikte d\u00fc\u015f\u00fcnerek \u00f6z\u00fcmsemelerini hedefliyor; onlar\u0131n \u00f6ncelikle kendi i\u00e7 d\u00fcnyalar\u0131na y\u00f6nelmelerinin, kendi g\u00fc\u00e7lerini fark etmelerinin ve ki\u015fisel geli\u015fimlerini sa\u011flamalar\u0131n\u0131n \u00f6nemini vurguluyor. Onat, gerek mimar gerekse e\u011fitimci ve y\u00f6netici olarak s\u00fcrd\u00fcrd\u00fc\u011f\u00fc yolculukta eksikli\u011fini g\u00f6rd\u00fc\u011f\u00fc ve \u00f6nemsedi\u011fi konular \u00fczerinde durarak; mimarl\u0131k, ya\u015fama amac\u0131n\u0131z\u0131n neresinde? Olmazsa olmazlar\u0131 var m\u0131d\u0131r mimarl\u0131\u011f\u0131n? G\u00fcc\u00fc nelere yeter? G\u00f6stergeleri nelerdir? Mimarl\u0131k \u00f6\u011fretilebilir mi? A\u015f\u0131lmas\u0131 gereken en \u00f6nemli engel nedir? Nereden, nas\u0131l ba\u015flamal\u0131? De\u011ferler \u00fczerinden nas\u0131l d\u00fc\u015f\u00fcnmeli? Tasar\u0131m s\u00fcreci nas\u0131l ya\u015fanmal\u0131? gibi pek \u00e7ok soruya yan\u0131t arayarak mimarl\u0131k yolcular\u0131na, ak\u0131c\u0131 bir dille, \u0131\u015f\u0131k tutuyor.<\/p>\n","protected":false},"excerpt":{"rendered":"<p>Mimarl\u0131\u011f\u0131n, \u201cya\u015famdan ve ya\u015fam\u0131 ku\u015fatan her \u015feyden, de\u011fi\u015fik dallardan, ilgili u\u011fra\u015f alanlar\u0131ndan bilgi toplayan, bunlar\u0131 \u00e7\u00f6z\u00fcmleyen, de\u011ferlendiren, kavramla\u015ft\u0131ran, bile\u015ftiren, sorun belirleyen, \u00e7\u00f6z\u00fcm se\u00e7eneklerini benimsedi\u011fi de\u011ferlerle kar\u015f\u0131la\u015ft\u0131rarak<span class=\"excerpt-hellip\"> [\u2026]<\/span><\/p>\n","protected":false},"featured_media":0,"template":"","meta":{"_monsterinsights_skip_tracking":false,"_monsterinsights_sitenote_active":false,"_monsterinsights_sitenote_note":"","_monsterinsights_sitenote_category":0},"product_brand":[],"product_cat":[19373,12408],"product_tag":[],"class_list":{"0":"post-695304","1":"product","2":"type-product","3":"status-publish","5":"product_cat-grafik-sanatlar","6":"product_cat-sanat","7":"pa_cilt-ciltsiz","8":"pa_tur-kitap","9":"pa_yayinevi-efil-yayinevi","10":"pa_yazar-esen-onat","12":"first","13":"instock","14":"sale","15":"shipping-taxable","16":"purchasable","17":"product-type-simple"},"_links":{"self":[{"href":"https:\/\/roveyayinevi.com.tr\/index.php\/wp-json\/wp\/v2\/product\/695304","targetHints":{"allow":["GET"]}}],"collection":[{"href":"https:\/\/roveyayinevi.com.tr\/index.php\/wp-json\/wp\/v2\/product"}],"about":[{"href":"https:\/\/roveyayinevi.com.tr\/index.php\/wp-json\/wp\/v2\/types\/product"}],"wp:attachment":[{"href":"https:\/\/roveyayinevi.com.tr\/index.php\/wp-json\/wp\/v2\/media?parent=695304"}],"wp:term":[{"taxonomy":"product_brand","embeddable":true,"href":"https:\/\/roveyayinevi.com.tr\/index.php\/wp-json\/wp\/v2\/product_brand?post=695304"},{"taxonomy":"product_cat","embeddable":true,"href":"https:\/\/roveyayinevi.com.tr\/index.php\/wp-json\/wp\/v2\/product_cat?post=695304"},{"taxonomy":"product_tag","embeddable":true,"href":"https:\/\/roveyayinevi.com.tr\/index.php\/wp-json\/wp\/v2\/product_tag?post=695304"}],"curies":[{"name":"wp","href":"https:\/\/api.w.org\/{rel}","templated":true}]}}