{"id":695296,"date":"2025-08-27T14:27:49","date_gmt":"2025-08-27T11:27:49","guid":{"rendered":"https:\/\/roveyayinevi.com.tr\/index.php\/urun\/tom-amcanin-kulubesi-2\/"},"modified":"2026-04-16T02:05:06","modified_gmt":"2026-04-15T23:05:06","slug":"tom-amcanin-kulubesi-2","status":"publish","type":"product","link":"https:\/\/roveyayinevi.com.tr\/index.php\/urun\/tom-amcanin-kulubesi-2\/","title":{"rendered":"Tom Amca\u2019n\u0131n Kul\u00fcbesi"},"content":{"rendered":"<p>\u00c7ocuk edebiyat\u0131n\u0131n en se\u00e7kin \u00f6rneklerinin yer ald\u0131\u011f\u0131 Arkada\u015f \u00c7ocuk Serisi&#8217;ne tamam\u0131 resimli bir kitap daha eklendi. Ali Aydo\u011fan taraf\u0131ndan, \u00f6zenli ve titiz bir \u00e7al\u0131\u015fmayla dilimize uyarlanan, tamam\u0131 \u00f6zg\u00fcn \u00e7izimlerle bezenmi\u015f kitaplar, \u00e7ocuklar\u0131n dil e\u011fitimine \u00f6nemli katk\u0131da bulunacak.  \u0130\u00e7erdikleri hikaye ve masallarla \u00e7ocuklara iyili\u011fi ve k\u00f6t\u00fcl\u00fc\u011f\u00fc, adaleti, payla\u015fmay\u0131, empati kurmay\u0131, do\u011fay\u0131 sevmeyi, kalabal\u0131k i\u00e7inde birey olabilmeyi anlatan bu kitaplar, ak\u0131c\u0131 anlat\u0131mlar\u0131 ve birbirinden g\u00fczel \u00e7izimleriyle \u00f6ne \u00e7\u0131k\u0131yorlar. \u0130lk\u00f6\u011fretim \u00f6\u011frencileri taraf\u0131ndan okunmas\u0131 tavsiye edilen eserlerden olu\u015fan bu \u00f6zel \u00e7al\u0131\u015fmay\u0131 gen\u00e7 okurlara sunmaktan mutluluk duyuyoruz. Tom, \u00e7ok iyi kalpli bir \u00e7iftlik sahibinin k\u00f6lesi olan ve \u00e7ok sevilen ya\u015fl\u0131 bir zencidir. Ailesi ile birlikte ya\u015fad\u0131\u011f\u0131 bu \u00e7iftlikte \u00e7ok mutlu bir ya\u015famlar\u0131 vard\u0131r. O, herkesin Tom Amca&#8217;s\u0131d\u0131r. Fakat sahibi bor\u00e7lar\u0131na kar\u015f\u0131l\u0131k onu satmak zorunda kal\u0131r. Ailesinden ve \u00e7iftlikten ayr\u0131ld\u0131\u011f\u0131na \u00e7ok \u00fcz\u00fclen Tom Amca, yeni efendisinin emirlerine kar\u015f\u0131 gelmez ve Mississippi Nehri \u00fczerinden giden bir gemiye binerek, bilinmezli\u011fe do\u011fru yola \u00e7\u0131kar. \u00d6nce zengin bir eve sat\u0131l\u0131r. G\u00f6revi evin k\u0131z\u0131 Eva ile ilgilenmektir. Eva \u00f6l\u00fcmc\u00fcl hastad\u0131r. K\u00f6lelerin durumlar\u0131na da \u00e7ok \u00fcz\u00fclmektedir. Son arzusu k\u00f6lelerin serbest b\u0131rak\u0131lmas\u0131d\u0131r. Babas\u0131 k\u00f6leleri serbest b\u0131rakamadan bir kavgada \u00f6l\u00fcnce Tom Amca&#8217;n\u0131n \u00f6zg\u00fcrl\u00fc\u011f\u00fcne kavu\u015fma hayalleri suya d\u00fc\u015fer. T\u00fcm k\u00f6leler bir pamuk \u00e7iftli\u011fine sat\u0131l\u0131r. Yeni sahipleri onlara \u00e7ok k\u00f6t\u00fc davranmaktad\u0131r.  Tom Amca yeniden kar\u015f\u0131 kar\u015f\u0131ya kald\u0131\u011f\u0131 bu zorlu g\u00fcnlerin \u00fcstesinden gelebilecek midir?<\/p>\n","protected":false},"excerpt":{"rendered":"<p>\u00c7ocuk edebiyat\u0131n\u0131n en se\u00e7kin \u00f6rneklerinin yer ald\u0131\u011f\u0131 Arkada\u015f \u00c7ocuk Serisi&#8217;ne tamam\u0131 resimli bir kitap daha eklendi. Ali Aydo\u011fan taraf\u0131ndan, \u00f6zenli ve titiz bir \u00e7al\u0131\u015fmayla dilimize uyarlanan,<span class=\"excerpt-hellip\"> [\u2026]<\/span><\/p>\n","protected":false},"featured_media":0,"template":"","meta":{"_monsterinsights_skip_tracking":false,"_monsterinsights_sitenote_active":false,"_monsterinsights_sitenote_note":"","_monsterinsights_sitenote_category":0},"product_brand":[],"product_cat":[12275,12274],"product_tag":[],"class_list":{"0":"post-695296","1":"product","2":"type-product","3":"status-publish","5":"product_cat-6-12-yas-kitaplari","6":"product_cat-cocuk-ve-genclik-kitaplari","7":"pa_cilt-ciltsiz","8":"pa_tur-kitap","9":"pa_yayinevi-arkadas-yayinlari","10":"pa_yazar-harriet-beecher-stowe","12":"first","13":"instock","14":"sale","15":"shipping-taxable","16":"purchasable","17":"product-type-simple"},"_links":{"self":[{"href":"https:\/\/roveyayinevi.com.tr\/index.php\/wp-json\/wp\/v2\/product\/695296","targetHints":{"allow":["GET"]}}],"collection":[{"href":"https:\/\/roveyayinevi.com.tr\/index.php\/wp-json\/wp\/v2\/product"}],"about":[{"href":"https:\/\/roveyayinevi.com.tr\/index.php\/wp-json\/wp\/v2\/types\/product"}],"wp:attachment":[{"href":"https:\/\/roveyayinevi.com.tr\/index.php\/wp-json\/wp\/v2\/media?parent=695296"}],"wp:term":[{"taxonomy":"product_brand","embeddable":true,"href":"https:\/\/roveyayinevi.com.tr\/index.php\/wp-json\/wp\/v2\/product_brand?post=695296"},{"taxonomy":"product_cat","embeddable":true,"href":"https:\/\/roveyayinevi.com.tr\/index.php\/wp-json\/wp\/v2\/product_cat?post=695296"},{"taxonomy":"product_tag","embeddable":true,"href":"https:\/\/roveyayinevi.com.tr\/index.php\/wp-json\/wp\/v2\/product_tag?post=695296"}],"curies":[{"name":"wp","href":"https:\/\/api.w.org\/{rel}","templated":true}]}}