{"id":695294,"date":"2025-08-27T14:27:49","date_gmt":"2025-08-27T11:27:49","guid":{"rendered":"https:\/\/roveyayinevi.com.tr\/index.php\/urun\/yurt-gezileri\/"},"modified":"2026-04-16T02:05:06","modified_gmt":"2026-04-15T23:05:06","slug":"yurt-gezileri","status":"publish","type":"product","link":"https:\/\/roveyayinevi.com.tr\/index.php\/urun\/yurt-gezileri\/","title":{"rendered":"Yurt Gezileri"},"content":{"rendered":"<p>Anadolu \u201cKonfor Palas\u2019larla dolu. Yollar\u0131n \u00fczerinde Konfor palas yaz\u0131l\u0131, oklu levhalar var. Bu Konfor Palaslarda hela bile yok, gerisini siz d\u00fc\u015f\u00fcn\u00fcn. Helalar yap\u0131lardan ayr\u0131, uzakta, bir koca aral\u0131k, bir pis \u00e7ukur&#8230;Konfordan Palastan a\u015fa\u011f\u0131s\u0131 kurtarm\u0131yor. Palaspamd\u0131ras\u0131n ad\u0131n\u0131 Konfor Palas koymu\u015flar.Ad\u0131 de\u011fi\u015fti mi, her \u015fey de\u011fi\u015fir bellemi\u015fiz. Baksan\u0131za, bize demokrasinin ad\u0131ndan bir \u015fey var m\u0131?D\u0131\u015far\u0131dan bak, Konfor Palas. \u0130\u00e7i palaspand\u0131ras&#8230;D\u0131\u015f\u0131ndan bak, demokrasi. D\u0131\u015f\u0131 seni yakar, i\u00e7i beni&#8230; <\/p>\n","protected":false},"excerpt":{"rendered":"<p>Anadolu \u201cKonfor Palas\u2019larla dolu. Yollar\u0131n \u00fczerinde Konfor palas yaz\u0131l\u0131, oklu levhalar var. Bu Konfor Palaslarda hela bile yok, gerisini siz d\u00fc\u015f\u00fcn\u00fcn. Helalar yap\u0131lardan ayr\u0131, uzakta, bir<span class=\"excerpt-hellip\"> [\u2026]<\/span><\/p>\n","protected":false},"featured_media":0,"template":"","meta":{"_monsterinsights_skip_tracking":false,"_monsterinsights_sitenote_active":false,"_monsterinsights_sitenote_note":"","_monsterinsights_sitenote_category":0},"product_brand":[],"product_cat":[12365,12364],"product_tag":[],"class_list":{"0":"post-695294","1":"product","2":"type-product","3":"status-publish","5":"product_cat-diger-genel-konular","6":"product_cat-genel-konular","7":"pa_tur-kitap","8":"pa_yayinevi-nesin-yayinlari","9":"pa_yazar-aziz-nesin","11":"first","12":"instock","13":"sale","14":"shipping-taxable","15":"purchasable","16":"product-type-simple"},"_links":{"self":[{"href":"https:\/\/roveyayinevi.com.tr\/index.php\/wp-json\/wp\/v2\/product\/695294","targetHints":{"allow":["GET"]}}],"collection":[{"href":"https:\/\/roveyayinevi.com.tr\/index.php\/wp-json\/wp\/v2\/product"}],"about":[{"href":"https:\/\/roveyayinevi.com.tr\/index.php\/wp-json\/wp\/v2\/types\/product"}],"wp:attachment":[{"href":"https:\/\/roveyayinevi.com.tr\/index.php\/wp-json\/wp\/v2\/media?parent=695294"}],"wp:term":[{"taxonomy":"product_brand","embeddable":true,"href":"https:\/\/roveyayinevi.com.tr\/index.php\/wp-json\/wp\/v2\/product_brand?post=695294"},{"taxonomy":"product_cat","embeddable":true,"href":"https:\/\/roveyayinevi.com.tr\/index.php\/wp-json\/wp\/v2\/product_cat?post=695294"},{"taxonomy":"product_tag","embeddable":true,"href":"https:\/\/roveyayinevi.com.tr\/index.php\/wp-json\/wp\/v2\/product_tag?post=695294"}],"curies":[{"name":"wp","href":"https:\/\/api.w.org\/{rel}","templated":true}]}}