{"id":695293,"date":"2025-08-27T14:27:49","date_gmt":"2025-08-27T11:27:49","guid":{"rendered":"https:\/\/roveyayinevi.com.tr\/index.php\/urun\/yonetici-olmak-icin-bilmeniz-gereken-14-sey\/"},"modified":"2026-04-16T02:05:06","modified_gmt":"2026-04-15T23:05:06","slug":"yonetici-olmak-icin-bilmeniz-gereken-14-sey","status":"publish","type":"product","link":"https:\/\/roveyayinevi.com.tr\/index.php\/urun\/yonetici-olmak-icin-bilmeniz-gereken-14-sey\/","title":{"rendered":"Y\u00f6netici Olmak \u0130\u00e7in Bilmeniz Gereken 14 \u015eey"},"content":{"rendered":"","protected":false},"excerpt":{"rendered":"","protected":false},"featured_media":0,"template":"","meta":{"_monsterinsights_skip_tracking":false,"_monsterinsights_sitenote_active":false,"_monsterinsights_sitenote_note":"","_monsterinsights_sitenote_category":0},"product_brand":[],"product_cat":[13043,14754],"product_tag":[],"class_list":{"0":"post-695293","1":"product","2":"type-product","3":"status-publish","5":"product_cat-ekonomi","6":"product_cat-halkla-iliskiler-insan-kaynaklari","7":"pa_tur-kitap","8":"pa_yayinevi-efil-yayinevi","9":"pa_yazar-ozgur-dogerlioglu","11":"first","12":"instock","13":"sale","14":"shipping-taxable","15":"purchasable","16":"product-type-simple"},"_links":{"self":[{"href":"https:\/\/roveyayinevi.com.tr\/index.php\/wp-json\/wp\/v2\/product\/695293","targetHints":{"allow":["GET"]}}],"collection":[{"href":"https:\/\/roveyayinevi.com.tr\/index.php\/wp-json\/wp\/v2\/product"}],"about":[{"href":"https:\/\/roveyayinevi.com.tr\/index.php\/wp-json\/wp\/v2\/types\/product"}],"wp:attachment":[{"href":"https:\/\/roveyayinevi.com.tr\/index.php\/wp-json\/wp\/v2\/media?parent=695293"}],"wp:term":[{"taxonomy":"product_brand","embeddable":true,"href":"https:\/\/roveyayinevi.com.tr\/index.php\/wp-json\/wp\/v2\/product_brand?post=695293"},{"taxonomy":"product_cat","embeddable":true,"href":"https:\/\/roveyayinevi.com.tr\/index.php\/wp-json\/wp\/v2\/product_cat?post=695293"},{"taxonomy":"product_tag","embeddable":true,"href":"https:\/\/roveyayinevi.com.tr\/index.php\/wp-json\/wp\/v2\/product_tag?post=695293"}],"curies":[{"name":"wp","href":"https:\/\/api.w.org\/{rel}","templated":true}]}}