{"id":695291,"date":"2025-08-27T14:27:48","date_gmt":"2025-08-27T11:27:48","guid":{"rendered":"https:\/\/roveyayinevi.com.tr\/index.php\/urun\/otizme-cozum-var\/"},"modified":"2026-04-16T02:05:06","modified_gmt":"2026-04-15T23:05:06","slug":"otizme-cozum-var","status":"publish","type":"product","link":"https:\/\/roveyayinevi.com.tr\/index.php\/urun\/otizme-cozum-var\/","title":{"rendered":"Otizme \u00c7\u00f6z\u00fcm Var!"},"content":{"rendered":"<p>Otizm \u015fu anda, b\u00fct\u00fcn d\u00fcnyada salg\u0131n hastal\u0131k gibi yay\u0131l\u0131yor. Veba gibi&#8230; Sorumlusu hepimiziz. D\u00fcnyay\u0131 kirletenler&#8230; Analar\u0131n\u0131n rahminde bile onlara ula\u015fmay\u0131 ba\u015faran zehirlerden kurtulam\u0131yor baz\u0131 bebekler. Baz\u0131lar\u0131 b\u00fcy\u00fcy\u00fcnce hastalanmas\u0131nlar diye vurulduklar\u0131 a\u015f\u0131dan, antibiyotikten, baz\u0131lar\u0131 annelerinin i\u00e7ti\u011fi renkli gazozdan, sa\u00e7 boyas\u0131ndan, tar\u0131m ilac\u0131ndan zehirleniyor. Mide-ba\u011f\u0131rsak sorunlar\u0131, bunlara ba\u011fl\u0131 olarak geli\u015fen vitamin, mineral ve amino asit eksiklikleri, ba\u015fta s\u00fct ve bu\u011fday olmak \u00fczere \u00e7e\u015fitli g\u0131da proteinlerine kar\u015f\u0131 geli\u015fen besin tahamm\u00fcls\u00fczl\u00fckleri, yeteri kadar g\u00fcne\u015flenmeme ve maruz kal\u0131nan \u00e7e\u015fitli toksinler bir araya geldi\u011finde otizm tablosu olu\u015fuyor. Herkesin g\u00f6rd\u00fc\u011f\u00fc gibi g\u00f6remiyor, i\u015fitti\u011fi gibi i\u015fitemiyor, kafalar\u0131n\u0131n i\u00e7inde bir \u0131\u015f\u0131k ve ses bombard\u0131man\u0131yla ya\u015f\u0131yor otizmli \u00e7ocuklar&#8230;Bu kitab\u0131n yazarlar\u0131 &#8220;Otizm tedavi edilebilir ve \u00f6nlenebilir bir hastal\u0131kt\u0131r&#8221; diyor. Prof. Dr. Ahmet Ayd\u0131n 10 y\u0131ld\u0131r otizmin biyomedikal tedavisi ile ilgileniyor. Dr. Cem K\u0131nac\u0131 ise uluslararas\u0131 DAN protokol\u00fcn\u00fcn (Defeat Autism Now! &#8211; Otizmi \u015eimdi Yen!) T\u00fcrkiye&#8217;deki ilk hekimi. Kitap, otizmi ailesinde ya\u015fayanlara yard\u0131mc\u0131 olmay\u0131 hedefliyor. Otistik \u00e7ocuklar\u0131n nas\u0131l tedavi edilebilece\u011finin yolunu g\u00f6steriyor. Konuyla ilgilenen hekimlere \u0131\u015f\u0131k tutuyor, d\u00fcnya \u00e7ap\u0131ndaki literat\u00fcr\u00fc tar\u0131yor. As\u0131l hedefiyse ba\u015fka, hen\u00fcz do\u011fmam\u0131\u015f \u00e7ocuklar\u0131 kurtarmak&#8230; Alaca\u011f\u0131n\u0131z \u00f6nlemlerle, yiyip i\u00e7ti\u011finize, kullanaca\u011f\u0131n\u0131z kozmeti\u011fe, duvar boyas\u0131na g\u00f6sterece\u011finiz \u00f6zenle bu salg\u0131n\u0131n \u00f6n\u00fcne ge\u00e7mek m\u00fcmk\u00fcn. \u015eu kadar\u0131n\u0131 s\u00f6yleyelim: Bir anne, sadece yo\u011furt mayalamakla bile \u00e7ocuklar\u0131n\u0131n hayat\u0131n\u0131 de\u011fi\u015ftirebilir!Aile kurmay\u0131 d\u00fc\u015f\u00fcnenler, bebek bekleyenler, k\u00fc\u00e7\u00fck bebe\u011fi olanlar&#8230; Bu kitab\u0131 l\u00fctfen okuyun! <\/p>\n","protected":false},"excerpt":{"rendered":"<p>Otizm \u015fu anda, b\u00fct\u00fcn d\u00fcnyada salg\u0131n hastal\u0131k gibi yay\u0131l\u0131yor. Veba gibi&#8230; Sorumlusu hepimiziz. D\u00fcnyay\u0131 kirletenler&#8230; Analar\u0131n\u0131n rahminde bile onlara ula\u015fmay\u0131 ba\u015faran zehirlerden kurtulam\u0131yor baz\u0131 bebekler. Baz\u0131lar\u0131<span class=\"excerpt-hellip\"> [\u2026]<\/span><\/p>\n","protected":false},"featured_media":0,"template":"","meta":{"_monsterinsights_skip_tracking":false,"_monsterinsights_sitenote_active":false,"_monsterinsights_sitenote_note":"","_monsterinsights_sitenote_category":0},"product_brand":[],"product_cat":[20313,13365],"product_tag":[],"class_list":{"0":"post-695291","1":"product","2":"type-product","3":"status-publish","5":"product_cat-basvuru-kitaplari-saglik","6":"product_cat-saglik","7":"pa_cilt-ciltsiz","8":"pa_tur-kitap","9":"pa_yayinevi-hayykitap","10":"pa_yazar-ahmet-aydin","12":"first","13":"instock","14":"sale","15":"shipping-taxable","16":"purchasable","17":"product-type-simple"},"_links":{"self":[{"href":"https:\/\/roveyayinevi.com.tr\/index.php\/wp-json\/wp\/v2\/product\/695291","targetHints":{"allow":["GET"]}}],"collection":[{"href":"https:\/\/roveyayinevi.com.tr\/index.php\/wp-json\/wp\/v2\/product"}],"about":[{"href":"https:\/\/roveyayinevi.com.tr\/index.php\/wp-json\/wp\/v2\/types\/product"}],"wp:attachment":[{"href":"https:\/\/roveyayinevi.com.tr\/index.php\/wp-json\/wp\/v2\/media?parent=695291"}],"wp:term":[{"taxonomy":"product_brand","embeddable":true,"href":"https:\/\/roveyayinevi.com.tr\/index.php\/wp-json\/wp\/v2\/product_brand?post=695291"},{"taxonomy":"product_cat","embeddable":true,"href":"https:\/\/roveyayinevi.com.tr\/index.php\/wp-json\/wp\/v2\/product_cat?post=695291"},{"taxonomy":"product_tag","embeddable":true,"href":"https:\/\/roveyayinevi.com.tr\/index.php\/wp-json\/wp\/v2\/product_tag?post=695291"}],"curies":[{"name":"wp","href":"https:\/\/api.w.org\/{rel}","templated":true}]}}