{"id":695288,"date":"2025-08-27T14:27:48","date_gmt":"2025-08-27T11:27:48","guid":{"rendered":"https:\/\/roveyayinevi.com.tr\/index.php\/urun\/koruma-onarim\/"},"modified":"2026-04-16T02:05:06","modified_gmt":"2026-04-15T23:05:06","slug":"koruma-onarim","status":"publish","type":"product","link":"https:\/\/roveyayinevi.com.tr\/index.php\/urun\/koruma-onarim\/","title":{"rendered":"Koruma Onar\u0131m"},"content":{"rendered":"<p>&#8220;Neyi korumak isteriz? Bizim i\u00e7in de\u011ferli olan\u0131, an\u0131lar\u0131 olan\u0131, tarihsel olan\u0131&#8230;   Bize dek ya\u015fayarak gelebilmi\u015f olan\u0131, \u00f6n a\u00e7m\u0131\u015f, \u00f6n a\u00e7an gelene\u011fi&#8230;   B\u00f6yle bir \u015feyin bozulmamas\u0131n\u0131, niteliklerini yitirmemesini, y\u0131pranmamas\u0131n\u0131, yok olmamas\u0131n\u0131 isteriz. Giderek b\u00fct\u00fcn bu \u00f6zellikleriyle bizden sonra da s\u00fcrs\u00fcn, ya\u015fas\u0131n isteriz&#8230; \u00c7ocuklar\u0131m\u0131za, torunlar\u0131m\u0131za da aktarmak isteriz onu&#8230; Onlar da de\u011ferini bilsinler isteriz&#8230; B\u00f6ylece onlar da ki\u015filiklerini, geleceklerini daha sa\u011fl\u0131kl\u0131, daha insana yak\u0131\u015facak bi\u00e7imde kurabileceklerdir.&#8221;B\u00f6yle sunuyor kitab\u0131n\u0131 Cengiz Bekta\u015f&#8230; Geleneksel yap\u0131 sanat\u0131m\u0131z\u0131n ya\u015fat\u0131lmas\u0131 ve i\u015flevsellik kazanmas\u0131 i\u00e7in u\u011fra\u015f veren say\u0131l\u0131 sanat\u00e7\u0131lar\u0131m\u0131zdan birisi olarak s\u00fcrekli \u00e7aba g\u00f6steriyor. \u0130\u00e7indekiler; Koruma &#8211; Yurdumuzdaki K\u00fclt\u00fcr Varl\u0131klar\u0131 &#8211; K\u00fclt\u00fcr Varl\u0131klar\u0131n\u0131n Korunmas\u0131yla \u0130lgili Yasal \u00c7er\u00e7eve &#8211; Tarihsel Yap\u0131da Ger\u00e7ek Sayg\u0131 Onar\u0131m Onar\u0131m Tasar\u0131m ve Uygulamalar\u0131m &#8211; \u00d6nce \u00d6zbekler Tekkesi&#8217;nin Onar\u0131m Tasar\u0131m\u0131 ve Uygulamas\u0131 &#8211; Hali\u00e7&#8217;in G\u00fcney K\u0131y\u0131s\u0131nda Ye\u015fil Alan \u0130\u00e7inde Kalan, Tarihi An\u0131t Olarak Tescilli Evleri ve Bir \u00c7e\u015fmeyi Onar\u0131p Yeniden \u0130\u015fleve Kavu\u015fturma Tasar\u0131m\u0131yla \u0130lgili Bildirge Hali\u00e7&#8217;te Onar\u0131mlar &#8211; Ey\u00fcp&#8217;teki \u00c7ocuk Oyuncaklar\u0131 Evi &#8211; \u00c7e\u015fme &#8211; \u00c7ocuklar ve B\u00fcy\u00fckler i\u00e7in Kitapl\u0131k &#8211; PTT &#8211; 18. Y\u00fczy\u0131l Evi Kuzguncuk Onar\u0131mlar\u0131 &#8211; Kuzguncuk&#8217;ta D\u00f6rt Duvar Olmayan Bir Ev, Bir de Ey\u00fcp Usta &#8211; \u00dcryanizade Sokak 47 &#8211; \u00dcryanizade Sokak 37 &#8211; \u00d6mer Erzeren Evi &#8211; Esin Aksoy Evi &#8211; Padar Evi &#8211; Turgaylar\u0131n Evi &#8211; G\u00fczel \u00c7ar\u015f\u0131s\u0131 Talat Pa\u015fa Kona\u011f\u0131 \u00dcstay Av K\u00f6\u015fk\u00fc Mu\u011fla&#8217;da Bir Ev Davutpa\u015fa Medresesi <\/p>\n","protected":false},"excerpt":{"rendered":"<p>&#8220;Neyi korumak isteriz? Bizim i\u00e7in de\u011ferli olan\u0131, an\u0131lar\u0131 olan\u0131, tarihsel olan\u0131&#8230; Bize dek ya\u015fayarak gelebilmi\u015f olan\u0131, \u00f6n a\u00e7m\u0131\u015f, \u00f6n a\u00e7an gelene\u011fi&#8230; B\u00f6yle bir \u015feyin bozulmamas\u0131n\u0131, niteliklerini<span class=\"excerpt-hellip\"> [\u2026]<\/span><\/p>\n","protected":false},"featured_media":0,"template":"","meta":{"_monsterinsights_skip_tracking":false,"_monsterinsights_sitenote_active":false,"_monsterinsights_sitenote_note":"","_monsterinsights_sitenote_category":0},"product_brand":[],"product_cat":[13512,12408],"product_tag":[],"class_list":{"0":"post-695288","1":"product","2":"type-product","3":"status-publish","5":"product_cat-mimarlik","6":"product_cat-sanat","7":"pa_cilt-ciltsiz","8":"pa_tur-kitap","9":"pa_yayinevi-literatur-yayinevi","10":"pa_yazar-cengiz-bektas","12":"first","13":"instock","14":"sale","15":"shipping-taxable","16":"purchasable","17":"product-type-simple"},"_links":{"self":[{"href":"https:\/\/roveyayinevi.com.tr\/index.php\/wp-json\/wp\/v2\/product\/695288","targetHints":{"allow":["GET"]}}],"collection":[{"href":"https:\/\/roveyayinevi.com.tr\/index.php\/wp-json\/wp\/v2\/product"}],"about":[{"href":"https:\/\/roveyayinevi.com.tr\/index.php\/wp-json\/wp\/v2\/types\/product"}],"wp:attachment":[{"href":"https:\/\/roveyayinevi.com.tr\/index.php\/wp-json\/wp\/v2\/media?parent=695288"}],"wp:term":[{"taxonomy":"product_brand","embeddable":true,"href":"https:\/\/roveyayinevi.com.tr\/index.php\/wp-json\/wp\/v2\/product_brand?post=695288"},{"taxonomy":"product_cat","embeddable":true,"href":"https:\/\/roveyayinevi.com.tr\/index.php\/wp-json\/wp\/v2\/product_cat?post=695288"},{"taxonomy":"product_tag","embeddable":true,"href":"https:\/\/roveyayinevi.com.tr\/index.php\/wp-json\/wp\/v2\/product_tag?post=695288"}],"curies":[{"name":"wp","href":"https:\/\/api.w.org\/{rel}","templated":true}]}}