{"id":695287,"date":"2025-08-27T14:27:47","date_gmt":"2025-08-27T11:27:47","guid":{"rendered":"https:\/\/roveyayinevi.com.tr\/index.php\/urun\/antidepresan-tuzagi\/"},"modified":"2026-04-16T02:05:06","modified_gmt":"2026-04-15T23:05:06","slug":"antidepresan-tuzagi","status":"publish","type":"product","link":"https:\/\/roveyayinevi.com.tr\/index.php\/urun\/antidepresan-tuzagi\/","title":{"rendered":"Antidepresan Tuza\u011f\u0131"},"content":{"rendered":"<p>En basit kayg\u0131lar\u0131n, en insani endi\u015felerin &#8216;depresyon&#8217; olarak yaftaland\u0131\u011f\u0131 bir zamanda ya\u015f\u0131yoruz. Hayat\u0131n normal ak\u0131\u015f\u0131 i\u00e7indeki s\u0131radan \u00fcz\u00fcnt\u00fcleri ya\u015fayanlar\u0131n hepsi psikiyari sekt\u00f6r\u00fc nezdinde potansiyel birer hasta. Ve sekt\u00f6re g\u00f6re bu devasa potansiyelin tamam\u0131 antidepresan ila\u00e7lar kullanmak zorunda!Ger\u00e7ekten de antidepresan ila\u00e7larda b\u00fcy\u00fck bir tuzak var. Bu ila\u00e7lar\u0131n kullan\u0131m\u0131 T\u00fcrkiye&#8217;de 2003 y\u0131l\u0131nda yakla\u015f\u0131k 14 milyon kutuyken, 2012 y\u0131l\u0131nda 37 milyon kutuyu a\u015fm\u0131\u015f bulunuyor. \u015eimdi neredeyse her ev a\u011fz\u0131na kadar bu &#8216;mutluluk&#8217; haplar\u0131yla dolu, onlar\u0131 kullan\u0131yoruz ve &#8216;mutlu&#8217; oldu\u011fumuz zannediyoruz! Gereksiz depresyon te\u015fhisi ve gereksiz ila\u00e7 kullan\u0131m\u0131 alm\u0131\u015f ba\u015f\u0131n\u0131 gitmi\u015f durumda.Psikiyatrist Mutluhan \u0130zmir mesleki hayat\u0131 boyunca, uzun s\u00fcreli antidepresan kullan\u0131m\u0131n\u0131n insanlarda yaratt\u0131\u011f\u0131 riskleri, &#8216;sinsi&#8217; ki\u015filik de\u011fi\u015fimlerini v eintihar e\u011filimini g\u00f6zlemledi. Psikiyatri prati\u011finin, insanlara bol miktarda ila\u00e7 kulland\u0131rma prati\u011fine d\u00f6n\u00fc\u015ft\u00fc\u011f\u00fcne tan\u0131k oldu. Belki toplumun y\u00fcze 5&#8217;i i\u00e7in ger\u00e7ekten gerekli olan bu ila\u00e7lar\u0131n kullan\u0131m oran\u0131 y\u00fcze 50&#8217;leri a\u015f\u0131nca dayanamad\u0131! Bu gidi\u015fe &#8216;dur&#8217; demek, halk\u0131 tuzaklara kar\u015f\u0131 uyarmak i\u00e7in bukitab\u0131 yazd\u0131.Antidepresan Tuza\u011f\u0131&#8217;n\u0131 okuyunca &#8216;depresyon&#8217; ger\u00e7e\u011fi ile y\u00fczle\u015feceksiniz! Belki bo\u015f yere i\u00e7ti\u011finiz antidepresanlar y\u00fcz\u00fcnden gerileceksiniz ama &#8216;hasta&#8217; olmad\u0131\u011f\u0131n\u0131z\u0131 anlay\u0131nca \u00e7ok sevineceksiniz. Tak\u0131nt\u0131lar\u0131n\u0131z, korkular\u0131n\u0131z, endi\u015feleriniz, panikleriniz ya da a\u015f\u0131r\u0131 stres y\u00fcz\u00fcnden ya\u015fad\u0131\u011f\u0131n\u0131z s\u0131k\u0131nt\u0131lar\u0131n ger\u00e7ek sebebinin ne oldu\u011funu anlay\u0131p sa\u011fl\u0131\u011f\u0131n\u0131za kavu\u015fman\u0131n anahtar\u0131n\u0131 bulacaks\u0131n\u0131z! <\/p>\n","protected":false},"excerpt":{"rendered":"<p>En basit kayg\u0131lar\u0131n, en insani endi\u015felerin &#8216;depresyon&#8217; olarak yaftaland\u0131\u011f\u0131 bir zamanda ya\u015f\u0131yoruz. Hayat\u0131n normal ak\u0131\u015f\u0131 i\u00e7indeki s\u0131radan \u00fcz\u00fcnt\u00fcleri ya\u015fayanlar\u0131n hepsi psikiyari sekt\u00f6r\u00fc nezdinde potansiyel birer hasta.<span class=\"excerpt-hellip\"> [\u2026]<\/span><\/p>\n","protected":false},"featured_media":0,"template":"","meta":{"_monsterinsights_skip_tracking":false,"_monsterinsights_sitenote_active":false,"_monsterinsights_sitenote_note":"","_monsterinsights_sitenote_category":0},"product_brand":[],"product_cat":[14787,13488],"product_tag":[],"class_list":{"0":"post-695287","1":"product","2":"type-product","3":"status-publish","5":"product_cat-diger-toplum-ve-insan","6":"product_cat-toplum-ve-insan","7":"pa_cilt-ciltsiz","8":"pa_tur-kitap","9":"pa_yayinevi-hayykitap","10":"pa_yazar-mutluhan-izmir","12":"first","13":"instock","14":"sale","15":"shipping-taxable","16":"purchasable","17":"product-type-simple"},"_links":{"self":[{"href":"https:\/\/roveyayinevi.com.tr\/index.php\/wp-json\/wp\/v2\/product\/695287","targetHints":{"allow":["GET"]}}],"collection":[{"href":"https:\/\/roveyayinevi.com.tr\/index.php\/wp-json\/wp\/v2\/product"}],"about":[{"href":"https:\/\/roveyayinevi.com.tr\/index.php\/wp-json\/wp\/v2\/types\/product"}],"wp:attachment":[{"href":"https:\/\/roveyayinevi.com.tr\/index.php\/wp-json\/wp\/v2\/media?parent=695287"}],"wp:term":[{"taxonomy":"product_brand","embeddable":true,"href":"https:\/\/roveyayinevi.com.tr\/index.php\/wp-json\/wp\/v2\/product_brand?post=695287"},{"taxonomy":"product_cat","embeddable":true,"href":"https:\/\/roveyayinevi.com.tr\/index.php\/wp-json\/wp\/v2\/product_cat?post=695287"},{"taxonomy":"product_tag","embeddable":true,"href":"https:\/\/roveyayinevi.com.tr\/index.php\/wp-json\/wp\/v2\/product_tag?post=695287"}],"curies":[{"name":"wp","href":"https:\/\/api.w.org\/{rel}","templated":true}]}}