{"id":695283,"date":"2025-08-27T14:27:46","date_gmt":"2025-08-27T11:27:46","guid":{"rendered":"https:\/\/roveyayinevi.com.tr\/index.php\/urun\/izafiyet-teorisi\/"},"modified":"2026-04-16T02:05:06","modified_gmt":"2026-04-15T23:05:06","slug":"izafiyet-teorisi","status":"publish","type":"product","link":"https:\/\/roveyayinevi.com.tr\/index.php\/urun\/izafiyet-teorisi\/","title":{"rendered":"\u0130zafiyet Teorisi"},"content":{"rendered":"<p>1916\u2019da Nobel Fizik \u00d6d\u00fcl\u00fc\u2019n\u00fc alan Einstein\u2019in ad\u0131yla \u00f6zde\u015fle\u015fen \u0130zafiyet Teorisi ge\u00e7erlili\u011fini kan\u0131tlam\u0131\u015f en temel fizik kuramlar\u0131ndan biridir. Einstein\u2019\u0131n s\u00f6zleriyle, \u201cbir lise mezununun anlayabilece\u011fi d\u00fczeyde\u201d kaleme al\u0131nan kitap, kuramsal fizi\u011fin matematiksel y\u00f6n\u00fcn\u00fc pek tan\u0131mayan okuyucular\u0131n \u0130zafiyet Teorisi\u2019ni tam olarak anlayabilmelerini sa\u011flamak amac\u0131yla yaz\u0131lm\u0131\u015ft\u0131r. \u00d6l\u00fcnceye dek n\u00fckleer silah \u00fcreticileriyle m\u00fccadele eden \u00fcnl\u00fc fizik\u00e7inin d\u00fc\u015f\u00fcncelerini -hi\u00e7 ku\u015fkusuz- s\u0131k\u0131lmadan, kurmaca metinlerden ald\u0131\u011f\u0131n\u0131z hazza e\u015fde\u011fer bir hazla okuyacaks\u0131n\u0131z. \u201cFizikle pek u\u011fra\u015fmam\u0131\u015f olan okuyucular\u0131n ayr\u0131nt\u0131lara bo\u011fulup a\u011fa\u00e7lardan orman\u0131 g\u00f6remez hale gelmesini istemedim. Umar\u0131m kitap okuyucuya d\u00fc\u015f\u00fcnce dolu birka\u00e7 nefis saat ge\u00e7irtebilir!  A. EINSTEIN <\/p>\n","protected":false},"excerpt":{"rendered":"<p>1916\u2019da Nobel Fizik \u00d6d\u00fcl\u00fc\u2019n\u00fc alan Einstein\u2019in ad\u0131yla \u00f6zde\u015fle\u015fen \u0130zafiyet Teorisi ge\u00e7erlili\u011fini kan\u0131tlam\u0131\u015f en temel fizik kuramlar\u0131ndan biridir. Einstein\u2019\u0131n s\u00f6zleriyle, \u201cbir lise mezununun anlayabilece\u011fi d\u00fczeyde\u201d kaleme al\u0131nan<span class=\"excerpt-hellip\"> [\u2026]<\/span><\/p>\n","protected":false},"featured_media":0,"template":"","meta":{"_monsterinsights_skip_tracking":false,"_monsterinsights_sitenote_active":false,"_monsterinsights_sitenote_note":"","_monsterinsights_sitenote_category":0},"product_brand":[],"product_cat":[13005,13006],"product_tag":[],"class_list":{"0":"post-695283","1":"product","2":"type-product","3":"status-publish","5":"product_cat-bilim-muhendislik","6":"product_cat-populer-bilim","7":"pa_cilt-ciltsiz","8":"pa_tur-kitap","9":"pa_yayinevi-say-yayinlari","10":"pa_yazar-albert-einstein","12":"first","13":"instock","14":"sale","15":"shipping-taxable","16":"purchasable","17":"product-type-simple"},"_links":{"self":[{"href":"https:\/\/roveyayinevi.com.tr\/index.php\/wp-json\/wp\/v2\/product\/695283","targetHints":{"allow":["GET"]}}],"collection":[{"href":"https:\/\/roveyayinevi.com.tr\/index.php\/wp-json\/wp\/v2\/product"}],"about":[{"href":"https:\/\/roveyayinevi.com.tr\/index.php\/wp-json\/wp\/v2\/types\/product"}],"wp:attachment":[{"href":"https:\/\/roveyayinevi.com.tr\/index.php\/wp-json\/wp\/v2\/media?parent=695283"}],"wp:term":[{"taxonomy":"product_brand","embeddable":true,"href":"https:\/\/roveyayinevi.com.tr\/index.php\/wp-json\/wp\/v2\/product_brand?post=695283"},{"taxonomy":"product_cat","embeddable":true,"href":"https:\/\/roveyayinevi.com.tr\/index.php\/wp-json\/wp\/v2\/product_cat?post=695283"},{"taxonomy":"product_tag","embeddable":true,"href":"https:\/\/roveyayinevi.com.tr\/index.php\/wp-json\/wp\/v2\/product_tag?post=695283"}],"curies":[{"name":"wp","href":"https:\/\/api.w.org\/{rel}","templated":true}]}}