{"id":695281,"date":"2025-08-27T14:27:46","date_gmt":"2025-08-27T11:27:46","guid":{"rendered":"https:\/\/roveyayinevi.com.tr\/index.php\/urun\/fotografta-pratik-kompozisyon\/"},"modified":"2026-04-16T02:05:06","modified_gmt":"2026-04-15T23:05:06","slug":"fotografta-pratik-kompozisyon","status":"publish","type":"product","link":"https:\/\/roveyayinevi.com.tr\/index.php\/urun\/fotografta-pratik-kompozisyon\/","title":{"rendered":"Foto\u011frafta Pratik Kompozisyon"},"content":{"rendered":"<p>Kompozisyon, \u00f6zellikle foto\u011fraf sanat\u0131nda \u00e7ok \u00f6nemli ve i\u00e7i doldurulmas\u0131 zor bir kavram. Kompozisyonu \u201czihindeki imgenin foto\u011fraf makinesi arac\u0131l\u0131\u011f\u0131yla k\u00e2\u011f\u0131da aktar\u0131lmas\u0131\u201d olarak tan\u0131mlayabiliriz. Ancak bu imgenin, imge arac\u0131l\u0131\u011f\u0131yla ifade edilmek istenen \u015feyin do\u011fas\u0131na da uygun olmas\u0131; \u00e7er\u00e7eve, leke d\u00fczeni, \u0131\u015f\u0131k ve malzeme bilgisiyle desteklenmesi gerekiyor. \u00dcsluptan ba\u011f\u0131ms\u0131z bir kompozisyon d\u00fc\u015f\u00fcn\u00fclebilir mi? Foto\u011fraf sanat\u00e7\u0131s\u0131 Faruk Akba\u015f, foto\u011fraf \u00e7ekiminde \u00f6nemli olan\u0131n deklan\u015f\u00f6re zaman\u0131nda basmak olmad\u0131\u011f\u0131n\u0131, foto\u011fraf\u0131n olu\u015fabilmesi i\u00e7in pek \u00e7ok \u00f6\u011fenin do\u011fru bi\u00e7imde ve zamanda bir araya gelmesi gerekti\u011fini ve foto\u011frafta \u201ckompozisyon\u201dun ne denli belirleyici oldu\u011funu t\u00fcm esaslar\u0131yla ortaya koyuyor. Foto\u011frafta Pratik Kompozisyon, foto\u011fraf \u00e7ekiminde \u201ckompozisyon\u201d bilgisine ihtiya\u00e7 duyan amat\u00f6r ya da profesyonel t\u00fcm foto\u011fraf\u00e7\u0131lar\u0131n yararlanabilece\u011fi ve her zaman elinizin alt\u0131nda olacak g\u00fcncel bir kavram. <\/p>\n","protected":false},"excerpt":{"rendered":"<p>Kompozisyon, \u00f6zellikle foto\u011fraf sanat\u0131nda \u00e7ok \u00f6nemli ve i\u00e7i doldurulmas\u0131 zor bir kavram. Kompozisyonu \u201czihindeki imgenin foto\u011fraf makinesi arac\u0131l\u0131\u011f\u0131yla k\u00e2\u011f\u0131da aktar\u0131lmas\u0131\u201d olarak tan\u0131mlayabiliriz. Ancak bu imgenin, imge<span class=\"excerpt-hellip\"> [\u2026]<\/span><\/p>\n","protected":false},"featured_media":0,"template":"","meta":{"_monsterinsights_skip_tracking":false,"_monsterinsights_sitenote_active":false,"_monsterinsights_sitenote_note":"","_monsterinsights_sitenote_category":0},"product_brand":[],"product_cat":[12409,12408],"product_tag":[],"class_list":{"0":"post-695281","1":"product","2":"type-product","3":"status-publish","5":"product_cat-fotograf-sinema-tiyatro","6":"product_cat-sanat","7":"pa_cilt-ciltsiz","8":"pa_tur-kitap","9":"pa_yayinevi-say-yayinlari","10":"pa_yazar-faruk-akbas","12":"first","13":"instock","14":"sale","15":"shipping-taxable","16":"purchasable","17":"product-type-simple"},"_links":{"self":[{"href":"https:\/\/roveyayinevi.com.tr\/index.php\/wp-json\/wp\/v2\/product\/695281","targetHints":{"allow":["GET"]}}],"collection":[{"href":"https:\/\/roveyayinevi.com.tr\/index.php\/wp-json\/wp\/v2\/product"}],"about":[{"href":"https:\/\/roveyayinevi.com.tr\/index.php\/wp-json\/wp\/v2\/types\/product"}],"wp:attachment":[{"href":"https:\/\/roveyayinevi.com.tr\/index.php\/wp-json\/wp\/v2\/media?parent=695281"}],"wp:term":[{"taxonomy":"product_brand","embeddable":true,"href":"https:\/\/roveyayinevi.com.tr\/index.php\/wp-json\/wp\/v2\/product_brand?post=695281"},{"taxonomy":"product_cat","embeddable":true,"href":"https:\/\/roveyayinevi.com.tr\/index.php\/wp-json\/wp\/v2\/product_cat?post=695281"},{"taxonomy":"product_tag","embeddable":true,"href":"https:\/\/roveyayinevi.com.tr\/index.php\/wp-json\/wp\/v2\/product_tag?post=695281"}],"curies":[{"name":"wp","href":"https:\/\/api.w.org\/{rel}","templated":true}]}}