{"id":695277,"date":"2025-08-27T14:27:45","date_gmt":"2025-08-27T11:27:45","guid":{"rendered":"https:\/\/roveyayinevi.com.tr\/index.php\/urun\/harry-potter-ve-sirlar-odasi-2-kitap\/"},"modified":"2026-04-16T02:05:06","modified_gmt":"2026-04-15T23:05:06","slug":"harry-potter-ve-sirlar-odasi-2-kitap","status":"publish","type":"product","link":"https:\/\/roveyayinevi.com.tr\/index.php\/urun\/harry-potter-ve-sirlar-odasi-2-kitap\/","title":{"rendered":"Harry Potter ve S\u0131rlar Odas\u0131 (2. Kitap)"},"content":{"rendered":"<p>\u201cBir komplo var, Harry Potter. Bu y\u0131l Hogwarts Cad\u0131l\u0131k ve B\u00fcy\u00fcc\u00fcl\u00fck Okulu\u2019nda deh\u015fet verici \u015feyler yapmak i\u00e7in bir komplo.\u201d Dursley\u2019ler o yaz \u00f6ylesine \u00e7ekilmez olmu\u015flard\u0131r ki,  Harry bir an \u00f6nce okulu Hogwarts\u2019a geri d\u00f6nmek i\u00e7in can atmaktad\u0131r. E\u015fyalar\u0131n\u0131 toplarken ortaya \u00e7\u0131kan ev cini Dobby ise onu uyar\u0131r: Hogwarts\u2019a d\u00f6nerse, bir felaket olacakt\u0131r. Olur da: S\u0131rlar Odas\u0131\u2019n\u0131n a\u00e7\u0131lmas\u0131yla ortaya \u00e7\u0131kan karanl\u0131k bir g\u00fc\u00e7, Hogwarts\u2019takileri ta\u015fa \u00e7evirmeye ba\u015flar. Harry, hayat\u0131n\u0131 tehlikeye atarak, Oda\u2019n\u0131n elli y\u0131ll\u0131k \u00f6l\u00fcmc\u00fcl gizemini \u00e7\u00f6zmeye \u00e7al\u0131\u015f\u0131r. Ve ger\u00e7ekten de ba\u015f\u0131na gelmedik felaket kalmaz.<\/p>\n","protected":false},"excerpt":{"rendered":"<p>\u201cBir komplo var, Harry Potter. Bu y\u0131l Hogwarts Cad\u0131l\u0131k ve B\u00fcy\u00fcc\u00fcl\u00fck Okulu\u2019nda deh\u015fet verici \u015feyler yapmak i\u00e7in bir komplo.\u201d Dursley\u2019ler o yaz \u00f6ylesine \u00e7ekilmez olmu\u015flard\u0131r ki,<span class=\"excerpt-hellip\"> [\u2026]<\/span><\/p>\n","protected":false},"featured_media":0,"template":"","meta":{"_monsterinsights_skip_tracking":false,"_monsterinsights_sitenote_active":false,"_monsterinsights_sitenote_note":"","_monsterinsights_sitenote_category":0},"product_brand":[],"product_cat":[12291,14777],"product_tag":[],"class_list":{"0":"post-695277","1":"product","2":"type-product","3":"status-publish","5":"product_cat-edebiyat","6":"product_cat-fantastik","7":"pa_cilt-ciltsiz","8":"pa_tur-kitap","9":"pa_yayinevi-yapi-kredi-yayinlari","10":"pa_yazar-j-k-rowling","12":"first","13":"instock","14":"sale","15":"shipping-taxable","16":"purchasable","17":"product-type-simple"},"_links":{"self":[{"href":"https:\/\/roveyayinevi.com.tr\/index.php\/wp-json\/wp\/v2\/product\/695277","targetHints":{"allow":["GET"]}}],"collection":[{"href":"https:\/\/roveyayinevi.com.tr\/index.php\/wp-json\/wp\/v2\/product"}],"about":[{"href":"https:\/\/roveyayinevi.com.tr\/index.php\/wp-json\/wp\/v2\/types\/product"}],"wp:attachment":[{"href":"https:\/\/roveyayinevi.com.tr\/index.php\/wp-json\/wp\/v2\/media?parent=695277"}],"wp:term":[{"taxonomy":"product_brand","embeddable":true,"href":"https:\/\/roveyayinevi.com.tr\/index.php\/wp-json\/wp\/v2\/product_brand?post=695277"},{"taxonomy":"product_cat","embeddable":true,"href":"https:\/\/roveyayinevi.com.tr\/index.php\/wp-json\/wp\/v2\/product_cat?post=695277"},{"taxonomy":"product_tag","embeddable":true,"href":"https:\/\/roveyayinevi.com.tr\/index.php\/wp-json\/wp\/v2\/product_tag?post=695277"}],"curies":[{"name":"wp","href":"https:\/\/api.w.org\/{rel}","templated":true}]}}