{"id":695276,"date":"2025-08-27T14:27:44","date_gmt":"2025-08-27T11:27:44","guid":{"rendered":"https:\/\/roveyayinevi.com.tr\/index.php\/urun\/bereketli-olsun\/"},"modified":"2026-04-16T02:05:06","modified_gmt":"2026-04-15T23:05:06","slug":"bereketli-olsun","status":"publish","type":"product","link":"https:\/\/roveyayinevi.com.tr\/index.php\/urun\/bereketli-olsun\/","title":{"rendered":"Bereketli Olsun"},"content":{"rendered":"<p>Uluslararas\u0131 yemek kitaplar\u0131 yar\u0131\u015fmas\u0131 Gourmand World Cookbook Awards   Best Easy Recipes Cookbook in Turkish   (En Kolay Yemek Tarifleri Kitab\u0131) ve   Best Chef Book in Turkish   (En \u0130yi \u015eef Kitab\u0131) kategorilerinde alt\u0131n madalya ile \u00f6d\u00fcllendirilen G\u00f6n\u00fcl Canda\u015f&#8217;tan a\u011fz\u0131n\u0131za lay\u0131k yemek, tatl\u0131, pasta, bisk\u00fcvi ve i\u00e7e\u00e7ek tarifleri. <\/p>\n","protected":false},"excerpt":{"rendered":"<p>Uluslararas\u0131 yemek kitaplar\u0131 yar\u0131\u015fmas\u0131 Gourmand World Cookbook Awards Best Easy Recipes Cookbook in Turkish (En Kolay Yemek Tarifleri Kitab\u0131) ve Best Chef Book in Turkish (En<span class=\"excerpt-hellip\"> [\u2026]<\/span><\/p>\n","protected":false},"featured_media":0,"template":"","meta":{"_monsterinsights_skip_tracking":false,"_monsterinsights_sitenote_active":false,"_monsterinsights_sitenote_note":"","_monsterinsights_sitenote_category":0},"product_brand":[],"product_cat":[12458,12457],"product_tag":[],"class_list":{"0":"post-695276","1":"product","2":"type-product","3":"status-publish","5":"product_cat-turk-mutfagi","6":"product_cat-yemek-kitaplari","7":"pa_cilt-ciltsiz","8":"pa_tur-kitap","9":"pa_yayinevi-arkadas-yayinlari","10":"pa_yazar-gonul-candas","12":"first","13":"instock","14":"sale","15":"shipping-taxable","16":"purchasable","17":"product-type-simple"},"_links":{"self":[{"href":"https:\/\/roveyayinevi.com.tr\/index.php\/wp-json\/wp\/v2\/product\/695276","targetHints":{"allow":["GET"]}}],"collection":[{"href":"https:\/\/roveyayinevi.com.tr\/index.php\/wp-json\/wp\/v2\/product"}],"about":[{"href":"https:\/\/roveyayinevi.com.tr\/index.php\/wp-json\/wp\/v2\/types\/product"}],"wp:attachment":[{"href":"https:\/\/roveyayinevi.com.tr\/index.php\/wp-json\/wp\/v2\/media?parent=695276"}],"wp:term":[{"taxonomy":"product_brand","embeddable":true,"href":"https:\/\/roveyayinevi.com.tr\/index.php\/wp-json\/wp\/v2\/product_brand?post=695276"},{"taxonomy":"product_cat","embeddable":true,"href":"https:\/\/roveyayinevi.com.tr\/index.php\/wp-json\/wp\/v2\/product_cat?post=695276"},{"taxonomy":"product_tag","embeddable":true,"href":"https:\/\/roveyayinevi.com.tr\/index.php\/wp-json\/wp\/v2\/product_tag?post=695276"}],"curies":[{"name":"wp","href":"https:\/\/api.w.org\/{rel}","templated":true}]}}