{"id":695275,"date":"2025-08-27T14:27:44","date_gmt":"2025-08-27T11:27:44","guid":{"rendered":"https:\/\/roveyayinevi.com.tr\/index.php\/urun\/fotografin-buyusu-isik\/"},"modified":"2026-04-16T02:05:06","modified_gmt":"2026-04-15T23:05:06","slug":"fotografin-buyusu-isik","status":"publish","type":"product","link":"https:\/\/roveyayinevi.com.tr\/index.php\/urun\/fotografin-buyusu-isik\/","title":{"rendered":"Foto\u011fraf\u0131n B\u00fcy\u00fcs\u00fc: I\u015f\u0131k"},"content":{"rendered":"<p>Foto\u011frafa ilk ba\u015flad\u0131\u011f\u0131m y\u0131llarda foto\u011fraf makinesinin, iyi bir foto\u011fraf elde etmek i\u00e7in en \u00f6nemli ara\u00e7 oldu\u011funa inan\u0131rd\u0131m. Hatta o g\u00fcnlerde \u00e7ok \u00fcnl\u00fc olan bir foto\u011fraf makinesini ald\u0131\u011f\u0131m takdirde, benim de \u00f6zendi\u011fim foto\u011fraf\u00e7\u0131lar gibi g\u00fczel foto\u011fraflar \u00e7ekebilece\u011fimi d\u00fc\u015f\u00fcn\u00fcrd\u00fcm. Asl\u0131nda bilginin bu kadar yayg\u0131n olmad\u0131\u011f\u0131 o y\u0131llarda akranlar\u0131m\u0131n da d\u00fc\u015f\u00fcnceleri, benimkinden \u00e7ok farkl\u0131 de\u011fildi. \u00c7ok uzun s\u00fcre bu ama\u00e7 u\u011fruna para biriktirip o foto\u011fraf makinesini ald\u0131ktan sonra, \u00e7ekti\u011fim foto\u011fraflarda \u00f6nemli bir de\u011fi\u015fiklik g\u00f6remeyince hem kendimi, hem de foto\u011fraf\u0131 sorgulamaya ba\u015flad\u0131m. Bulabildi\u011fim kaynaklardan okumalar yaparak nerede yanl\u0131\u015f yapt\u0131\u011f\u0131m\u0131 bulmaya \u00e7al\u0131\u015ft\u0131m. Bu sorgulamalar\u0131ma ra\u011fmen \u0131\u015f\u0131\u011f\u0131n bir foto\u011fraf \u00fczerindeki etkisini ancak akademik e\u011fitim ald\u0131\u011f\u0131m 90\u2019l\u0131 y\u0131llarda \u00f6\u011frenebildim. I\u015f\u0131\u011f\u0131n obje \u00fczerindeki ayd\u0131nlatmay\u0131 sa\u011flamas\u0131yla birlikte, formu da olu\u015fturmas\u0131n\u0131 \u00f6rnek \u00e7al\u0131\u015fmalarla ve e\u011fitim s\u00fcresinde \u00e7ekmi\u015f oldu\u011fum \u00f6devlerle daha da zihnimde oturdu. \u00d6zellikle do\u011fal \u0131\u015f\u0131\u011f\u0131n kontrol\u00fcn\u00fcn yapay \u0131\u015f\u0131ktan daha zor oldu\u011funu \u00f6\u011frendi\u011fimde foto\u011fraf ad\u0131na kafamda binlerce \u0131\u015f\u0131k yand\u0131. Yapay \u0131\u015f\u0131\u011f\u0131n kontrol\u00fcn\u00fcn de asl\u0131nda anlat\u0131ld\u0131\u011f\u0131 gibi zor olmad\u0131\u011f\u0131n\u0131 \u00f6\u011frendi\u011fimde de, yapay \u0131\u015f\u0131\u011f\u0131 daha fazla kullan\u0131r oldum. Bu nedenle gerek do\u011fada, gerekse st\u00fcdyoda, do\u011fru \u0131\u015f\u0131\u011f\u0131 kullanan foto\u011fraf\u00e7\u0131n\u0131n iyi foto\u011fraf \u00e7ekebilece\u011fini art\u0131k daha iyi biliyorum. \u00d6zer Kanburo\u011flu\u2019nun Yay\u0131nevimizden \u00c7\u0131kan Di\u011fer Kitaplar\u0131: A\u2019dan Z\u2019ye Foto\u011fraf 100 Soruda Dijital Foto\u011fraf Rehberi Dijital Foto\u011frafta Yarat\u0131c\u0131 Teknikler Foto\u011fraf Teknik Okumalar\u0131 \u0130yi Foto\u011fraf Nas\u0131l \u00c7ekilir? <\/p>\n","protected":false},"excerpt":{"rendered":"<p>Foto\u011frafa ilk ba\u015flad\u0131\u011f\u0131m y\u0131llarda foto\u011fraf makinesinin, iyi bir foto\u011fraf elde etmek i\u00e7in en \u00f6nemli ara\u00e7 oldu\u011funa inan\u0131rd\u0131m. Hatta o g\u00fcnlerde \u00e7ok \u00fcnl\u00fc olan bir foto\u011fraf makinesini<span class=\"excerpt-hellip\"> [\u2026]<\/span><\/p>\n","protected":false},"featured_media":0,"template":"","meta":{"_monsterinsights_skip_tracking":false,"_monsterinsights_sitenote_active":false,"_monsterinsights_sitenote_note":"","_monsterinsights_sitenote_category":0},"product_brand":[],"product_cat":[12409,12408],"product_tag":[],"class_list":{"0":"post-695275","1":"product","2":"type-product","3":"status-publish","5":"product_cat-fotograf-sinema-tiyatro","6":"product_cat-sanat","7":"pa_tur-kitap","8":"pa_yayinevi-say-yayinlari","9":"pa_yazar-ozer-kanburoglu","11":"first","12":"instock","13":"sale","14":"shipping-taxable","15":"purchasable","16":"product-type-simple"},"_links":{"self":[{"href":"https:\/\/roveyayinevi.com.tr\/index.php\/wp-json\/wp\/v2\/product\/695275","targetHints":{"allow":["GET"]}}],"collection":[{"href":"https:\/\/roveyayinevi.com.tr\/index.php\/wp-json\/wp\/v2\/product"}],"about":[{"href":"https:\/\/roveyayinevi.com.tr\/index.php\/wp-json\/wp\/v2\/types\/product"}],"wp:attachment":[{"href":"https:\/\/roveyayinevi.com.tr\/index.php\/wp-json\/wp\/v2\/media?parent=695275"}],"wp:term":[{"taxonomy":"product_brand","embeddable":true,"href":"https:\/\/roveyayinevi.com.tr\/index.php\/wp-json\/wp\/v2\/product_brand?post=695275"},{"taxonomy":"product_cat","embeddable":true,"href":"https:\/\/roveyayinevi.com.tr\/index.php\/wp-json\/wp\/v2\/product_cat?post=695275"},{"taxonomy":"product_tag","embeddable":true,"href":"https:\/\/roveyayinevi.com.tr\/index.php\/wp-json\/wp\/v2\/product_tag?post=695275"}],"curies":[{"name":"wp","href":"https:\/\/api.w.org\/{rel}","templated":true}]}}