{"id":695274,"date":"2025-08-27T14:27:44","date_gmt":"2025-08-27T11:27:44","guid":{"rendered":"https:\/\/roveyayinevi.com.tr\/index.php\/urun\/mimarligin-abcsi\/"},"modified":"2026-04-16T02:05:06","modified_gmt":"2026-04-15T23:05:06","slug":"mimarligin-abcsi","status":"publish","type":"product","link":"https:\/\/roveyayinevi.com.tr\/index.php\/urun\/mimarligin-abcsi\/","title":{"rendered":"Mimarl\u0131\u011f\u0131n Abc\u2019si"},"content":{"rendered":"<p>Mimarl\u0131\u011f\u0131n ABC\u2019si, mimarl\u0131\u011f\u0131, bir b\u00fcy\u00fck  Mimarl\u0131k  anlat\u0131s\u0131 olarak de\u011fil, tekillikler \u00fczerinden tart\u0131\u015f\u0131yor. Bu kitapta ama\u00e7lanan, mimarl\u0131\u011f\u0131, g\u00fcndelik hayatlar\u0131m\u0131z\u0131n ve g\u00fcndelik kullan\u0131mlar\u0131m\u0131z\u0131n uza\u011f\u0131nda bir  y\u00fcksek  noktaya konumland\u0131rmak yerine, onun tam da g\u00fcndelik hayatlar\u0131m\u0131z\u0131n i\u00e7inde, g\u00fcndelik pratiklerimiz arac\u0131l\u0131\u011f\u0131yla var oldu\u011funu hat\u0131rlatmak. Yani bu kitap, mimarl\u0131k hakk\u0131nda fikri olmayan okuyucu i\u00e7in konuya giri\u015f niteli\u011finde bir kitap de\u011fil. Tersine, her okuyucunun asl\u0131nda mimarl\u0131k hakk\u0131nda fikri oldu\u011fu g\u00f6r\u00fc\u015f\u00fcnden hareket ediyor. italyan d\u00fc\u015f\u00fcn\u00fcr Antonio Gramsci\u2019nin (zihin sahibi oldu\u011fu i\u00e7in) her bireyin entelekt\u00fcel oldu\u011funu s\u00f6ylemesi gibi, hepimiz mimarl\u0131\u011f\u0131n kullan\u0131c\u0131lar\u0131 ve t\u00fcketicileri, dolay\u0131s\u0131yla ayn\u0131 zamanda (yeniden) \u00fcreticileri ve ele\u015ftirmenleriyiz. -B\u00fclent Batuman- Bir meslek olarak de\u011fil, ya\u015fanan \u00e7evre ve toplumsal bir hak olarak mimarl\u0131ktan s\u00f6z eden Mimarl\u0131\u011f\u0131n ABC\u2019si, mimar\u0131n ve mimarl\u0131\u011f\u0131n tan\u0131m\u0131ndan ba\u015flayarak, mimarl\u0131k ile tasar\u0131m, do\u011fa, kent, g\u00f6r\u00fcnt\u00fc ve politika ba\u015fl\u0131klar\u0131ndan olu\u015fan b\u00f6l\u00fcmleriyle, T\u00fcrkiye\u2019deki g\u00fcncel mimarl\u0131k tart\u0131\u015fmalar\u0131na da \u00f6zg\u00fcn yorumlar getiriyor. <\/p>\n","protected":false},"excerpt":{"rendered":"<p>Mimarl\u0131\u011f\u0131n ABC\u2019si, mimarl\u0131\u011f\u0131, bir b\u00fcy\u00fck Mimarl\u0131k anlat\u0131s\u0131 olarak de\u011fil, tekillikler \u00fczerinden tart\u0131\u015f\u0131yor. Bu kitapta ama\u00e7lanan, mimarl\u0131\u011f\u0131, g\u00fcndelik hayatlar\u0131m\u0131z\u0131n ve g\u00fcndelik kullan\u0131mlar\u0131m\u0131z\u0131n uza\u011f\u0131nda bir y\u00fcksek noktaya konumland\u0131rmak<span class=\"excerpt-hellip\"> [\u2026]<\/span><\/p>\n","protected":false},"featured_media":0,"template":"","meta":{"_monsterinsights_skip_tracking":false,"_monsterinsights_sitenote_active":false,"_monsterinsights_sitenote_note":"","_monsterinsights_sitenote_category":0},"product_brand":[],"product_cat":[12573,12566],"product_tag":[],"class_list":{"0":"post-695274","1":"product","2":"type-product","3":"status-publish","5":"product_cat-akademik-kitaplar","6":"product_cat-egitim","7":"pa_cilt-ciltsiz","8":"pa_tur-kitap","9":"pa_yayinevi-say-yayinlari","10":"pa_yazar-bulent-batuman","12":"first","13":"instock","14":"sale","15":"shipping-taxable","16":"purchasable","17":"product-type-simple"},"_links":{"self":[{"href":"https:\/\/roveyayinevi.com.tr\/index.php\/wp-json\/wp\/v2\/product\/695274","targetHints":{"allow":["GET"]}}],"collection":[{"href":"https:\/\/roveyayinevi.com.tr\/index.php\/wp-json\/wp\/v2\/product"}],"about":[{"href":"https:\/\/roveyayinevi.com.tr\/index.php\/wp-json\/wp\/v2\/types\/product"}],"wp:attachment":[{"href":"https:\/\/roveyayinevi.com.tr\/index.php\/wp-json\/wp\/v2\/media?parent=695274"}],"wp:term":[{"taxonomy":"product_brand","embeddable":true,"href":"https:\/\/roveyayinevi.com.tr\/index.php\/wp-json\/wp\/v2\/product_brand?post=695274"},{"taxonomy":"product_cat","embeddable":true,"href":"https:\/\/roveyayinevi.com.tr\/index.php\/wp-json\/wp\/v2\/product_cat?post=695274"},{"taxonomy":"product_tag","embeddable":true,"href":"https:\/\/roveyayinevi.com.tr\/index.php\/wp-json\/wp\/v2\/product_tag?post=695274"}],"curies":[{"name":"wp","href":"https:\/\/api.w.org\/{rel}","templated":true}]}}