{"id":695272,"date":"2025-08-27T14:27:43","date_gmt":"2025-08-27T11:27:43","guid":{"rendered":"https:\/\/roveyayinevi.com.tr\/index.php\/urun\/harry-potter-ve-olum-yadigarlari-7-kitap\/"},"modified":"2026-04-16T02:05:05","modified_gmt":"2026-04-15T23:05:05","slug":"harry-potter-ve-olum-yadigarlari-7-kitap","status":"publish","type":"product","link":"https:\/\/roveyayinevi.com.tr\/index.php\/urun\/harry-potter-ve-olum-yadigarlari-7-kitap\/","title":{"rendered":"Harry Potter ve \u00d6l\u00fcm Yadigarlar\u0131 (7. Kitap)"},"content":{"rendered":"<p>\u201cBana Harry Potter\u2019\u0131 verin,\u201d dedi Voldemort\u2019un sesi, \u201ckimseye zarar gelmesin. Bana Harry Potter\u2019\u0131 verin, okula dokunmayay\u0131m. Bana Harry Potter\u2019\u0131 verin, \u00f6d\u00fcllendirilin.\u201d <\/p>\n","protected":false},"excerpt":{"rendered":"<p>\u201cBana Harry Potter\u2019\u0131 verin,\u201d dedi Voldemort\u2019un sesi, \u201ckimseye zarar gelmesin. Bana Harry Potter\u2019\u0131 verin, okula dokunmayay\u0131m. Bana Harry Potter\u2019\u0131 verin, \u00f6d\u00fcllendirilin.\u201d<\/p>\n","protected":false},"featured_media":0,"template":"","meta":{"_monsterinsights_skip_tracking":false,"_monsterinsights_sitenote_active":false,"_monsterinsights_sitenote_note":"","_monsterinsights_sitenote_category":0},"product_brand":[],"product_cat":[12291,14777],"product_tag":[],"class_list":{"0":"post-695272","1":"product","2":"type-product","3":"status-publish","5":"product_cat-edebiyat","6":"product_cat-fantastik","7":"pa_cilt-ciltsiz","8":"pa_tur-kitap","9":"pa_yayinevi-yapi-kredi-yayinlari","10":"pa_yazar-j-k-rowling","12":"first","13":"instock","14":"sale","15":"shipping-taxable","16":"purchasable","17":"product-type-simple"},"_links":{"self":[{"href":"https:\/\/roveyayinevi.com.tr\/index.php\/wp-json\/wp\/v2\/product\/695272","targetHints":{"allow":["GET"]}}],"collection":[{"href":"https:\/\/roveyayinevi.com.tr\/index.php\/wp-json\/wp\/v2\/product"}],"about":[{"href":"https:\/\/roveyayinevi.com.tr\/index.php\/wp-json\/wp\/v2\/types\/product"}],"wp:attachment":[{"href":"https:\/\/roveyayinevi.com.tr\/index.php\/wp-json\/wp\/v2\/media?parent=695272"}],"wp:term":[{"taxonomy":"product_brand","embeddable":true,"href":"https:\/\/roveyayinevi.com.tr\/index.php\/wp-json\/wp\/v2\/product_brand?post=695272"},{"taxonomy":"product_cat","embeddable":true,"href":"https:\/\/roveyayinevi.com.tr\/index.php\/wp-json\/wp\/v2\/product_cat?post=695272"},{"taxonomy":"product_tag","embeddable":true,"href":"https:\/\/roveyayinevi.com.tr\/index.php\/wp-json\/wp\/v2\/product_tag?post=695272"}],"curies":[{"name":"wp","href":"https:\/\/api.w.org\/{rel}","templated":true}]}}