{"id":695271,"date":"2025-08-27T14:27:43","date_gmt":"2025-08-27T11:27:43","guid":{"rendered":"https:\/\/roveyayinevi.com.tr\/index.php\/urun\/aci-ceken-tanri-kiyameti-tersyuz-etmek\/"},"modified":"2026-04-16T02:05:05","modified_gmt":"2026-04-15T23:05:05","slug":"aci-ceken-tanri-kiyameti-tersyuz-etmek","status":"publish","type":"product","link":"https:\/\/roveyayinevi.com.tr\/index.php\/urun\/aci-ceken-tanri-kiyameti-tersyuz-etmek\/","title":{"rendered":"Ac\u0131 \u00c7eken Tanr\u0131: K\u0131yameti Tersy\u00fcz Etmek"},"content":{"rendered":"<p>Din ve felsefe ile g\u00fcncel politik yakla\u015f\u0131mlar aras\u0131nda ne t\u00fcr ba\u011flant\u0131lar vard\u0131r ve bunlar ne \u015fekilde geli\u015ftirilebilir? Slavoj \u017di\u017eek ve radikal teolog Boris Gunjevi\u0107, Ac\u0131 \u00c7eken Tanr\u0131: K\u0131yameti Tersy\u00fcz Etmek&#8217;te bu sorunun cevab\u0131n\u0131 ararken \u00fc\u00e7 temel dini inan\u00e7 sistemini, \u00f6zellikle toplumu d\u00f6n\u00fc\u015ft\u00fcrmek i\u00e7in gereken manevi de\u011ferleri in\u015fa etmede kullan\u0131lacak ara\u00e7lar\u0131 sa\u011flayabilme potansiyelleri bak\u0131m\u0131ndan mercek alt\u0131na al\u0131yorlar.H\u0131ristiyanl\u0131k, \u0130slam ve Yahudilik \u00fczerine &#8220;diyaloglar&#8221; arac\u0131l\u0131\u011f\u0131yla yapt\u0131\u011f\u0131 bu de\u011ferlendirmelerde \u017di\u017eek; Lacan, Levinas, Hegel ve Augustinus gibi isimlerin kuramlar\u0131 yard\u0131m\u0131yla ve Dante&#8217;den Dostoyevski&#8217;ye uzanan geni\u015f bir yelpazedeki k\u00fclt\u00fcrel \u00f6rneklerle kapitalizm ele\u015ftirisine y\u00f6neliyor. \u017di\u017eek ve Gunjevi\u0107, \u0130slam \u00fclkelerinde \u015fiddetin din arac\u0131l\u0131\u011f\u0131yla me\u015fruiyet kazanmas\u0131 ve modern ateistlerde Tanr\u0131&#8217;dan bile daha s\u0131n\u0131rland\u0131r\u0131c\u0131 \u015fekilde ortaya \u00e7\u0131kabilen bilin\u00e7alt\u0131n\u0131n paradokslar\u0131 gibi beklenmedik durumlar\u0131 ele alarak inan\u00e7 kavram\u0131n\u0131 irdeliyorlar. Bu ba\u011flamda, yaln\u0131zca ac\u0131 \u00e7ektiren bir Tanr\u0131&#8217;dan ziyade, kendisi de ac\u0131 \u00e7eken bir Tanr\u0131 fikri ortaya koyarak birey ile Tanr\u0131 aras\u0131ndaki ili\u015fkileri yeniden d\u00fc\u015f\u00fcnme yollar\u0131 sunuyorlar.<\/p>\n","protected":false},"excerpt":{"rendered":"<p>Din ve felsefe ile g\u00fcncel politik yakla\u015f\u0131mlar aras\u0131nda ne t\u00fcr ba\u011flant\u0131lar vard\u0131r ve bunlar ne \u015fekilde geli\u015ftirilebilir? Slavoj \u017di\u017eek ve radikal teolog Boris Gunjevi\u0107, Ac\u0131 \u00c7eken<span class=\"excerpt-hellip\"> [\u2026]<\/span><\/p>\n","protected":false},"featured_media":0,"template":"","meta":{"_monsterinsights_skip_tracking":false,"_monsterinsights_sitenote_active":false,"_monsterinsights_sitenote_note":"","_monsterinsights_sitenote_category":0},"product_brand":[],"product_cat":[12389,12388],"product_tag":[],"class_list":{"0":"post-695271","1":"product","2":"type-product","3":"status-publish","5":"product_cat-diger-felsefe","6":"product_cat-felsefe","7":"pa_cilt-ciltsiz","8":"pa_tur-kitap","9":"pa_yayinevi-sel-yayincilik","10":"pa_yazar-boris-gunjevic","12":"first","13":"instock","14":"sale","15":"shipping-taxable","16":"purchasable","17":"product-type-simple"},"_links":{"self":[{"href":"https:\/\/roveyayinevi.com.tr\/index.php\/wp-json\/wp\/v2\/product\/695271","targetHints":{"allow":["GET"]}}],"collection":[{"href":"https:\/\/roveyayinevi.com.tr\/index.php\/wp-json\/wp\/v2\/product"}],"about":[{"href":"https:\/\/roveyayinevi.com.tr\/index.php\/wp-json\/wp\/v2\/types\/product"}],"wp:attachment":[{"href":"https:\/\/roveyayinevi.com.tr\/index.php\/wp-json\/wp\/v2\/media?parent=695271"}],"wp:term":[{"taxonomy":"product_brand","embeddable":true,"href":"https:\/\/roveyayinevi.com.tr\/index.php\/wp-json\/wp\/v2\/product_brand?post=695271"},{"taxonomy":"product_cat","embeddable":true,"href":"https:\/\/roveyayinevi.com.tr\/index.php\/wp-json\/wp\/v2\/product_cat?post=695271"},{"taxonomy":"product_tag","embeddable":true,"href":"https:\/\/roveyayinevi.com.tr\/index.php\/wp-json\/wp\/v2\/product_tag?post=695271"}],"curies":[{"name":"wp","href":"https:\/\/api.w.org\/{rel}","templated":true}]}}