{"id":695267,"date":"2025-08-27T14:27:42","date_gmt":"2025-08-27T11:27:42","guid":{"rendered":"https:\/\/roveyayinevi.com.tr\/index.php\/urun\/resimlerle-turkce-ilk-1000-sozcuk\/"},"modified":"2026-04-16T02:05:05","modified_gmt":"2026-04-15T23:05:05","slug":"resimlerle-turkce-ilk-1000-sozcuk","status":"publish","type":"product","link":"https:\/\/roveyayinevi.com.tr\/index.php\/urun\/resimlerle-turkce-ilk-1000-sozcuk\/","title":{"rendered":"Resimlerle T\u00fcrk\u00e7e \u0130lk 1000 S\u00f6zc\u00fck"},"content":{"rendered":"<p>T\u00fcrk\u00e7e \u0130lk Bin S\u00f6zc\u00fck, \u00e7ocuklar\u0131n s\u00f6zc\u00fck \u00f6\u011frenimi i\u00e7in haz\u0131rlanm\u0131\u015ft\u0131r. Bu kitap, hem okul \u00f6ncesi hem de okul \u00e7a\u011f\u0131ndaki \u00e7ocuklar i\u00e7in e\u015fsiz bir hazine niteli\u011findedir.Hen\u00fcz okul ya\u015f\u0131na gelmemi\u015f \u00e7ocuklar, kitab\u0131 resimli bir s\u00f6zl\u00fck olarak kullanabilirler. Resimleri tarif edip resimlerde g\u00f6rd\u00fckleri nesneleri s\u00f6zc\u00fcklerle e\u015fle\u015ftirmeye ve bu sayede \u00e7evrelerini tan\u0131maya ba\u015flayacaklar.Okul \u00e7a\u011f\u0131ndaki \u00e7ocuklar ise bu kitap sayesinde s\u00f6zc\u00fck da\u011farc\u0131klar\u0131n\u0131 geli\u015ftirecek ve s\u00f6zc\u00fcklerin do\u011fru yaz\u0131l\u0131\u015flar\u0131n\u0131 \u00f6\u011frenecekler.Kitab\u0131n sonunda bulaca\u011f\u0131n\u0131z ve kitab\u0131n i\u00e7erdi\u011fi t\u00fcm s\u00f6zc\u00fckleri bar\u0131nd\u0131ran listeyi, \u00e7ocu\u011funuzdan s\u00f6zc\u00fcklerin kitaptaki yerlerini bulmalar\u0131n\u0131 istedi\u011finiz bir oyun yaratmak i\u00e7in kullanabilir ve bu sayede, \u00e7ocu\u011funuzun farkl\u0131 alanlardaki geli\u015fimine katk\u0131 sa\u011flayabilirsiniz.<\/p>\n","protected":false},"excerpt":{"rendered":"<p>T\u00fcrk\u00e7e \u0130lk Bin S\u00f6zc\u00fck, \u00e7ocuklar\u0131n s\u00f6zc\u00fck \u00f6\u011frenimi i\u00e7in haz\u0131rlanm\u0131\u015ft\u0131r. Bu kitap, hem okul \u00f6ncesi hem de okul \u00e7a\u011f\u0131ndaki \u00e7ocuklar i\u00e7in e\u015fsiz bir hazine niteli\u011findedir.Hen\u00fcz okul ya\u015f\u0131na<span class=\"excerpt-hellip\"> [\u2026]<\/span><\/p>\n","protected":false},"featured_media":0,"template":"","meta":{"_monsterinsights_skip_tracking":false,"_monsterinsights_sitenote_active":false,"_monsterinsights_sitenote_note":"","_monsterinsights_sitenote_category":0},"product_brand":[],"product_cat":[12492,12274],"product_tag":[],"class_list":{"0":"post-695267","1":"product","2":"type-product","3":"status-publish","5":"product_cat-bilmece-bulmaca","6":"product_cat-cocuk-ve-genclik-kitaplari","7":"pa_cilt-ciltsiz","8":"pa_tur-kitap","9":"pa_yayinevi-1001-cicek-kitaplar","10":"pa_yazar-heather-amery","12":"first","13":"instock","14":"sale","15":"shipping-taxable","16":"purchasable","17":"product-type-simple"},"_links":{"self":[{"href":"https:\/\/roveyayinevi.com.tr\/index.php\/wp-json\/wp\/v2\/product\/695267","targetHints":{"allow":["GET"]}}],"collection":[{"href":"https:\/\/roveyayinevi.com.tr\/index.php\/wp-json\/wp\/v2\/product"}],"about":[{"href":"https:\/\/roveyayinevi.com.tr\/index.php\/wp-json\/wp\/v2\/types\/product"}],"wp:attachment":[{"href":"https:\/\/roveyayinevi.com.tr\/index.php\/wp-json\/wp\/v2\/media?parent=695267"}],"wp:term":[{"taxonomy":"product_brand","embeddable":true,"href":"https:\/\/roveyayinevi.com.tr\/index.php\/wp-json\/wp\/v2\/product_brand?post=695267"},{"taxonomy":"product_cat","embeddable":true,"href":"https:\/\/roveyayinevi.com.tr\/index.php\/wp-json\/wp\/v2\/product_cat?post=695267"},{"taxonomy":"product_tag","embeddable":true,"href":"https:\/\/roveyayinevi.com.tr\/index.php\/wp-json\/wp\/v2\/product_tag?post=695267"}],"curies":[{"name":"wp","href":"https:\/\/api.w.org\/{rel}","templated":true}]}}