{"id":695266,"date":"2025-08-27T14:27:42","date_gmt":"2025-08-27T11:27:42","guid":{"rendered":"https:\/\/roveyayinevi.com.tr\/index.php\/urun\/otizm-spektrumu-hastaliklari-ve-goz\/"},"modified":"2026-04-16T02:05:05","modified_gmt":"2026-04-15T23:05:05","slug":"otizm-spektrumu-hastaliklari-ve-goz","status":"publish","type":"product","link":"https:\/\/roveyayinevi.com.tr\/index.php\/urun\/otizm-spektrumu-hastaliklari-ve-goz\/","title":{"rendered":"Otizm Spektrumu Hastal\u0131klar\u0131 ve G\u00f6z"},"content":{"rendered":"<p>Dr. R\u0131za \u00dclker bu kitab\u0131yla &#8216;b\u00fcy\u00fcy\u00fcnce ge\u00e7er&#8217; tutumlu ebeveyn g\u00f6r\u00fc\u015f\u00fcn\u00fc de\u011fi\u015ftirmek, aile ve \u00e7ocuk e\u011fitimcilerine Otizmin erken \u00e7ocukluk ya\u015flar\u0131nda da te\u015fhis edilebilece\u011fi hakk\u0131nda bilgiler vermeyi hedeflemektedir. Geli\u015fim olabilir ve yard\u0131m bulunabilir. Normal bir \u00e7ocu\u011fun geli\u015fim ve b\u00fcy\u00fcmesine bakt\u0131\u011f\u0131m\u0131zda bunun de\u011fi\u015fik basamak ve evrelerden ge\u00e7ti\u011fini g\u00f6r\u00fcr\u00fcz. Normal geli\u015fen \u00e7ocuklar i\u00e7in ise b\u00f6yle de\u011fildir. Ortak ilgi; sosyal referans, dil edinimi, etraf\u0131ndaki model davran\u0131\u015flardan \u00f6\u011frenmek gibi bili\u015fsel becerileri olu\u015fturan \u00f6enmli bir kabiliyettir. Ortak ilgi kabiliyeti olmadan \u00e7ocuklar konu\u015fmay\u0131 veya ailelerin ilgisini nas\u0131l \u00e7ekebilecekleri hakk\u0131nda beceri elde edememektedirler: \u0130ki ya\u015f \u00f6ncesi g\u00f6z takibi yapmama ve direk olarak g\u00f6ze bakmaktan \u00e7ekinme problemleri genelde otizm ile alakaland\u0131r\u0131l\u0131r. Bak\u0131\u015f takibi yapabilme, direk olarak konu\u015fabilme vs. g\u00f6ze bakabilme ve di\u011fer benzeri \u00e7ocuk hastal\u0131klar\u0131 aras\u0131nda bir ili\u015fki vard\u0131r. Bu kitapta gelecek ara\u015ft\u0131rmalara d\u00f6n\u00fck tavsiyeler de bulabilirsiniz. <\/p>\n","protected":false},"excerpt":{"rendered":"<p>Dr. R\u0131za \u00dclker bu kitab\u0131yla &#8216;b\u00fcy\u00fcy\u00fcnce ge\u00e7er&#8217; tutumlu ebeveyn g\u00f6r\u00fc\u015f\u00fcn\u00fc de\u011fi\u015ftirmek, aile ve \u00e7ocuk e\u011fitimcilerine Otizmin erken \u00e7ocukluk ya\u015flar\u0131nda da te\u015fhis edilebilece\u011fi hakk\u0131nda bilgiler vermeyi hedeflemektedir.<span class=\"excerpt-hellip\"> [\u2026]<\/span><\/p>\n","protected":false},"featured_media":0,"template":"","meta":{"_monsterinsights_skip_tracking":false,"_monsterinsights_sitenote_active":false,"_monsterinsights_sitenote_note":"","_monsterinsights_sitenote_category":0},"product_brand":[],"product_cat":[20313,13365],"product_tag":[],"class_list":{"0":"post-695266","1":"product","2":"type-product","3":"status-publish","5":"product_cat-basvuru-kitaplari-saglik","6":"product_cat-saglik","7":"pa_cilt-ciltsiz","8":"pa_tur-kitap","9":"pa_yayinevi-ani-yayincilik","10":"pa_yazar-riza-ulker","12":"first","13":"instock","14":"sale","15":"shipping-taxable","16":"purchasable","17":"product-type-simple"},"_links":{"self":[{"href":"https:\/\/roveyayinevi.com.tr\/index.php\/wp-json\/wp\/v2\/product\/695266","targetHints":{"allow":["GET"]}}],"collection":[{"href":"https:\/\/roveyayinevi.com.tr\/index.php\/wp-json\/wp\/v2\/product"}],"about":[{"href":"https:\/\/roveyayinevi.com.tr\/index.php\/wp-json\/wp\/v2\/types\/product"}],"wp:attachment":[{"href":"https:\/\/roveyayinevi.com.tr\/index.php\/wp-json\/wp\/v2\/media?parent=695266"}],"wp:term":[{"taxonomy":"product_brand","embeddable":true,"href":"https:\/\/roveyayinevi.com.tr\/index.php\/wp-json\/wp\/v2\/product_brand?post=695266"},{"taxonomy":"product_cat","embeddable":true,"href":"https:\/\/roveyayinevi.com.tr\/index.php\/wp-json\/wp\/v2\/product_cat?post=695266"},{"taxonomy":"product_tag","embeddable":true,"href":"https:\/\/roveyayinevi.com.tr\/index.php\/wp-json\/wp\/v2\/product_tag?post=695266"}],"curies":[{"name":"wp","href":"https:\/\/api.w.org\/{rel}","templated":true}]}}