{"id":695264,"date":"2025-08-27T14:27:41","date_gmt":"2025-08-27T11:27:41","guid":{"rendered":"https:\/\/roveyayinevi.com.tr\/index.php\/urun\/canim-kopegim\/"},"modified":"2026-04-16T02:05:05","modified_gmt":"2026-04-15T23:05:05","slug":"canim-kopegim","status":"publish","type":"product","link":"https:\/\/roveyayinevi.com.tr\/index.php\/urun\/canim-kopegim\/","title":{"rendered":"Can\u0131m K\u00f6pe\u011fim"},"content":{"rendered":"<p>New York Times Bestseller listesinde tam 52 hafta kalan Can Dostum\u2019un yazar\u0131ndan yeni bir sevgi roman\u0131!2006\u2019da Ulusal K\u00f6\u015fe Yazarlar\u0131 Derne\u011fi\u2019nden En \u0130yi Mizah dal\u0131nda \u00f6d\u00fcl alan ve 2011\u2019de Y\u0131l\u0131n K\u00f6\u015fe Yazar\u0131 se\u00e7ilen W. Bruce Cameron\u2019dan yepyeni bir roman. Yazar bu roman\u0131nda, di\u011fer romanlar\u0131n\u0131n aksine bir k\u00f6pe\u011fin varl\u0131\u011f\u0131n\u0131n amac\u0131n\u0131 bulma ser\u00fcvenini de\u011fil, daha \u00f6nce hi\u00e7 k\u00f6pek sahibi olmam\u0131\u015f birinin ya\u015fam amac\u0131n\u0131 bulma ser\u00fcvenini anlat\u0131yor. Hi\u00e7 beklenmedik bir anda, hayat\u0131n\u0131z k\u00f6pekler taraf\u0131ndan de\u011fi\u015ftirilse ne olurdu?\u201cK\u00f6pekleriniz varsa, sizi severlerdi. \u2018Yeni bir ili\u015fki\u2019 aramay\u0131 ak\u0131llar\u0131n\u0131n ucundan bile ge\u00e7irmezlerdi.\u201dYine elinizden d\u00fc\u015f\u00fcremeyeceksiniz! <\/p>\n","protected":false},"excerpt":{"rendered":"<p>New York Times Bestseller listesinde tam 52 hafta kalan Can Dostum\u2019un yazar\u0131ndan yeni bir sevgi roman\u0131!2006\u2019da Ulusal K\u00f6\u015fe Yazarlar\u0131 Derne\u011fi\u2019nden En \u0130yi Mizah dal\u0131nda \u00f6d\u00fcl alan<span class=\"excerpt-hellip\"> [\u2026]<\/span><\/p>\n","protected":false},"featured_media":0,"template":"","meta":{"_monsterinsights_skip_tracking":false,"_monsterinsights_sitenote_active":false,"_monsterinsights_sitenote_note":"","_monsterinsights_sitenote_category":0},"product_brand":[],"product_cat":[12891,12291],"product_tag":[],"class_list":{"0":"post-695264","1":"product","2":"type-product","3":"status-publish","5":"product_cat-amerikan-edebiyati","6":"product_cat-edebiyat","7":"pa_cilt-ciltsiz","8":"pa_tur-kitap","9":"pa_yayinevi-yabanci-yayinevi","10":"pa_yazar-w-bruce-cameron","12":"first","13":"instock","14":"sale","15":"shipping-taxable","16":"purchasable","17":"product-type-simple"},"_links":{"self":[{"href":"https:\/\/roveyayinevi.com.tr\/index.php\/wp-json\/wp\/v2\/product\/695264","targetHints":{"allow":["GET"]}}],"collection":[{"href":"https:\/\/roveyayinevi.com.tr\/index.php\/wp-json\/wp\/v2\/product"}],"about":[{"href":"https:\/\/roveyayinevi.com.tr\/index.php\/wp-json\/wp\/v2\/types\/product"}],"wp:attachment":[{"href":"https:\/\/roveyayinevi.com.tr\/index.php\/wp-json\/wp\/v2\/media?parent=695264"}],"wp:term":[{"taxonomy":"product_brand","embeddable":true,"href":"https:\/\/roveyayinevi.com.tr\/index.php\/wp-json\/wp\/v2\/product_brand?post=695264"},{"taxonomy":"product_cat","embeddable":true,"href":"https:\/\/roveyayinevi.com.tr\/index.php\/wp-json\/wp\/v2\/product_cat?post=695264"},{"taxonomy":"product_tag","embeddable":true,"href":"https:\/\/roveyayinevi.com.tr\/index.php\/wp-json\/wp\/v2\/product_tag?post=695264"}],"curies":[{"name":"wp","href":"https:\/\/api.w.org\/{rel}","templated":true}]}}