{"id":695261,"date":"2025-08-27T14:27:41","date_gmt":"2025-08-27T11:27:41","guid":{"rendered":"https:\/\/roveyayinevi.com.tr\/index.php\/urun\/akil-hastaligi-ve-psikoloji\/"},"modified":"2026-04-16T02:05:05","modified_gmt":"2026-04-15T23:05:05","slug":"akil-hastaligi-ve-psikoloji","status":"publish","type":"product","link":"https:\/\/roveyayinevi.com.tr\/index.php\/urun\/akil-hastaligi-ve-psikoloji\/","title":{"rendered":"Ak\u0131l Hastal\u0131\u011f\u0131 ve Psikoloji"},"content":{"rendered":"<p>1950\u2019li y\u0131llar\u0131n ilk yar\u0131s\u0131 Foucault i\u00e7in, felsefi \u00e7al\u0131\u015fma d\u00f6nemi oldu\u011fu kadar, ayn\u0131 zamanda edebiyat\u0131, psikolojiyi ve psikiyatriyi yak\u0131ndan inceleme f\u0131rsat\u0131 buldu\u011fu bir d\u00f6nem de olmu\u015ftur. Nitekim 1952 ve 1953 y\u0131llar\u0131nda s\u0131ras\u0131yla psikopatoloji ve de-neysel psikoloji alanlar\u0131nda e\u011fitim g\u00f6r\u00fcp diploma alm\u0131\u015f ve sonra Sainte-Anne Hastanesi\u2019nde Lacan\u2019\u0131n seminerlerine kat\u0131lm\u0131\u015ft\u0131r. Michel Foucault, ilk olarak 1954 y\u0131l\u0131nda yay\u0131mlanan ve 1962\u2019de g\u00f6zden ge\u00e7irilmi\u015f ikinci bas\u0131m\u0131 yap\u0131lan Ak\u0131l Hastal\u0131\u011f\u0131 ve Psi-koloji adl\u0131 bu ilk kitab\u0131nda, \u201cpsikolojinin ancak delili\u011fin kontrol alt\u0131na al\u0131nabilmesiyle m\u00fcmk\u00fcn oldu\u011funu\u201d ileri s\u00fcrer. Orta\u00e7a\u011f ve R\u00f6nesans, delili\u011fi tanr\u0131sal bir g\u00fcc\u00fcn d\u0131\u015favurumu ve akl\u0131n daha \u00fcst bir a\u015famas\u0131 olarak g\u00f6r\u00fcp y\u00fcceltirken (Erasmus, De-lili\u011fe \u00d6vg\u00fc), Klasik \u00c7a\u011f\u2019da deliler, di\u011fer su\u00e7lularla bir tutulup ak\u0131l hastanelerine kapat\u0131lmaya ba\u015flan\u0131r. B\u00f6ylelikle delili\u011fi \u201can-lama\u201d \u00e7abas\u0131 yerini \u201czapt etme\u201d \u00e7abas\u0131na b\u0131rakacakt\u0131r. <\/p>\n","protected":false},"excerpt":{"rendered":"<p>1950\u2019li y\u0131llar\u0131n ilk yar\u0131s\u0131 Foucault i\u00e7in, felsefi \u00e7al\u0131\u015fma d\u00f6nemi oldu\u011fu kadar, ayn\u0131 zamanda edebiyat\u0131, psikolojiyi ve psikiyatriyi yak\u0131ndan inceleme f\u0131rsat\u0131 buldu\u011fu bir d\u00f6nem de olmu\u015ftur. Nitekim<span class=\"excerpt-hellip\"> [\u2026]<\/span><\/p>\n","protected":false},"featured_media":0,"template":"","meta":{"_monsterinsights_skip_tracking":false,"_monsterinsights_sitenote_active":false,"_monsterinsights_sitenote_note":"","_monsterinsights_sitenote_category":0},"product_brand":[],"product_cat":[12358,12357],"product_tag":[],"class_list":{"0":"post-695261","1":"product","2":"type-product","3":"status-publish","5":"product_cat-genel-psikoloji","6":"product_cat-psikoloji","7":"pa_cilt-ciltsiz","8":"pa_tur-kitap","9":"pa_yayinevi-ayrinti-yayinlari","10":"pa_yazar-michel-foucault","12":"first","13":"instock","14":"sale","15":"shipping-taxable","16":"purchasable","17":"product-type-simple"},"_links":{"self":[{"href":"https:\/\/roveyayinevi.com.tr\/index.php\/wp-json\/wp\/v2\/product\/695261","targetHints":{"allow":["GET"]}}],"collection":[{"href":"https:\/\/roveyayinevi.com.tr\/index.php\/wp-json\/wp\/v2\/product"}],"about":[{"href":"https:\/\/roveyayinevi.com.tr\/index.php\/wp-json\/wp\/v2\/types\/product"}],"wp:attachment":[{"href":"https:\/\/roveyayinevi.com.tr\/index.php\/wp-json\/wp\/v2\/media?parent=695261"}],"wp:term":[{"taxonomy":"product_brand","embeddable":true,"href":"https:\/\/roveyayinevi.com.tr\/index.php\/wp-json\/wp\/v2\/product_brand?post=695261"},{"taxonomy":"product_cat","embeddable":true,"href":"https:\/\/roveyayinevi.com.tr\/index.php\/wp-json\/wp\/v2\/product_cat?post=695261"},{"taxonomy":"product_tag","embeddable":true,"href":"https:\/\/roveyayinevi.com.tr\/index.php\/wp-json\/wp\/v2\/product_tag?post=695261"}],"curies":[{"name":"wp","href":"https:\/\/api.w.org\/{rel}","templated":true}]}}