{"id":695258,"date":"2025-08-27T14:27:40","date_gmt":"2025-08-27T11:27:40","guid":{"rendered":"https:\/\/roveyayinevi.com.tr\/index.php\/urun\/gecenin-kemani\/"},"modified":"2026-04-16T02:05:05","modified_gmt":"2026-04-15T23:05:05","slug":"gecenin-kemani","status":"publish","type":"product","link":"https:\/\/roveyayinevi.com.tr\/index.php\/urun\/gecenin-kemani\/","title":{"rendered":"Gecenin Keman\u0131"},"content":{"rendered":"<p>\u2018Gecenin Keman\u0131\u2019 i\u00e7inde birbirinden farkl\u0131 hik\u00e2ye damarlar\u0131 var\u2026 Bu damarlar fantezi, bilimkurgu ve \u015fehir hik\u00e2yeleri \u015feklinde kabaca tasnif edilebilir.\u00d6yk\u00fcler de\u011fi\u015fik zaman dilimleri i\u00e7inde kaleme al\u0131nd\u0131. Yaz\u0131lan d\u00f6nemin izleri istemez \u00f6yk\u00fclere sinmi\u015f durumda. Fantastik hik\u00e2yelerin baz\u0131lar\u0131 ger\u00e7ek olaylar \u00fczerine kurulmas\u0131yla ayr\u0131ca dikkat \u00e7ekici.Eserdeki bilimkurgu hik\u00e2yelerinin ortaya \u00e7\u0131k\u0131\u015f\u0131 bilim ve teknoloji dergisi \u2018\u0130nsan ve K\u00e2inat\u2019 dergisinin ge\u00e7mi\u015fteki sayfalar\u0131na uzan\u0131yor.\u015eehir hik\u00e2yeleri ise modern insan\u0131n de\u011fi\u015fik durumlar\u0131n\u0131 resmetmesi a\u00e7\u0131s\u0131ndan hepimizi bir y\u00f6n\u00fcyle yakal\u0131yor.<\/p>\n","protected":false},"excerpt":{"rendered":"<p>\u2018Gecenin Keman\u0131\u2019 i\u00e7inde birbirinden farkl\u0131 hik\u00e2ye damarlar\u0131 var\u2026 Bu damarlar fantezi, bilimkurgu ve \u015fehir hik\u00e2yeleri \u015feklinde kabaca tasnif edilebilir.\u00d6yk\u00fcler de\u011fi\u015fik zaman dilimleri i\u00e7inde kaleme al\u0131nd\u0131. Yaz\u0131lan<span class=\"excerpt-hellip\"> [\u2026]<\/span><\/p>\n","protected":false},"featured_media":0,"template":"","meta":{"_monsterinsights_skip_tracking":false,"_monsterinsights_sitenote_active":false,"_monsterinsights_sitenote_note":"","_monsterinsights_sitenote_category":0},"product_brand":[],"product_cat":[12291,12711],"product_tag":[],"class_list":{"0":"post-695258","1":"product","2":"type-product","3":"status-publish","5":"product_cat-edebiyat","6":"product_cat-roman-oyku","7":"pa_cilt-ciltsiz","8":"pa_tur-kitap","9":"pa_yayinevi-biyografi-net-yayincilik","10":"pa_yazar-islam-gemici","12":"first","13":"instock","14":"sale","15":"shipping-taxable","16":"purchasable","17":"product-type-simple"},"_links":{"self":[{"href":"https:\/\/roveyayinevi.com.tr\/index.php\/wp-json\/wp\/v2\/product\/695258","targetHints":{"allow":["GET"]}}],"collection":[{"href":"https:\/\/roveyayinevi.com.tr\/index.php\/wp-json\/wp\/v2\/product"}],"about":[{"href":"https:\/\/roveyayinevi.com.tr\/index.php\/wp-json\/wp\/v2\/types\/product"}],"wp:attachment":[{"href":"https:\/\/roveyayinevi.com.tr\/index.php\/wp-json\/wp\/v2\/media?parent=695258"}],"wp:term":[{"taxonomy":"product_brand","embeddable":true,"href":"https:\/\/roveyayinevi.com.tr\/index.php\/wp-json\/wp\/v2\/product_brand?post=695258"},{"taxonomy":"product_cat","embeddable":true,"href":"https:\/\/roveyayinevi.com.tr\/index.php\/wp-json\/wp\/v2\/product_cat?post=695258"},{"taxonomy":"product_tag","embeddable":true,"href":"https:\/\/roveyayinevi.com.tr\/index.php\/wp-json\/wp\/v2\/product_tag?post=695258"}],"curies":[{"name":"wp","href":"https:\/\/api.w.org\/{rel}","templated":true}]}}