{"id":695257,"date":"2025-08-27T14:27:40","date_gmt":"2025-08-27T11:27:40","guid":{"rendered":"https:\/\/roveyayinevi.com.tr\/index.php\/urun\/gizemli-bir-dunya-sinema\/"},"modified":"2026-03-17T02:07:31","modified_gmt":"2026-03-16T23:07:31","slug":"gizemli-bir-dunya-sinema","status":"publish","type":"product","link":"https:\/\/roveyayinevi.com.tr\/index.php\/urun\/gizemli-bir-dunya-sinema\/","title":{"rendered":"Gizemli Bir D\u00fcnya &#8211; Sinema"},"content":{"rendered":"<p>Beylik laft\u0131r, \u201cT\u00fcrkler tarih yapmay\u0131 bilir, tarih yazmay\u0131 bilmezler.\u201d Sinemadaki durum da bundan farkl\u0131 de\u011fil. Ye\u015fil\u00e7am kriz d\u00f6nemlerinde bile film \u00fcretebilen d\u00fcnyan\u0131n say\u0131l\u0131 sinemas\u0131ndan biri. Ama sinemay\u0131 yazmak, T\u00fcrkiye\u2019de cazip bir yaz\u0131 alan\u0131 de\u011fil. Sinema yaz\u0131lar\u0131, \u00f6ncelikle ele\u015ftiri t\u00fcr\u00fc i\u00e7inde yer alan bir yaz\u0131 t\u00fcr\u00fc.\u2018Gizemli Bir D\u00fcnya: Sinema\u2019n\u0131n odak noktas\u0131 ABD ve Holivud Sinemas\u0131 d\u0131\u015f\u0131ndaki \u00fclkelerin sinemalar\u0131ndan haberler sunmas\u0131d\u0131r. Bu d\u00fcnyan\u0131n de\u011fi\u015fik renkleri, pop\u00fcler k\u00fclt\u00fcr cenderesinin aldatmalar\u0131na kanmadan \u0131srarla ele al\u0131nm\u0131\u015ft\u0131r.\u2018Gizemli Bir D\u00fcnya: Sinema\u2019n\u0131n ikinci odak noktas\u0131 ise Holivud Sinemas\u0131\u2019na ele\u015ftirel yakla\u015f\u0131md\u0131r. \u2018Sinema\u2019n\u0131n sadece sinema olmad\u0131\u011f\u0131n\u0131n\u2019 alt\u0131 \u00e7izilir bu yaz\u0131larda&#8230;Bu iki noktadan hareketle T\u00fcrk Sinemas\u0131\u2019na de\u011finiler ve uyar\u0131lar kitab\u0131n \u00fc\u00e7\u00fcnc\u00fc damar\u0131n\u0131 olu\u015fturuyor. <\/p>\n","protected":false},"excerpt":{"rendered":"<p>Beylik laft\u0131r, \u201cT\u00fcrkler tarih yapmay\u0131 bilir, tarih yazmay\u0131 bilmezler.\u201d Sinemadaki durum da bundan farkl\u0131 de\u011fil. Ye\u015fil\u00e7am kriz d\u00f6nemlerinde bile film \u00fcretebilen d\u00fcnyan\u0131n say\u0131l\u0131 sinemas\u0131ndan biri. Ama<span class=\"excerpt-hellip\"> [\u2026]<\/span><\/p>\n","protected":false},"featured_media":0,"template":"","meta":{"_monsterinsights_skip_tracking":false,"_monsterinsights_sitenote_active":false,"_monsterinsights_sitenote_note":"","_monsterinsights_sitenote_category":0},"product_brand":[],"product_cat":[12409,12408],"product_tag":[],"class_list":{"0":"post-695257","1":"product","2":"type-product","3":"status-publish","5":"product_cat-fotograf-sinema-tiyatro","6":"product_cat-sanat","7":"pa_cilt-ciltsiz","8":"pa_tur-kitap","9":"pa_yayinevi-biyografi-net-yayincilik","10":"pa_yazar-islam-gemici","12":"first","13":"instock","14":"sale","15":"shipping-taxable","16":"purchasable","17":"product-type-simple"},"_links":{"self":[{"href":"https:\/\/roveyayinevi.com.tr\/index.php\/wp-json\/wp\/v2\/product\/695257","targetHints":{"allow":["GET"]}}],"collection":[{"href":"https:\/\/roveyayinevi.com.tr\/index.php\/wp-json\/wp\/v2\/product"}],"about":[{"href":"https:\/\/roveyayinevi.com.tr\/index.php\/wp-json\/wp\/v2\/types\/product"}],"wp:attachment":[{"href":"https:\/\/roveyayinevi.com.tr\/index.php\/wp-json\/wp\/v2\/media?parent=695257"}],"wp:term":[{"taxonomy":"product_brand","embeddable":true,"href":"https:\/\/roveyayinevi.com.tr\/index.php\/wp-json\/wp\/v2\/product_brand?post=695257"},{"taxonomy":"product_cat","embeddable":true,"href":"https:\/\/roveyayinevi.com.tr\/index.php\/wp-json\/wp\/v2\/product_cat?post=695257"},{"taxonomy":"product_tag","embeddable":true,"href":"https:\/\/roveyayinevi.com.tr\/index.php\/wp-json\/wp\/v2\/product_tag?post=695257"}],"curies":[{"name":"wp","href":"https:\/\/api.w.org\/{rel}","templated":true}]}}