{"id":695255,"date":"2025-08-27T14:27:39","date_gmt":"2025-08-27T11:27:39","guid":{"rendered":"https:\/\/roveyayinevi.com.tr\/index.php\/urun\/baba-evi-avare-yillar-kucuk-adamin-romani-1-2\/"},"modified":"2026-04-16T02:05:05","modified_gmt":"2026-04-15T23:05:05","slug":"baba-evi-avare-yillar-kucuk-adamin-romani-1-2","status":"publish","type":"product","link":"https:\/\/roveyayinevi.com.tr\/index.php\/urun\/baba-evi-avare-yillar-kucuk-adamin-romani-1-2\/","title":{"rendered":"Baba Evi &#8211; Avare Y\u0131llar &#8211; K\u00fc\u00e7\u00fck Adam\u0131n Roman\u0131 1-2"},"content":{"rendered":"<p>Yazd\u0131klar\u0131nda kimi zaman biyografik \u00f6\u011felerden de yararlanan Orhan Kemal&#8217;in en sevilen kitaplar\u0131ndan biri olan Baba Evi, &#8220;K\u00fc\u00e7\u00fck Adam\u0131n Roman\u0131&#8221; dizisinin ilk kitab\u0131. \u00c7ocukluktan gen\u00e7li\u011fe ge\u00e7i\u015fi edebiyat\u0131m\u0131zda en iyi anlatan metinlerden biri olanBaba Evi, yine yazar\u0131n \u00e7ok sevilen roman\u0131 Avare Y\u0131llar&#8217;\u0131n\u00f6ncesini olu\u015fturuyor.Avare Y\u0131llar, halk\u0131na inanan bir yazar\u0131n dilinden, bireyin, zorlu bir \u00e7ocuklu\u011fun ard\u0131ndan yeti\u015fkinli\u011fe ge\u00e7i\u015fte ya\u015fad\u0131\u011f\u0131 do\u011frular\u0131 bulma m\u00fccadelesindeki korkular\u0131n\u0131n, ka\u00e7\u0131\u015flar\u0131n\u0131n ve geri d\u00f6n\u00fc\u015flerinin roman\u0131d\u0131r.Orhan Kemal&#8217;in kitaplar\u0131 bir okurun hayatta rastlayabilece\u011fi o \u00e7ok nadir hazineler aras\u0131nda yer al\u0131r. \u00c7ok az yazar okurunun d\u00fcnyas\u0131nda onun kadar iz b\u0131rak, okurunu onun kadar bi\u00e7imlendirir.Orhan Kemal umudu ve iyimserli\u011fi yeniden kazanmam\u0131z i\u00e7in yol g\u00f6sterir bize.Edebiyat\u0131m\u0131z\u0131n en de\u011ferli ustalar\u0131ndan biri olan Orhan <\/p>\n","protected":false},"excerpt":{"rendered":"<p>Yazd\u0131klar\u0131nda kimi zaman biyografik \u00f6\u011felerden de yararlanan Orhan Kemal&#8217;in en sevilen kitaplar\u0131ndan biri olan Baba Evi, &#8220;K\u00fc\u00e7\u00fck Adam\u0131n Roman\u0131&#8221; dizisinin ilk kitab\u0131. \u00c7ocukluktan gen\u00e7li\u011fe ge\u00e7i\u015fi edebiyat\u0131m\u0131zda<span class=\"excerpt-hellip\"> [\u2026]<\/span><\/p>\n","protected":false},"featured_media":0,"template":"","meta":{"_monsterinsights_skip_tracking":false,"_monsterinsights_sitenote_active":false,"_monsterinsights_sitenote_note":"","_monsterinsights_sitenote_category":0},"product_brand":[],"product_cat":[12291,12711],"product_tag":[],"class_list":{"0":"post-695255","1":"product","2":"type-product","3":"status-publish","5":"product_cat-edebiyat","6":"product_cat-roman-oyku","7":"pa_cilt-ciltsiz","8":"pa_tur-kitap","9":"pa_yayinevi-everest-yayinlari","10":"pa_yazar-orhan-kemal","12":"first","13":"instock","14":"sale","15":"shipping-taxable","16":"purchasable","17":"product-type-simple"},"_links":{"self":[{"href":"https:\/\/roveyayinevi.com.tr\/index.php\/wp-json\/wp\/v2\/product\/695255","targetHints":{"allow":["GET"]}}],"collection":[{"href":"https:\/\/roveyayinevi.com.tr\/index.php\/wp-json\/wp\/v2\/product"}],"about":[{"href":"https:\/\/roveyayinevi.com.tr\/index.php\/wp-json\/wp\/v2\/types\/product"}],"wp:attachment":[{"href":"https:\/\/roveyayinevi.com.tr\/index.php\/wp-json\/wp\/v2\/media?parent=695255"}],"wp:term":[{"taxonomy":"product_brand","embeddable":true,"href":"https:\/\/roveyayinevi.com.tr\/index.php\/wp-json\/wp\/v2\/product_brand?post=695255"},{"taxonomy":"product_cat","embeddable":true,"href":"https:\/\/roveyayinevi.com.tr\/index.php\/wp-json\/wp\/v2\/product_cat?post=695255"},{"taxonomy":"product_tag","embeddable":true,"href":"https:\/\/roveyayinevi.com.tr\/index.php\/wp-json\/wp\/v2\/product_tag?post=695255"}],"curies":[{"name":"wp","href":"https:\/\/api.w.org\/{rel}","templated":true}]}}