{"id":695254,"date":"2025-08-27T14:27:39","date_gmt":"2025-08-27T11:27:39","guid":{"rendered":"https:\/\/roveyayinevi.com.tr\/index.php\/urun\/andersen-masallari-5\/"},"modified":"2026-04-16T02:05:05","modified_gmt":"2026-04-15T23:05:05","slug":"andersen-masallari-5","status":"publish","type":"product","link":"https:\/\/roveyayinevi.com.tr\/index.php\/urun\/andersen-masallari-5\/","title":{"rendered":"Andersen Masallar\u0131"},"content":{"rendered":"<p>D\u00fcnyan\u0131n en \u00fcnl\u00fc masal anlat\u0131c\u0131s\u0131n\u0131n en bilinen masallar\u0131n\u0131n topland\u0131\u011f\u0131 bu kitapta 35 masal yer al\u0131yor. Kur\u015fun Asker &#8211; Kibrit\u00e7i K\u0131z &#8211; \u0130mparatorun Yeni Giysileri &#8211; U\u00e7an Sand\u0131k &#8211; Kardan Adam &#8211; Domuz \u00c7oban\u0131 &#8211; Cennet Bah\u00e7esi &#8211; \u0130ki Sevgili &#8211; Karlar Krali\u00e7esi &#8211; Denizk\u0131z\u0131 &#8211; Prenses ile Bezelye &#8211; G\u00fcl Perisi &#8211; Su Damlas\u0131 &#8211; B\u00fclb\u00fcl &#8211; Kesinlikle Do\u011fru &#8211; T\u0131ls\u0131m &#8211; \u00c7akmak &#8211; \u00c7irkin \u00d6rdek Yavrusu &#8211; Kelebek &#8211; Fabl Senden Bahsediyor &#8211; K\u00f6t\u00fc Prens &#8211; Takma Yaka &#8211; Demlik &#8211; \u00c7oban K\u0131zla Baca Temizleyicisi &#8211; Yama \u0130\u011fnesi &#8211; \u00dc\u00e7 Z\u0131pz\u0131p\u0131n \u00d6yk\u00fcs\u00fc &#8211; Budala Hans &#8211; Salyangoz ile G\u00fcl A\u011fac\u0131 &#8211; Kocam Hep En Do\u011frusunu Yapar &#8211; Ekmek Somunu \u00dcst\u00fcnde Y\u00fcr\u00fcyen K\u0131z &#8211; T\u00fcy Kalem ve M\u00fcrekkep Hokkas\u0131 &#8211; Mumlar &#8211; Lord ve Leydinin Bah\u00e7\u0131vanlar\u0131 &#8211; Ger\u00e7ek Horoz ile R\u00fczg\u00e2rg\u00fcl\u00fc Horozu &#8211; Kap\u0131 Anahtar\u0131  (Tan\u0131t\u0131m B\u00fclteninden) <\/p>\n","protected":false},"excerpt":{"rendered":"<p>D\u00fcnyan\u0131n en \u00fcnl\u00fc masal anlat\u0131c\u0131s\u0131n\u0131n en bilinen masallar\u0131n\u0131n topland\u0131\u011f\u0131 bu kitapta 35 masal yer al\u0131yor. Kur\u015fun Asker &#8211; Kibrit\u00e7i K\u0131z &#8211; \u0130mparatorun Yeni Giysileri &#8211; U\u00e7an<span class=\"excerpt-hellip\"> [\u2026]<\/span><\/p>\n","protected":false},"featured_media":0,"template":"","meta":{"_monsterinsights_skip_tracking":false,"_monsterinsights_sitenote_active":false,"_monsterinsights_sitenote_note":"","_monsterinsights_sitenote_category":0},"product_brand":[],"product_cat":[12274,12523],"product_tag":[],"class_list":{"0":"post-695254","1":"product","2":"type-product","3":"status-publish","5":"product_cat-cocuk-ve-genclik-kitaplari","6":"product_cat-masallar","7":"pa_cilt-ciltli","8":"pa_tur-kitap","9":"pa_yayinevi-epsilon-yayinlari","10":"pa_yazar-hans-christian-andersen","12":"first","13":"instock","14":"sale","15":"shipping-taxable","16":"purchasable","17":"product-type-simple"},"_links":{"self":[{"href":"https:\/\/roveyayinevi.com.tr\/index.php\/wp-json\/wp\/v2\/product\/695254","targetHints":{"allow":["GET"]}}],"collection":[{"href":"https:\/\/roveyayinevi.com.tr\/index.php\/wp-json\/wp\/v2\/product"}],"about":[{"href":"https:\/\/roveyayinevi.com.tr\/index.php\/wp-json\/wp\/v2\/types\/product"}],"wp:attachment":[{"href":"https:\/\/roveyayinevi.com.tr\/index.php\/wp-json\/wp\/v2\/media?parent=695254"}],"wp:term":[{"taxonomy":"product_brand","embeddable":true,"href":"https:\/\/roveyayinevi.com.tr\/index.php\/wp-json\/wp\/v2\/product_brand?post=695254"},{"taxonomy":"product_cat","embeddable":true,"href":"https:\/\/roveyayinevi.com.tr\/index.php\/wp-json\/wp\/v2\/product_cat?post=695254"},{"taxonomy":"product_tag","embeddable":true,"href":"https:\/\/roveyayinevi.com.tr\/index.php\/wp-json\/wp\/v2\/product_tag?post=695254"}],"curies":[{"name":"wp","href":"https:\/\/api.w.org\/{rel}","templated":true}]}}