{"id":695253,"date":"2025-08-27T14:27:39","date_gmt":"2025-08-27T11:27:39","guid":{"rendered":"https:\/\/roveyayinevi.com.tr\/index.php\/urun\/aramizdaki-en-kisa-mesafe\/"},"modified":"2026-04-16T02:05:05","modified_gmt":"2026-04-15T23:05:05","slug":"aramizdaki-en-kisa-mesafe","status":"publish","type":"product","link":"https:\/\/roveyayinevi.com.tr\/index.php\/urun\/aramizdaki-en-kisa-mesafe\/","title":{"rendered":"Aram\u0131zdaki En K\u0131sa Mesafe"},"content":{"rendered":"<p>Onlara bakt\u0131m, karde\u015flerime. Ellerine, y\u00fczlerine. Yoktan yere bir uzakl\u0131k, bir engel aram\u0131zda. Birbirimize, birlikte ya\u015fad\u0131\u011f\u0131m\u0131z onca \u015feyi a\u015f\u0131p yakla\u015famayacakm\u0131\u015f\u0131z gibi; ama \u00f6yle de yak\u0131n\u0131z ki, kap\u0131 kapand\u0131\u011f\u0131nda \u00fc\u00e7\u00fcm\u00fcz\u00fcn birden eli s\u0131k\u0131\u015f\u0131yor. Bir \u00e7ocu\u011fun g\u00f6z\u00fcnden aile: Ayn\u0131 soyad\u0131n\u0131n \u00f6n\u00fcnde toplanm\u0131\u015f be\u015f ki\u015fi.<\/p>\n","protected":false},"excerpt":{"rendered":"<p>Onlara bakt\u0131m, karde\u015flerime. Ellerine, y\u00fczlerine. Yoktan yere bir uzakl\u0131k, bir engel aram\u0131zda. Birbirimize, birlikte ya\u015fad\u0131\u011f\u0131m\u0131z onca \u015feyi a\u015f\u0131p yakla\u015famayacakm\u0131\u015f\u0131z gibi; ama \u00f6yle de yak\u0131n\u0131z ki, kap\u0131<span class=\"excerpt-hellip\"> [\u2026]<\/span><\/p>\n","protected":false},"featured_media":0,"template":"","meta":{"_monsterinsights_skip_tracking":false,"_monsterinsights_sitenote_active":false,"_monsterinsights_sitenote_note":"","_monsterinsights_sitenote_category":0},"product_brand":[],"product_cat":[12291,12292],"product_tag":[],"class_list":{"0":"post-695253","1":"product","2":"type-product","3":"status-publish","5":"product_cat-edebiyat","6":"product_cat-turk-edebiyati","7":"pa_cilt-ciltsiz","8":"pa_tur-kitap","9":"pa_yayinevi-iletisim-yayinlari","10":"pa_yazar-baris-bicakci","12":"first","13":"instock","14":"sale","15":"shipping-taxable","16":"purchasable","17":"product-type-simple"},"_links":{"self":[{"href":"https:\/\/roveyayinevi.com.tr\/index.php\/wp-json\/wp\/v2\/product\/695253","targetHints":{"allow":["GET"]}}],"collection":[{"href":"https:\/\/roveyayinevi.com.tr\/index.php\/wp-json\/wp\/v2\/product"}],"about":[{"href":"https:\/\/roveyayinevi.com.tr\/index.php\/wp-json\/wp\/v2\/types\/product"}],"wp:attachment":[{"href":"https:\/\/roveyayinevi.com.tr\/index.php\/wp-json\/wp\/v2\/media?parent=695253"}],"wp:term":[{"taxonomy":"product_brand","embeddable":true,"href":"https:\/\/roveyayinevi.com.tr\/index.php\/wp-json\/wp\/v2\/product_brand?post=695253"},{"taxonomy":"product_cat","embeddable":true,"href":"https:\/\/roveyayinevi.com.tr\/index.php\/wp-json\/wp\/v2\/product_cat?post=695253"},{"taxonomy":"product_tag","embeddable":true,"href":"https:\/\/roveyayinevi.com.tr\/index.php\/wp-json\/wp\/v2\/product_tag?post=695253"}],"curies":[{"name":"wp","href":"https:\/\/api.w.org\/{rel}","templated":true}]}}