{"id":695252,"date":"2025-08-27T14:27:38","date_gmt":"2025-08-27T11:27:38","guid":{"rendered":"https:\/\/roveyayinevi.com.tr\/index.php\/urun\/flush-bir-kopegin-romani\/"},"modified":"2026-02-03T02:07:42","modified_gmt":"2026-02-02T23:07:42","slug":"flush-bir-kopegin-romani","status":"publish","type":"product","link":"https:\/\/roveyayinevi.com.tr\/index.php\/urun\/flush-bir-kopegin-romani\/","title":{"rendered":"Flush: Bir K\u00f6pe\u011fin Roman\u0131"},"content":{"rendered":"<p>\u201c&#8230; g\u00fc\u00e7l\u00fc kuvvetli, enerji dolu, ya\u015fama sevinci i\u00e7inde gen\u00e7 Robert Browning bir bomba gibi patlam\u0131\u015ft\u0131 Elizabeth Barrett\u2019in sessiz hasta odas\u0131nda. \u0130ngiliz edebiyat\u0131n\u0131n en \u00fcnl\u00fc a\u015fk \u00f6yk\u00fcs\u00fcd\u00fcr onlar\u0131n a\u015fk\u0131. Tiyatro oyunlar\u0131 yaz\u0131lm\u0131\u015f, filmler yap\u0131lm\u0131\u015ft\u0131r bu konuda. Nas\u0131l mektupla\u015ft\u0131klar\u0131\u0131, Robert Browning\u2019in Wimpole Soka\u011f\u0131\u2019ndaki bir evde divanda yatan Elizabeth\u2019i nas\u0131l g\u00f6rmeye geldi\u011fini, bu ziyaretten sonra \u00fc\u00e7 ay i\u00e7inde Elizabeth\u2019in mucize kabilinden nas\u0131l y\u00fcr\u00fcmeye ba\u015flad\u0131\u011f\u0131n\u0131, gizlice evlenip Floransa\u2019ya ka\u00e7t\u0131klar\u0131n\u0131 herkes bilir. Hatta Virginia Woolf\u2019un The Common Reader\u2019da dedi\u011fi gibi, \u0130ngiliz \u015fiirinin en \u00f6nemli adlar\u0131 aras\u0131nda olan bu iki \u015fairden tek dize okumam\u0131\u015f olanlar bile! Virginia Woolf\u2019un Flush\u2019\u0131 bu konuda son derece sevimli bir kitapt\u0131r. Elizabeth Barrett Browning\u2019in \u00e7ok sevdi\u011fi \u0130talya\u2019ya ka\u00e7arken beraberinde g\u00f6t\u00fcrd\u00fc\u011f\u00fc k\u00f6pe\u011fin ya\u015fam\u00f6yk\u00fcs\u00fcn\u00fc anlatan Flush\u2019da bu a\u015fk \u00f6yk\u00fcs\u00fcn\u00fc bir de o k\u00f6pe\u011fin a\u00e7\u0131s\u0131ndan g\u00f6r\u00fcr\u00fcz.\u201d Mina Urgan (\u0130ngiliz Edebiyat\u0131 Tarihi, Cilt V) \u201cBir ba\u015fyap\u0131t\u2026 Kurgu de\u011fil \u00e7\u00fcnk\u00fc hakikatin ger\u00e7ekli\u011fine ve \u00f6z\u00fcne sahip. Biyografi de\u011fil \u00e7\u00fcnk\u00fc kurgunun \u00f6zg\u00fcrl\u00fc\u011f\u00fcn\u00fc ve sanatsall\u0131\u011f\u0131n\u0131 ta\u015f\u0131makta\u2026\u201d Ellen Glasgow<\/p>\n","protected":false},"excerpt":{"rendered":"<p>\u201c&#8230; g\u00fc\u00e7l\u00fc kuvvetli, enerji dolu, ya\u015fama sevinci i\u00e7inde gen\u00e7 Robert Browning bir bomba gibi patlam\u0131\u015ft\u0131 Elizabeth Barrett\u2019in sessiz hasta odas\u0131nda. \u0130ngiliz edebiyat\u0131n\u0131n en \u00fcnl\u00fc a\u015fk \u00f6yk\u00fcs\u00fcd\u00fcr<span class=\"excerpt-hellip\"> [\u2026]<\/span><\/p>\n","protected":false},"featured_media":0,"template":"","meta":{"_monsterinsights_skip_tracking":false,"_monsterinsights_sitenote_active":false,"_monsterinsights_sitenote_note":"","_monsterinsights_sitenote_category":0},"product_brand":[],"product_cat":[12291,12866],"product_tag":[],"class_list":{"0":"post-695252","1":"product","2":"type-product","3":"status-publish","5":"product_cat-edebiyat","6":"product_cat-ingiliz-edebiyati","7":"pa_cilt-ciltsiz","8":"pa_tur-kitap","9":"pa_yayinevi-iletisim-yayinlari","10":"pa_yazar-virginia-woolf","12":"first","13":"instock","14":"sale","15":"shipping-taxable","16":"purchasable","17":"product-type-simple"},"_links":{"self":[{"href":"https:\/\/roveyayinevi.com.tr\/index.php\/wp-json\/wp\/v2\/product\/695252","targetHints":{"allow":["GET"]}}],"collection":[{"href":"https:\/\/roveyayinevi.com.tr\/index.php\/wp-json\/wp\/v2\/product"}],"about":[{"href":"https:\/\/roveyayinevi.com.tr\/index.php\/wp-json\/wp\/v2\/types\/product"}],"wp:attachment":[{"href":"https:\/\/roveyayinevi.com.tr\/index.php\/wp-json\/wp\/v2\/media?parent=695252"}],"wp:term":[{"taxonomy":"product_brand","embeddable":true,"href":"https:\/\/roveyayinevi.com.tr\/index.php\/wp-json\/wp\/v2\/product_brand?post=695252"},{"taxonomy":"product_cat","embeddable":true,"href":"https:\/\/roveyayinevi.com.tr\/index.php\/wp-json\/wp\/v2\/product_cat?post=695252"},{"taxonomy":"product_tag","embeddable":true,"href":"https:\/\/roveyayinevi.com.tr\/index.php\/wp-json\/wp\/v2\/product_tag?post=695252"}],"curies":[{"name":"wp","href":"https:\/\/api.w.org\/{rel}","templated":true}]}}