{"id":695250,"date":"2025-08-27T14:27:38","date_gmt":"2025-08-27T11:27:38","guid":{"rendered":"https:\/\/roveyayinevi.com.tr\/index.php\/urun\/deniz-aslani\/"},"modified":"2026-04-16T02:05:05","modified_gmt":"2026-04-15T23:05:05","slug":"deniz-aslani","status":"publish","type":"product","link":"https:\/\/roveyayinevi.com.tr\/index.php\/urun\/deniz-aslani\/","title":{"rendered":"Deniz Aslan\u0131"},"content":{"rendered":"<p>Aziz Nesin\u2019in \u201cEmirkulu\u2019\u2019 takma ad\u0131yla yazd\u0131\u011f\u0131 Deniz Aslan\u0131 ilk kez Akbaba\u2019da yay\u0131mlanm\u0131\u015f, d\u00f6nemin en \u00f6nemli \u00e7izerlerinden Nehar T\u00fcblek taraf\u0131ndan resimlenmi\u015ftir. Elli y\u0131ll\u0131k uykusundan uyand\u0131rd\u0131\u011f\u0131m\u0131z bu \u00e7izgi-roman\u0131 yay\u0131mland\u0131\u011f\u0131 gibi, ama bask\u0131 kusurlar\u0131ndan ar\u0131nd\u0131r\u0131p y\u0131pranm\u0131\u015f yerlerini onararak sizlere sunuyoruz. Aradan ge\u00e7en y\u0131llara kar\u015f\u0131n Deniz Aslan\u0131\u2019n\u0131n de\u011ferinden bir \u015fey yitirdi\u011fini d\u00fc\u015f\u00fcnm\u00fcyoruz. \u00c7izimler h\u00e2l\u00e2 \u00f6zg\u00fcn ve gen\u00e7, \u00f6yk\u00fcler h\u00e2l\u00e2 g\u00fcncel ve komik. Sadece kahkahan\u0131n pe\u015fine d\u00fc\u015fmek de m\u00fcmk\u00fcn, d\u00f6nemin siyasal ve toplumsal arka plan\u0131n\u0131n izini s\u00fcrmek de&#8230; \ufffcTan\u0131t\u0131m Metni<\/p>\n","protected":false},"excerpt":{"rendered":"<p>Aziz Nesin\u2019in \u201cEmirkulu\u2019\u2019 takma ad\u0131yla yazd\u0131\u011f\u0131 Deniz Aslan\u0131 ilk kez Akbaba\u2019da yay\u0131mlanm\u0131\u015f, d\u00f6nemin en \u00f6nemli \u00e7izerlerinden Nehar T\u00fcblek taraf\u0131ndan resimlenmi\u015ftir. Elli y\u0131ll\u0131k uykusundan uyand\u0131rd\u0131\u011f\u0131m\u0131z bu \u00e7izgi-roman\u0131<span class=\"excerpt-hellip\"> [\u2026]<\/span><\/p>\n","protected":false},"featured_media":0,"template":"","meta":{"_monsterinsights_skip_tracking":false,"_monsterinsights_sitenote_active":false,"_monsterinsights_sitenote_note":"","_monsterinsights_sitenote_category":0},"product_brand":[],"product_cat":[12689,12274],"product_tag":[],"class_list":{"0":"post-695250","1":"product","2":"type-product","3":"status-publish","5":"product_cat-cizgi-roman-cocuk-ve-genclik-kitaplari","6":"product_cat-cocuk-ve-genclik-kitaplari","7":"pa_tur-kitap","8":"pa_yayinevi-nesin-yayinlari","9":"pa_yazar-aziz-nesin","11":"first","12":"instock","13":"sale","14":"shipping-taxable","15":"purchasable","16":"product-type-simple"},"_links":{"self":[{"href":"https:\/\/roveyayinevi.com.tr\/index.php\/wp-json\/wp\/v2\/product\/695250","targetHints":{"allow":["GET"]}}],"collection":[{"href":"https:\/\/roveyayinevi.com.tr\/index.php\/wp-json\/wp\/v2\/product"}],"about":[{"href":"https:\/\/roveyayinevi.com.tr\/index.php\/wp-json\/wp\/v2\/types\/product"}],"wp:attachment":[{"href":"https:\/\/roveyayinevi.com.tr\/index.php\/wp-json\/wp\/v2\/media?parent=695250"}],"wp:term":[{"taxonomy":"product_brand","embeddable":true,"href":"https:\/\/roveyayinevi.com.tr\/index.php\/wp-json\/wp\/v2\/product_brand?post=695250"},{"taxonomy":"product_cat","embeddable":true,"href":"https:\/\/roveyayinevi.com.tr\/index.php\/wp-json\/wp\/v2\/product_cat?post=695250"},{"taxonomy":"product_tag","embeddable":true,"href":"https:\/\/roveyayinevi.com.tr\/index.php\/wp-json\/wp\/v2\/product_tag?post=695250"}],"curies":[{"name":"wp","href":"https:\/\/api.w.org\/{rel}","templated":true}]}}