{"id":695249,"date":"2025-08-27T14:27:38","date_gmt":"2025-08-27T11:27:38","guid":{"rendered":"https:\/\/roveyayinevi.com.tr\/index.php\/urun\/kurtculuk-1787-1923\/"},"modified":"2026-04-16T02:05:05","modified_gmt":"2026-04-15T23:05:05","slug":"kurtculuk-1787-1923","status":"publish","type":"product","link":"https:\/\/roveyayinevi.com.tr\/index.php\/urun\/kurtculuk-1787-1923\/","title":{"rendered":"K\u00fcrt\u00e7\u00fcl\u00fck 1787-1923"},"content":{"rendered":"<p>T\u00fcrkiye bug\u00fcn bir K\u00fcrt\u00e7\u00fcl\u00fck sorunuyla kar\u015f\u0131 kar\u015f\u0131yad\u0131r. \u201cK\u00fcrt sorunu\u201d de\u011fil, K\u00fcrt\u00e7\u00fcl\u00fck sorunu.Kapsaml\u0131 ve k\u00f6kl\u00fc bir sorundur K\u00fcrt\u00e7\u00fcl\u00fck. \u00c7ok boyutludur. Kuzey Irak&#8217;taki, Suriye\u2019deki son geli\u015fmeler ve T\u00fcrkiye&#8217;nin Avrupa Birli\u011fi&#8217;ne kat\u0131l\u0131m s\u00fcreci K\u00fcrt\u00e7\u00fcl\u00fc\u011fe yeni boyutlar eklemektedir.K\u00fcrt\u00e7\u00fcl\u00fck, tarihimizden soyutlanamaz. Soyutlanmak istenirse do\u011fru anla\u015f\u0131lamaz.Bu kitapta K\u00fcrt\u00e7\u00fcl\u00fc\u011f\u00fc tarihimiz i\u00e7indeki yerine oturtmaya \u00e7al\u0131\u015ft\u0131k. <\/p>\n","protected":false},"excerpt":{"rendered":"<p>T\u00fcrkiye bug\u00fcn bir K\u00fcrt\u00e7\u00fcl\u00fck sorunuyla kar\u015f\u0131 kar\u015f\u0131yad\u0131r. \u201cK\u00fcrt sorunu\u201d de\u011fil, K\u00fcrt\u00e7\u00fcl\u00fck sorunu.Kapsaml\u0131 ve k\u00f6kl\u00fc bir sorundur K\u00fcrt\u00e7\u00fcl\u00fck. \u00c7ok boyutludur. Kuzey Irak&#8217;taki, Suriye\u2019deki son geli\u015fmeler ve T\u00fcrkiye&#8217;nin<span class=\"excerpt-hellip\"> [\u2026]<\/span><\/p>\n","protected":false},"featured_media":0,"template":"","meta":{"_monsterinsights_skip_tracking":false,"_monsterinsights_sitenote_active":false,"_monsterinsights_sitenote_note":"","_monsterinsights_sitenote_category":0},"product_brand":[],"product_cat":[13590,12337],"product_tag":[],"class_list":{"0":"post-695249","1":"product","2":"type-product","3":"status-publish","5":"product_cat-arastirma-inceleme-politika-siyaset","6":"product_cat-politika-siyaset","7":"pa_cilt-ciltsiz","8":"pa_tur-kitap","9":"pa_yayinevi-bilgi-yayinevi","10":"pa_yazar-bilal-n-simsir","12":"first","13":"instock","14":"sale","15":"shipping-taxable","16":"purchasable","17":"product-type-simple"},"_links":{"self":[{"href":"https:\/\/roveyayinevi.com.tr\/index.php\/wp-json\/wp\/v2\/product\/695249","targetHints":{"allow":["GET"]}}],"collection":[{"href":"https:\/\/roveyayinevi.com.tr\/index.php\/wp-json\/wp\/v2\/product"}],"about":[{"href":"https:\/\/roveyayinevi.com.tr\/index.php\/wp-json\/wp\/v2\/types\/product"}],"wp:attachment":[{"href":"https:\/\/roveyayinevi.com.tr\/index.php\/wp-json\/wp\/v2\/media?parent=695249"}],"wp:term":[{"taxonomy":"product_brand","embeddable":true,"href":"https:\/\/roveyayinevi.com.tr\/index.php\/wp-json\/wp\/v2\/product_brand?post=695249"},{"taxonomy":"product_cat","embeddable":true,"href":"https:\/\/roveyayinevi.com.tr\/index.php\/wp-json\/wp\/v2\/product_cat?post=695249"},{"taxonomy":"product_tag","embeddable":true,"href":"https:\/\/roveyayinevi.com.tr\/index.php\/wp-json\/wp\/v2\/product_tag?post=695249"}],"curies":[{"name":"wp","href":"https:\/\/api.w.org\/{rel}","templated":true}]}}