{"id":695247,"date":"2025-08-27T14:27:37","date_gmt":"2025-08-27T11:27:37","guid":{"rendered":"https:\/\/roveyayinevi.com.tr\/index.php\/urun\/turkiyede-sosyolojinin-gelisimi-ve-egilimleri\/"},"modified":"2026-04-16T02:05:05","modified_gmt":"2026-04-15T23:05:05","slug":"turkiyede-sosyolojinin-gelisimi-ve-egilimleri","status":"publish","type":"product","link":"https:\/\/roveyayinevi.com.tr\/index.php\/urun\/turkiyede-sosyolojinin-gelisimi-ve-egilimleri\/","title":{"rendered":"T\u00fcrkiye\u2019de Sosyolojinin Geli\u015fimi ve E\u011filimleri"},"content":{"rendered":"<p>\u00c7al\u0131\u015fma, yazar Recep Ercan\u2019\u0131n \u201cT\u00fcrkiye&#8217;de sosyolojinin geli\u015fmesinde dergicili\u011fin yeri ve \u00f6nemi: \u0130stanbul \u00dcniversitesi Sosyloji Dergisi\u201d ba\u015fl\u0131kl\u0131 doktora tezinin bir k\u0131sm\u0131n\u0131 olu\u015fturmaktad\u0131r ve bu haliyle yine An\u0131 Yay\u0131nc\u0131l\u0131k etiketiyle bas\u0131lan \u201cOsmanl\u0131\u2019dan Cumhuriyet\u2019e fikir dergicili\u011fi vesosyolojiye etkileri\u201d ba\u015fl\u0131kl\u0131 kitab\u0131n devam\u0131 olarak g\u00f6r\u00fclebilir.Eser, T\u00fcrkiye\u2019de sosyolojinin geli\u015fimi ve e\u011filimlerinin saptanmas\u0131 amac\u0131yla \u0130stanbul \u00dcniversitesi Sosyoloji Dergisi \u00fczerinden y\u00fcr\u00fct\u00fclen monografik bir analizin \u00fcr\u00fcn\u00fcd\u00fcr. <\/p>\n","protected":false},"excerpt":{"rendered":"<p>\u00c7al\u0131\u015fma, yazar Recep Ercan\u2019\u0131n \u201cT\u00fcrkiye&#8217;de sosyolojinin geli\u015fmesinde dergicili\u011fin yeri ve \u00f6nemi: \u0130stanbul \u00dcniversitesi Sosyloji Dergisi\u201d ba\u015fl\u0131kl\u0131 doktora tezinin bir k\u0131sm\u0131n\u0131 olu\u015fturmaktad\u0131r ve bu haliyle yine An\u0131<span class=\"excerpt-hellip\"> [\u2026]<\/span><\/p>\n","protected":false},"featured_media":0,"template":"","meta":{"_monsterinsights_skip_tracking":false,"_monsterinsights_sitenote_active":false,"_monsterinsights_sitenote_note":"","_monsterinsights_sitenote_category":0},"product_brand":[],"product_cat":[12835,12324],"product_tag":[],"class_list":{"0":"post-695247","1":"product","2":"type-product","3":"status-publish","5":"product_cat-genel-sosyoloji","6":"product_cat-sosyoloji","7":"pa_cilt-ciltsiz","8":"pa_tur-kitap","9":"pa_yayinevi-ani-yayincilik","10":"pa_yazar-recep-ercan","12":"first","13":"instock","14":"sale","15":"shipping-taxable","16":"purchasable","17":"product-type-simple"},"_links":{"self":[{"href":"https:\/\/roveyayinevi.com.tr\/index.php\/wp-json\/wp\/v2\/product\/695247","targetHints":{"allow":["GET"]}}],"collection":[{"href":"https:\/\/roveyayinevi.com.tr\/index.php\/wp-json\/wp\/v2\/product"}],"about":[{"href":"https:\/\/roveyayinevi.com.tr\/index.php\/wp-json\/wp\/v2\/types\/product"}],"wp:attachment":[{"href":"https:\/\/roveyayinevi.com.tr\/index.php\/wp-json\/wp\/v2\/media?parent=695247"}],"wp:term":[{"taxonomy":"product_brand","embeddable":true,"href":"https:\/\/roveyayinevi.com.tr\/index.php\/wp-json\/wp\/v2\/product_brand?post=695247"},{"taxonomy":"product_cat","embeddable":true,"href":"https:\/\/roveyayinevi.com.tr\/index.php\/wp-json\/wp\/v2\/product_cat?post=695247"},{"taxonomy":"product_tag","embeddable":true,"href":"https:\/\/roveyayinevi.com.tr\/index.php\/wp-json\/wp\/v2\/product_tag?post=695247"}],"curies":[{"name":"wp","href":"https:\/\/api.w.org\/{rel}","templated":true}]}}