{"id":695245,"date":"2025-08-27T14:27:37","date_gmt":"2025-08-27T11:27:37","guid":{"rendered":"https:\/\/roveyayinevi.com.tr\/index.php\/urun\/psikolojik-danismanlar-icin-psiko-egitsel-gruplar\/"},"modified":"2026-04-16T02:05:05","modified_gmt":"2026-04-15T23:05:05","slug":"psikolojik-danismanlar-icin-psiko-egitsel-gruplar","status":"publish","type":"product","link":"https:\/\/roveyayinevi.com.tr\/index.php\/urun\/psikolojik-danismanlar-icin-psiko-egitsel-gruplar\/","title":{"rendered":"Psikolojik Dan\u0131\u015fmanlar \u0130\u00e7in Psiko-E\u011fitsel Gruplar"},"content":{"rendered":"<p>&#8220;Bu kitab\u0131m\u0131n bir\u00e7ok yaz\u0131lma amac\u0131 vard\u0131r ve bunlardan en \u00f6nemlisi, grup dersi \u00f6\u011frencileri i\u00e7in bir kayna\u011fa duyulan ihtiya\u00e7t\u0131r. Bu kitap sosyal yard\u0131m \u00e7al\u0131\u015fmalar\u0131 i\u00e7in psikoe\u011fitsel gruplara odaklan\u0131rken, okul piskolojik dan\u0131\u015fmanlar\u0131, kurumsal e\u011fitimciler, alkol ve madde ba\u011f\u0131ml\u0131l\u0131\u011f\u0131 e\u011fitimci ve dan\u0131\u015fmanlar\u0131 ve yard\u0131m gruplar\u0131 organizat\u00f6rleri de bu kitab\u0131 kullan\u0131\u015fl\u0131 bulacakt\u0131r.&#8221; \ufffcTan\u0131t\u0131m Metni<\/p>\n","protected":false},"excerpt":{"rendered":"<p>&#8220;Bu kitab\u0131m\u0131n bir\u00e7ok yaz\u0131lma amac\u0131 vard\u0131r ve bunlardan en \u00f6nemlisi, grup dersi \u00f6\u011frencileri i\u00e7in bir kayna\u011fa duyulan ihtiya\u00e7t\u0131r. Bu kitap sosyal yard\u0131m \u00e7al\u0131\u015fmalar\u0131 i\u00e7in psikoe\u011fitsel gruplara<span class=\"excerpt-hellip\"> [\u2026]<\/span><\/p>\n","protected":false},"featured_media":0,"template":"","meta":{"_monsterinsights_skip_tracking":false,"_monsterinsights_sitenote_active":false,"_monsterinsights_sitenote_note":"","_monsterinsights_sitenote_category":0},"product_brand":[],"product_cat":[25175,12357],"product_tag":[],"class_list":{"0":"post-695245","1":"product","2":"type-product","3":"status-publish","5":"product_cat-egitim-psikolojisi","6":"product_cat-psikoloji","7":"pa_cilt-ciltsiz","8":"pa_tur-kitap","9":"pa_yayinevi-ani-yayincilik","10":"pa_yazar-nina-w-brown","12":"first","13":"instock","14":"sale","15":"shipping-taxable","16":"purchasable","17":"product-type-simple"},"_links":{"self":[{"href":"https:\/\/roveyayinevi.com.tr\/index.php\/wp-json\/wp\/v2\/product\/695245","targetHints":{"allow":["GET"]}}],"collection":[{"href":"https:\/\/roveyayinevi.com.tr\/index.php\/wp-json\/wp\/v2\/product"}],"about":[{"href":"https:\/\/roveyayinevi.com.tr\/index.php\/wp-json\/wp\/v2\/types\/product"}],"wp:attachment":[{"href":"https:\/\/roveyayinevi.com.tr\/index.php\/wp-json\/wp\/v2\/media?parent=695245"}],"wp:term":[{"taxonomy":"product_brand","embeddable":true,"href":"https:\/\/roveyayinevi.com.tr\/index.php\/wp-json\/wp\/v2\/product_brand?post=695245"},{"taxonomy":"product_cat","embeddable":true,"href":"https:\/\/roveyayinevi.com.tr\/index.php\/wp-json\/wp\/v2\/product_cat?post=695245"},{"taxonomy":"product_tag","embeddable":true,"href":"https:\/\/roveyayinevi.com.tr\/index.php\/wp-json\/wp\/v2\/product_tag?post=695245"}],"curies":[{"name":"wp","href":"https:\/\/api.w.org\/{rel}","templated":true}]}}