{"id":695236,"date":"2025-08-27T14:27:34","date_gmt":"2025-08-27T11:27:34","guid":{"rendered":"https:\/\/roveyayinevi.com.tr\/index.php\/urun\/efendimizden-dualar\/"},"modified":"2025-11-22T02:39:52","modified_gmt":"2025-11-21T23:39:52","slug":"efendimizden-dualar","status":"publish","type":"product","link":"https:\/\/roveyayinevi.com.tr\/index.php\/urun\/efendimizden-dualar\/","title":{"rendered":"Efendimiz\u2019den Dualar"},"content":{"rendered":"<p>Damla damla d\u00f6k\u00fclen g\u00f6zya\u015flar\u0131, Ad\u0131m. ad\u0131m huzura y\u00f6neli\u015f. Ve dalga dalga y\u00fckselen bir nida&#8230;  Dua edin kabul edeyim.   S\u00fcheyl Se\u00e7kino\u011flu\u2018nun yay\u0131na haz\u0131rlad\u0131\u011f\u0131 Efendimiz\u2018den Dualar, en g\u00fczel dua metinlerini \u2018Allah\u2018 ve \u2018Resul\u2018un\u00fc dilinden bizlere aktar\u0131yor. Adem\u2018den \u00e2leme b\u00fct\u00fcn k\u00e2inat\u0131n dilinden d\u00f6k\u00fclen ve yeniden hayat bulaca\u011f\u0131m\u0131z c\u00fcmleler. Yarat\u0131c\u0131yla ba\u011f\u0131m\u0131z\u0131 in\u015fa edecek sat\u0131rlar, Hz. Peygamber\u2018in dua iklimine yapaca\u011f\u0131m\u0131z benzersiz bir yolculuk&#8230; Rahmet ya\u011fmurlar\u0131ndan nasiplenmek isteyenler i\u00e7in&#8230; <\/p>\n","protected":false},"excerpt":{"rendered":"<p>Damla damla d\u00f6k\u00fclen g\u00f6zya\u015flar\u0131, Ad\u0131m. ad\u0131m huzura y\u00f6neli\u015f. Ve dalga dalga y\u00fckselen bir nida&#8230; Dua edin kabul edeyim. S\u00fcheyl Se\u00e7kino\u011flu\u2018nun yay\u0131na haz\u0131rlad\u0131\u011f\u0131 Efendimiz\u2018den Dualar, en g\u00fczel<span class=\"excerpt-hellip\"> [\u2026]<\/span><\/p>\n","protected":false},"featured_media":0,"template":"","meta":{"_monsterinsights_skip_tracking":false,"_monsterinsights_sitenote_active":false,"_monsterinsights_sitenote_note":"","_monsterinsights_sitenote_category":0},"product_brand":[],"product_cat":[16789,12718,12719],"product_tag":[],"class_list":{"0":"post-695236","1":"product","2":"type-product","3":"status-publish","5":"product_cat-diger-islam","6":"product_cat-din","7":"product_cat-islam","8":"pa_tur-kitap","9":"pa_yayinevi-timas-yayinlari","10":"pa_yazar-suheyl-seckinoglu","12":"first","13":"instock","14":"sale","15":"shipping-taxable","16":"purchasable","17":"product-type-simple"},"_links":{"self":[{"href":"https:\/\/roveyayinevi.com.tr\/index.php\/wp-json\/wp\/v2\/product\/695236","targetHints":{"allow":["GET"]}}],"collection":[{"href":"https:\/\/roveyayinevi.com.tr\/index.php\/wp-json\/wp\/v2\/product"}],"about":[{"href":"https:\/\/roveyayinevi.com.tr\/index.php\/wp-json\/wp\/v2\/types\/product"}],"wp:attachment":[{"href":"https:\/\/roveyayinevi.com.tr\/index.php\/wp-json\/wp\/v2\/media?parent=695236"}],"wp:term":[{"taxonomy":"product_brand","embeddable":true,"href":"https:\/\/roveyayinevi.com.tr\/index.php\/wp-json\/wp\/v2\/product_brand?post=695236"},{"taxonomy":"product_cat","embeddable":true,"href":"https:\/\/roveyayinevi.com.tr\/index.php\/wp-json\/wp\/v2\/product_cat?post=695236"},{"taxonomy":"product_tag","embeddable":true,"href":"https:\/\/roveyayinevi.com.tr\/index.php\/wp-json\/wp\/v2\/product_tag?post=695236"}],"curies":[{"name":"wp","href":"https:\/\/api.w.org\/{rel}","templated":true}]}}