{"id":695235,"date":"2025-08-27T14:26:46","date_gmt":"2025-08-27T11:26:46","guid":{"rendered":"https:\/\/roveyayinevi.com.tr\/index.php\/urun\/ada-ya-da-arzu-bir-aile-tarihcesi\/"},"modified":"2026-04-16T02:05:05","modified_gmt":"2026-04-15T23:05:05","slug":"ada-ya-da-arzu-bir-aile-tarihcesi","status":"publish","type":"product","link":"https:\/\/roveyayinevi.com.tr\/index.php\/urun\/ada-ya-da-arzu-bir-aile-tarihcesi\/","title":{"rendered":"Ada ya da Arzu: Bir Aile Tarih\u00e7esi"},"content":{"rendered":"<p>Ada, Ado\u00e7ka, Du\u015fka! Vaniada, Nevada, Theresa! Voltemand, Vask\u00f6 d\u00f6 Gama! Vani\u00e7ka, Adalucinda! Vandemonian, Ladore! Adore, Ada, Hades! Ada ya da Arzu\u2019da Nabokov okura, haf\u0131zam\u0131z sayesinde \u00e7ocuklu\u011fumuzu ya da arkada b\u0131rakt\u0131\u011f\u0131m\u0131z \u2018alt\u0131n \u00e7a\u011f\u0131\u2019 yan\u0131m\u0131zda ta\u015f\u0131yabilece\u011fimizi hat\u0131rlat\u0131r. Bu bilinen, basit d\u00fc\u015f\u00fcnceyi Nabokov ola\u011fan\u00fcst\u00fc bir \u015fiirsellik ve \u015fimdi ile ge\u00e7mi\u015fi ayn\u0131 anda ayn\u0131 c\u00fcmlede ya\u015fatabilme gayretiyle ayakta tutar. (\u2026) Lolita\u2019n\u0131n Humbert Humbert\u2019inin cenneti bir \u00e7ocu\u011fun a\u015fk\u0131nda ya\u015famas\u0131 gibi Van ile Ada da \u00e7ocukluk a\u015fklar\u0131n\u0131 b\u00fct\u00fcn hayatlar\u0131na yayarak cennette ya\u015famak isterler. Nabokov, ters, zarif ve \u00e7ok iddial\u0131 bir taklayla \u00e7ocuklu\u011fu ya\u015fl\u0131l\u0131\u011fa ta\u015f\u0131may\u0131 denemi\u015ftir burada. Bu alt\u0131n \u00e7a\u011f\u0131 ya\u015fad\u0131\u011f\u0131 g\u00fcnde ne Amerika\u2019da ne de Rusya\u2019da ya\u015fatamayaca\u011f\u0131n\u0131 bildi\u011fi i\u00e7in Nabokov bu iki \u00fclkenin hat\u0131ralar\u0131ndan \u00fc\u00e7\u00fcnc\u00fc bir hayal \u00fclke, edebi bir cennet yaratm\u0131\u015ft\u0131r (\u2026) Ada ya da Arzu\u2019da Nabokov\u2019un b\u00fct\u00fcn \u015fakalar\u0131, ayk\u0131r\u0131l\u0131klar\u0131 ve tuhaf g\u00fczelli\u011fiyle T\u00fcrk\u00e7e konu\u015ftu\u011funu hayranl\u0131kla g\u00f6r\u00fcyoruz. ORHAN PAMUK<\/p>\n","protected":false},"excerpt":{"rendered":"<p>Ada, Ado\u00e7ka, Du\u015fka! Vaniada, Nevada, Theresa! Voltemand, Vask\u00f6 d\u00f6 Gama! Vani\u00e7ka, Adalucinda! Vandemonian, Ladore! Adore, Ada, Hades! Ada ya da Arzu\u2019da Nabokov okura, haf\u0131zam\u0131z sayesinde \u00e7ocuklu\u011fumuzu<span class=\"excerpt-hellip\"> [\u2026]<\/span><\/p>\n","protected":false},"featured_media":0,"template":"","meta":{"_monsterinsights_skip_tracking":false,"_monsterinsights_sitenote_active":false,"_monsterinsights_sitenote_note":"","_monsterinsights_sitenote_category":0},"product_brand":[],"product_cat":[12891,12291],"product_tag":[],"class_list":{"0":"post-695235","1":"product","2":"type-product","3":"status-publish","5":"product_cat-amerikan-edebiyati","6":"product_cat-edebiyat","7":"pa_cilt-ciltsiz","8":"pa_tur-kitap","9":"pa_yayinevi-iletisim-yayinlari","10":"pa_yazar-vladimir-nabokov","12":"first","13":"instock","14":"sale","15":"shipping-taxable","16":"purchasable","17":"product-type-simple"},"_links":{"self":[{"href":"https:\/\/roveyayinevi.com.tr\/index.php\/wp-json\/wp\/v2\/product\/695235","targetHints":{"allow":["GET"]}}],"collection":[{"href":"https:\/\/roveyayinevi.com.tr\/index.php\/wp-json\/wp\/v2\/product"}],"about":[{"href":"https:\/\/roveyayinevi.com.tr\/index.php\/wp-json\/wp\/v2\/types\/product"}],"wp:attachment":[{"href":"https:\/\/roveyayinevi.com.tr\/index.php\/wp-json\/wp\/v2\/media?parent=695235"}],"wp:term":[{"taxonomy":"product_brand","embeddable":true,"href":"https:\/\/roveyayinevi.com.tr\/index.php\/wp-json\/wp\/v2\/product_brand?post=695235"},{"taxonomy":"product_cat","embeddable":true,"href":"https:\/\/roveyayinevi.com.tr\/index.php\/wp-json\/wp\/v2\/product_cat?post=695235"},{"taxonomy":"product_tag","embeddable":true,"href":"https:\/\/roveyayinevi.com.tr\/index.php\/wp-json\/wp\/v2\/product_tag?post=695235"}],"curies":[{"name":"wp","href":"https:\/\/api.w.org\/{rel}","templated":true}]}}