{"id":695234,"date":"2025-08-27T14:26:45","date_gmt":"2025-08-27T11:26:45","guid":{"rendered":"https:\/\/roveyayinevi.com.tr\/index.php\/urun\/can-senligi\/"},"modified":"2026-04-16T02:05:05","modified_gmt":"2026-04-15T23:05:05","slug":"can-senligi","status":"publish","type":"product","link":"https:\/\/roveyayinevi.com.tr\/index.php\/urun\/can-senligi\/","title":{"rendered":"Can \u015eenli\u011fi"},"content":{"rendered":"<p>1975 Madaral\u0131 Roman \u00d6d\u00fcl\u00fc\u2019ne lay\u0131k g\u00f6r\u00fclen bu eser Abbas Sayar\u2019\u0131n \u00fc\u00e7\u00fcnc\u00fc roman\u0131d\u0131r. Romanda, e\u015fe\u011fiyle y\u00fck ta\u015f\u0131y\u0131c\u0131l\u0131\u011f\u0131 yapan ya\u015fl\u0131 H\u00fcseyin A\u011fa\u2019n\u0131n yeni kar\u0131s\u0131 taraf\u0131ndan horlanmas\u0131 ve ya\u015fama sevincini yitirmesi anlat\u0131l\u0131r. \u201cO\u011flan oynam\u0131\u015f oyuna gitmi\u015f, \u00e7oban oynam\u0131\u015f koyuna gitmi\u015f&#8230; 80 ya\u015f\u0131ndaki H\u00fcseyin A\u011fa ba\u011f\u0131m\u0131n bek\u00e7isi oldu. Ba\u011fa gitti\u011fim bir g\u00fcn: &#8211; Efend\u00e2, ha\u015favuzdan (ha\u015fa huzurdan) bana bir golik alsana&#8230;- Bu da\u011f yerinde ne gere\u011fi var, ne yapacaks\u0131n merkebi? dedim. &#8211; Ne yapacaks\u0131n olur mu efend\u00e2! Ne yapacaks\u0131n olur mu! He\u00e7 yoksa adama can \u015fenli\u011fi olur. \u0130\u015fte bu yan\u0131t, i\u00e7imdeki y\u0131k\u0131m\u0131n ve Can \u015eenli\u011fi roman\u0131m\u0131n ilk noktas\u0131 oldu.\u201d<\/p>\n","protected":false},"excerpt":{"rendered":"<p>1975 Madaral\u0131 Roman \u00d6d\u00fcl\u00fc\u2019ne lay\u0131k g\u00f6r\u00fclen bu eser Abbas Sayar\u2019\u0131n \u00fc\u00e7\u00fcnc\u00fc roman\u0131d\u0131r. Romanda, e\u015fe\u011fiyle y\u00fck ta\u015f\u0131y\u0131c\u0131l\u0131\u011f\u0131 yapan ya\u015fl\u0131 H\u00fcseyin A\u011fa\u2019n\u0131n yeni kar\u0131s\u0131 taraf\u0131ndan horlanmas\u0131 ve ya\u015fama<span class=\"excerpt-hellip\"> [\u2026]<\/span><\/p>\n","protected":false},"featured_media":0,"template":"","meta":{"_monsterinsights_skip_tracking":false,"_monsterinsights_sitenote_active":false,"_monsterinsights_sitenote_note":"","_monsterinsights_sitenote_category":0},"product_brand":[],"product_cat":[12364],"product_tag":[],"class_list":{"0":"post-695234","1":"product","2":"type-product","3":"status-publish","5":"product_cat-genel-konular","6":"pa_tur-kitap","7":"pa_yayinevi-otuken-nesriyat","8":"pa_yazar-abbas-sayar","10":"first","11":"instock","12":"sale","13":"shipping-taxable","14":"purchasable","15":"product-type-simple"},"_links":{"self":[{"href":"https:\/\/roveyayinevi.com.tr\/index.php\/wp-json\/wp\/v2\/product\/695234","targetHints":{"allow":["GET"]}}],"collection":[{"href":"https:\/\/roveyayinevi.com.tr\/index.php\/wp-json\/wp\/v2\/product"}],"about":[{"href":"https:\/\/roveyayinevi.com.tr\/index.php\/wp-json\/wp\/v2\/types\/product"}],"wp:attachment":[{"href":"https:\/\/roveyayinevi.com.tr\/index.php\/wp-json\/wp\/v2\/media?parent=695234"}],"wp:term":[{"taxonomy":"product_brand","embeddable":true,"href":"https:\/\/roveyayinevi.com.tr\/index.php\/wp-json\/wp\/v2\/product_brand?post=695234"},{"taxonomy":"product_cat","embeddable":true,"href":"https:\/\/roveyayinevi.com.tr\/index.php\/wp-json\/wp\/v2\/product_cat?post=695234"},{"taxonomy":"product_tag","embeddable":true,"href":"https:\/\/roveyayinevi.com.tr\/index.php\/wp-json\/wp\/v2\/product_tag?post=695234"}],"curies":[{"name":"wp","href":"https:\/\/api.w.org\/{rel}","templated":true}]}}