{"id":695228,"date":"2025-08-27T14:26:44","date_gmt":"2025-08-27T11:26:44","guid":{"rendered":"https:\/\/roveyayinevi.com.tr\/index.php\/urun\/varolus-ve-roman\/"},"modified":"2026-04-16T02:05:05","modified_gmt":"2026-04-15T23:05:05","slug":"varolus-ve-roman","status":"publish","type":"product","link":"https:\/\/roveyayinevi.com.tr\/index.php\/urun\/varolus-ve-roman\/","title":{"rendered":"Varolu\u015f ve Roman"},"content":{"rendered":"<p>Varolu\u015f ve Roman, sanat ve d\u00fc\u015f\u00fcncenin insan\u0131n varolu\u015f sorgulamas\u0131na yapt\u0131\u011f\u0131 katk\u0131lardan m\u00fclhem yaz\u0131lm\u0131\u015ft\u0131r. Kitap \u00f6ncesindeki ontolojik d\u00fc\u015f\u00fcnsel olu\u015fumlara yer vererek varolu\u015f\u00e7u felsefeyi tan\u0131tm\u0131\u015f; bu felsefeden do\u011fan ya da beslenen romanlar\u0131n benzerliklerini ortaya koymu\u015f; son a\u015famada G\u00fcrsel Korat&#8217;\u0131n tarihsel d\u00fczlemli romanlar\u0131n\u0131 varolu\u015f\u00e7u roman\u0131n nitelikleri ekseninde tart\u0131\u015fm\u0131\u015ft\u0131r. \ufffcTan\u0131t\u0131m Metni<\/p>\n","protected":false},"excerpt":{"rendered":"<p>Varolu\u015f ve Roman, sanat ve d\u00fc\u015f\u00fcncenin insan\u0131n varolu\u015f sorgulamas\u0131na yapt\u0131\u011f\u0131 katk\u0131lardan m\u00fclhem yaz\u0131lm\u0131\u015ft\u0131r. Kitap \u00f6ncesindeki ontolojik d\u00fc\u015f\u00fcnsel olu\u015fumlara yer vererek varolu\u015f\u00e7u felsefeyi tan\u0131tm\u0131\u015f; bu felsefeden do\u011fan<span class=\"excerpt-hellip\"> [\u2026]<\/span><\/p>\n","protected":false},"featured_media":0,"template":"","meta":{"_monsterinsights_skip_tracking":false,"_monsterinsights_sitenote_active":false,"_monsterinsights_sitenote_note":"","_monsterinsights_sitenote_category":0},"product_brand":[],"product_cat":[12777,12291],"product_tag":[],"class_list":{"0":"post-695228","1":"product","2":"type-product","3":"status-publish","5":"product_cat-deneme","6":"product_cat-edebiyat","7":"pa_cilt-ciltsiz","8":"pa_tur-kitap","9":"pa_yayinevi-ani-yayincilik","10":"pa_yazar-tugba-celik","12":"first","13":"instock","14":"sale","15":"shipping-taxable","16":"purchasable","17":"product-type-simple"},"_links":{"self":[{"href":"https:\/\/roveyayinevi.com.tr\/index.php\/wp-json\/wp\/v2\/product\/695228","targetHints":{"allow":["GET"]}}],"collection":[{"href":"https:\/\/roveyayinevi.com.tr\/index.php\/wp-json\/wp\/v2\/product"}],"about":[{"href":"https:\/\/roveyayinevi.com.tr\/index.php\/wp-json\/wp\/v2\/types\/product"}],"wp:attachment":[{"href":"https:\/\/roveyayinevi.com.tr\/index.php\/wp-json\/wp\/v2\/media?parent=695228"}],"wp:term":[{"taxonomy":"product_brand","embeddable":true,"href":"https:\/\/roveyayinevi.com.tr\/index.php\/wp-json\/wp\/v2\/product_brand?post=695228"},{"taxonomy":"product_cat","embeddable":true,"href":"https:\/\/roveyayinevi.com.tr\/index.php\/wp-json\/wp\/v2\/product_cat?post=695228"},{"taxonomy":"product_tag","embeddable":true,"href":"https:\/\/roveyayinevi.com.tr\/index.php\/wp-json\/wp\/v2\/product_tag?post=695228"}],"curies":[{"name":"wp","href":"https:\/\/api.w.org\/{rel}","templated":true}]}}