{"id":695222,"date":"2025-08-27T14:26:42","date_gmt":"2025-08-27T11:26:42","guid":{"rendered":"https:\/\/roveyayinevi.com.tr\/index.php\/urun\/devrim-provalari\/"},"modified":"2026-04-16T02:05:04","modified_gmt":"2026-04-15T23:05:04","slug":"devrim-provalari","status":"publish","type":"product","link":"https:\/\/roveyayinevi.com.tr\/index.php\/urun\/devrim-provalari\/","title":{"rendered":"Devrim Provalar\u0131"},"content":{"rendered":"<p>Bu kitapta, i\u015f\u00e7i s\u0131n\u0131f\u0131n\u0131n son yar\u0131m y\u00fczy\u0131lda ortaya koydu\u011fu b\u00fcy\u00fck m\u00fccadelelerden en \u00f6nemlileri ele al\u0131n\u0131yor. Fransa 1968: Milyonlarca i\u015f\u00e7iyi kucaklayan genel grev ve fabrika i\u015fgalleri\u2026 \u015eili 1972: Halk Cephesi h\u00fck\u00fcmetini savunan i\u015f\u00e7iler i\u015f\u00e7i konseyleri kurdular ve \u00fcretim \u00fczerinde denetim talep ettiler\u2026 Portekiz 1974-75: Karac\u0131 subaylar, diktat\u00f6r Caetano&#8217;yu devirdi ve 18 ayd\u0131r s\u00fcren halk kabar\u0131\u015f\u0131n\u0131n \u00f6n\u00fcn\u00fc a\u00e7t\u0131. \u0130ran 1979: Bask\u0131c\u0131 \u015eah rejimi devrildi ve i\u015f\u00e7iler ba\u011f\u0131ms\u0131z konseyler (\u015f\u00fbralar) kurdular&#8230; 1980\u20131981 aras\u0131nda Polonya&#8217;daki Dayan\u0131\u015fma hareketi i\u015f\u00e7i s\u0131n\u0131f\u0131 yarat\u0131c\u0131l\u0131\u011f\u0131n\u0131 ve demokrasisini ortaya koydu. Bu m\u00fccadeleler nihai hedeflerine ula\u015famad\u0131, ama her biri, sosyalizm m\u00fccadelesi i\u00e7in \u00f6nemli dersler sa\u011flayan &#8220;devrim provalar\u0131&#8221; olarak toplumsal de\u011fi\u015fimin motor g\u00fcc\u00fcn\u00fcn i\u015f\u00e7i s\u0131n\u0131f\u0131 oldu\u011funu pratikte ortaya koydu. Yeni m\u00fccadeleler i\u00e7in zengin dersler i\u00e7eren bu m\u00fccadeleler, esin ve cesaret kayna\u011f\u0131 olmaya devam ediyor. <\/p>\n","protected":false},"excerpt":{"rendered":"<p>Bu kitapta, i\u015f\u00e7i s\u0131n\u0131f\u0131n\u0131n son yar\u0131m y\u00fczy\u0131lda ortaya koydu\u011fu b\u00fcy\u00fck m\u00fccadelelerden en \u00f6nemlileri ele al\u0131n\u0131yor. Fransa 1968: Milyonlarca i\u015f\u00e7iyi kucaklayan genel grev ve fabrika i\u015fgalleri\u2026 \u015eili<span class=\"excerpt-hellip\"> [\u2026]<\/span><\/p>\n","protected":false},"featured_media":0,"template":"","meta":{"_monsterinsights_skip_tracking":false,"_monsterinsights_sitenote_active":false,"_monsterinsights_sitenote_note":"","_monsterinsights_sitenote_category":0},"product_brand":[],"product_cat":[12312,12304],"product_tag":[],"class_list":{"0":"post-695222","1":"product","2":"type-product","3":"status-publish","5":"product_cat-diger","6":"product_cat-tarih","7":"pa_cilt-ciltsiz","8":"pa_tur-kitap","9":"pa_yayinevi-yordam-kitap","10":"pa_yazar-colin-barker","12":"first","13":"instock","14":"sale","15":"shipping-taxable","16":"purchasable","17":"product-type-simple"},"_links":{"self":[{"href":"https:\/\/roveyayinevi.com.tr\/index.php\/wp-json\/wp\/v2\/product\/695222","targetHints":{"allow":["GET"]}}],"collection":[{"href":"https:\/\/roveyayinevi.com.tr\/index.php\/wp-json\/wp\/v2\/product"}],"about":[{"href":"https:\/\/roveyayinevi.com.tr\/index.php\/wp-json\/wp\/v2\/types\/product"}],"wp:attachment":[{"href":"https:\/\/roveyayinevi.com.tr\/index.php\/wp-json\/wp\/v2\/media?parent=695222"}],"wp:term":[{"taxonomy":"product_brand","embeddable":true,"href":"https:\/\/roveyayinevi.com.tr\/index.php\/wp-json\/wp\/v2\/product_brand?post=695222"},{"taxonomy":"product_cat","embeddable":true,"href":"https:\/\/roveyayinevi.com.tr\/index.php\/wp-json\/wp\/v2\/product_cat?post=695222"},{"taxonomy":"product_tag","embeddable":true,"href":"https:\/\/roveyayinevi.com.tr\/index.php\/wp-json\/wp\/v2\/product_tag?post=695222"}],"curies":[{"name":"wp","href":"https:\/\/api.w.org\/{rel}","templated":true}]}}