{"id":695221,"date":"2025-08-27T14:26:42","date_gmt":"2025-08-27T11:26:42","guid":{"rendered":"https:\/\/roveyayinevi.com.tr\/index.php\/urun\/diyalektigin-dansi\/"},"modified":"2026-04-16T02:05:04","modified_gmt":"2026-04-15T23:05:04","slug":"diyalektigin-dansi","status":"publish","type":"product","link":"https:\/\/roveyayinevi.com.tr\/index.php\/urun\/diyalektigin-dansi\/","title":{"rendered":"Diyalekti\u011fin Dans\u0131"},"content":{"rendered":"<p>Kapitalizm \u00fczerine fikir y\u00fcr\u00fcten \u00e7o\u011fu d\u00fc\u015f\u00fcn\u00fcr\u00fcn g\u00f6r\u00fcnt\u00fclere tak\u0131l\u0131p kalmas\u0131na kar\u015f\u0131l\u0131k Marx\u2019\u0131n t\u00fcm \u00fcst\u00fc \u00f6rt\u00fck ili\u015fkileri kavramas\u0131n\u0131 sa\u011flayan \u015fey, onun diyalektik y\u00f6ntemidir. Bertell Ollman bu kitapta Marksizmde vazge\u00e7ilmez bir rol \u00fcstlenen diyalekti\u011fin Marx\u2019\u0131n kendi eserlerinde nas\u0131l \u00e7al\u0131\u015ft\u0131r\u0131ld\u0131\u011f\u0131n\u0131 ve bug\u00fcn d\u00fcnyay\u0131 anlamak ve de\u011fi\u015ftirmek i\u00e7in bizim diyalekti\u011fin \u0131\u015f\u0131\u011f\u0131nda inceliyor. K\u0131sacas\u0131 Ollman\u2019\u0131n yapt\u0131\u011f\u0131 \u015fey Marx\u2019\u0131n d\u00fc\u015f\u00fcnsel d\u00fcnyas\u0131n\u0131n Marksist analizidir. Marx kapitalizmi anlamak. Ollman da Marx\u2019\u0131 anlamak i\u00e7in diyalekti\u011fin dans\u0131ndaki ad\u0131mlar\u0131 takip eder. \ufffc<\/p>\n","protected":false},"excerpt":{"rendered":"<p>Kapitalizm \u00fczerine fikir y\u00fcr\u00fcten \u00e7o\u011fu d\u00fc\u015f\u00fcn\u00fcr\u00fcn g\u00f6r\u00fcnt\u00fclere tak\u0131l\u0131p kalmas\u0131na kar\u015f\u0131l\u0131k Marx\u2019\u0131n t\u00fcm \u00fcst\u00fc \u00f6rt\u00fck ili\u015fkileri kavramas\u0131n\u0131 sa\u011flayan \u015fey, onun diyalektik y\u00f6ntemidir. Bertell Ollman bu kitapta Marksizmde<span class=\"excerpt-hellip\"> [\u2026]<\/span><\/p>\n","protected":false},"featured_media":0,"template":"","meta":{"_monsterinsights_skip_tracking":false,"_monsterinsights_sitenote_active":false,"_monsterinsights_sitenote_note":"","_monsterinsights_sitenote_category":0},"product_brand":[],"product_cat":[12388,15309],"product_tag":[],"class_list":{"0":"post-695221","1":"product","2":"type-product","3":"status-publish","5":"product_cat-felsefe","6":"product_cat-felsefi-akimlar","7":"pa_cilt-ciltsiz","8":"pa_tur-kitap","9":"pa_yayinevi-yordam-kitap","10":"pa_yazar-bertell-ollman","12":"first","13":"instock","14":"sale","15":"shipping-taxable","16":"purchasable","17":"product-type-simple"},"_links":{"self":[{"href":"https:\/\/roveyayinevi.com.tr\/index.php\/wp-json\/wp\/v2\/product\/695221","targetHints":{"allow":["GET"]}}],"collection":[{"href":"https:\/\/roveyayinevi.com.tr\/index.php\/wp-json\/wp\/v2\/product"}],"about":[{"href":"https:\/\/roveyayinevi.com.tr\/index.php\/wp-json\/wp\/v2\/types\/product"}],"wp:attachment":[{"href":"https:\/\/roveyayinevi.com.tr\/index.php\/wp-json\/wp\/v2\/media?parent=695221"}],"wp:term":[{"taxonomy":"product_brand","embeddable":true,"href":"https:\/\/roveyayinevi.com.tr\/index.php\/wp-json\/wp\/v2\/product_brand?post=695221"},{"taxonomy":"product_cat","embeddable":true,"href":"https:\/\/roveyayinevi.com.tr\/index.php\/wp-json\/wp\/v2\/product_cat?post=695221"},{"taxonomy":"product_tag","embeddable":true,"href":"https:\/\/roveyayinevi.com.tr\/index.php\/wp-json\/wp\/v2\/product_tag?post=695221"}],"curies":[{"name":"wp","href":"https:\/\/api.w.org\/{rel}","templated":true}]}}