{"id":695219,"date":"2025-08-27T14:26:42","date_gmt":"2025-08-27T11:26:42","guid":{"rendered":"https:\/\/roveyayinevi.com.tr\/index.php\/urun\/kayi-4-ufuklarin-padisahi-kanuni\/"},"modified":"2026-04-16T02:05:04","modified_gmt":"2026-04-15T23:05:04","slug":"kayi-4-ufuklarin-padisahi-kanuni","status":"publish","type":"product","link":"https:\/\/roveyayinevi.com.tr\/index.php\/urun\/kayi-4-ufuklarin-padisahi-kanuni\/","title":{"rendered":"Kay\u0131 4 &#8211; Ufuklar\u0131n Padi\u015fah\u0131: Kanuni"},"content":{"rendered":"<p>M\u00fclk \u00fc d\u00fcnya kimseye baki de\u011fil, ak\u0131bet berbad olur Ey Muhibbi, \u015f\u00f6yle farz et kim S\u00fcleyman olmu\u015fuzKanuni Sultan S\u00fcleymanO, dinin sultan\u0131d\u0131r!Din saray\u0131, sancaklar\u0131n\u0131n ve s\u00fcng\u00fcs\u00fcn\u00fcn direk olmas\u0131yla sa\u011flamla\u015fm\u0131\u015ft\u0131r.O, sava\u015f\u0131n sultan\u0131d\u0131r!Ne tarafa y\u00f6nelse fetih ve zafer onunla birliktedir. Yabanc\u0131 \u00fclkeler sanca\u011f\u0131n\u0131n dinlenme alan\u0131d\u0131r.O, g\u00fczel ahlak\u0131n sultan\u0131d\u0131r! C\u00f6mertlik, cesaret, olgunluk gibi t\u00fcm iyiliklerin kayna\u011f\u0131d\u0131r.O, imar\u0131n sultan\u0131d\u0131r!G\u00fcc\u00fcn\u00fcn ve h\u00e2kimiyetinin \u00e2bidesi S\u00fcleymaniye; zarafetin ve esteti\u011fin tasavvur harikas\u0131d\u0131r.O, adaletin sultan\u0131d\u0131r!Devletinin bahar\u0131 d\u00fcnyay\u0131 ayd\u0131nlatmaya ba\u015flamas\u0131yla birlikte, g\u00fcl bile dikenden cevr \u00fc cefa g\u00f6rmemi\u015ftir.O, \u015fiirin sultan\u0131d\u0131r!Kendi ifadesiyle: \u201cHer ne gazel ki s\u00f6yleye hep \u00e2\u015f\u0131k\u00e2nedir\u201dO, a\u015fk\u0131n sultan\u0131d\u0131r!Kahramanlar k\u0131l\u0131\u00e7 \u015fak\u0131rt\u0131lar\u0131ndan haz duyarlar. O, ger\u00e7ek a\u015fk\u0131na Sigetvar \u00f6nlerinde top sesleri ve tevhid naralar\u0131 aras\u0131nda kavu\u015ftu.Yeti\u015ftirdi\u011fi y\u00fczlerce tarih\u00e7iyle birlikte yapt\u0131\u011f\u0131 televizyon programlar\u0131yla herkese tarihi sevdiren Prof. Dr. Ahmet \u015eim\u015firgil, KAYI IV: Ufuklar\u0131n Padi\u015fah\u0131 Kanuni kitab\u0131yla; yedi iklim padi\u015fah\u0131 Kanuni Sultan S\u00fcleyman\u2019\u0131 her y\u00f6n\u00fcyle anlat\u0131yor\u2026<\/p>\n","protected":false},"excerpt":{"rendered":"<p>M\u00fclk \u00fc d\u00fcnya kimseye baki de\u011fil, ak\u0131bet berbad olur Ey Muhibbi, \u015f\u00f6yle farz et kim S\u00fcleyman olmu\u015fuzKanuni Sultan S\u00fcleymanO, dinin sultan\u0131d\u0131r!Din saray\u0131, sancaklar\u0131n\u0131n ve s\u00fcng\u00fcs\u00fcn\u00fcn direk<span class=\"excerpt-hellip\"> [\u2026]<\/span><\/p>\n","protected":false},"featured_media":0,"template":"","meta":{"_monsterinsights_skip_tracking":false,"_monsterinsights_sitenote_active":false,"_monsterinsights_sitenote_note":"","_monsterinsights_sitenote_category":0},"product_brand":[],"product_cat":[13517,12304],"product_tag":[],"class_list":{"0":"post-695219","1":"product","2":"type-product","3":"status-publish","5":"product_cat-osmanli-tarihi","6":"product_cat-tarih","7":"pa_cilt-ciltsiz","8":"pa_tur-kitap","9":"pa_yayinevi-timas-yayinlari","10":"pa_yazar-ahmet-simsirgil","12":"first","13":"instock","14":"sale","15":"shipping-taxable","16":"purchasable","17":"product-type-simple"},"_links":{"self":[{"href":"https:\/\/roveyayinevi.com.tr\/index.php\/wp-json\/wp\/v2\/product\/695219","targetHints":{"allow":["GET"]}}],"collection":[{"href":"https:\/\/roveyayinevi.com.tr\/index.php\/wp-json\/wp\/v2\/product"}],"about":[{"href":"https:\/\/roveyayinevi.com.tr\/index.php\/wp-json\/wp\/v2\/types\/product"}],"wp:attachment":[{"href":"https:\/\/roveyayinevi.com.tr\/index.php\/wp-json\/wp\/v2\/media?parent=695219"}],"wp:term":[{"taxonomy":"product_brand","embeddable":true,"href":"https:\/\/roveyayinevi.com.tr\/index.php\/wp-json\/wp\/v2\/product_brand?post=695219"},{"taxonomy":"product_cat","embeddable":true,"href":"https:\/\/roveyayinevi.com.tr\/index.php\/wp-json\/wp\/v2\/product_cat?post=695219"},{"taxonomy":"product_tag","embeddable":true,"href":"https:\/\/roveyayinevi.com.tr\/index.php\/wp-json\/wp\/v2\/product_tag?post=695219"}],"curies":[{"name":"wp","href":"https:\/\/api.w.org\/{rel}","templated":true}]}}